{"id":2223,"date":"2022-11-08T10:35:36","date_gmt":"2022-11-08T09:35:36","guid":{"rendered":"https:\/\/upa-pack.de\/produkte\/"},"modified":"2025-11-25T10:26:48","modified_gmt":"2025-11-25T09:26:48","slug":"producten","status":"publish","type":"page","link":"https:\/\/upa-pack.de\/nl\/producten\/","title":{"rendered":"Producten"},"content":{"rendered":"\n\n\t\t\t<p>VERTROUW OP ONZE PRODUCTEN<\/p>\n\t<h1>\n\t\t\t\tKARTONNEN HOEKPROFIELEN, KARTONNEN KOKERS\/HULZEN EN MEER\n\t\t\t<\/h1>\n\t\t\t<p>PAPIER IN TOPVORM<\/p>\n\t<h2>\n\t\t\t\tVoor optimale bescherming\n\t\t\t<\/h2>\n\t\t\t\t<img decoding=\"async\" alt=\"Kantenschutz Produktion\" src=\"https:\/\/upa-pack.de\/app\/uploads\/2022\/11\/08-1-1536x1024.jpg\"\/>\n\t\t<h3>Kartonnen hoekprofielen<\/h3>\n\t\t\t<p>Stevige bescherming van massief karton voor randen en hoeken<\/p>\n\t\t\t<a href=\"https:\/\/upa-pack.de\/nl\/producten\/kartonnen-hoekprofielen\/\" title=\"Click Here\" target=\"_self\"   role=\"button\" aria-label=\"Meer informatie\">\n\t\t\t\t\t\t\tMeer informatie\n\t\t<\/a>\n\t\t\t\t<img decoding=\"async\" alt=\"Hartpapierh\u00fclsen\" src=\"https:\/\/upa-pack.de\/app\/uploads\/2022\/11\/H\u0411lsen-slider-1536x1024.jpg\"\/>\n\t\t<h3>Kartonnen kokers<\/h3>\n\t\t\t<p>Precies passend voor elke toepassing en vele sectoren<\/p>\n\t\t\t<a href=\"https:\/\/upa-pack.de\/nl\/producten\/kartonnen-kokers\/\" title=\"Click Here\" target=\"_self\"   role=\"button\" aria-label=\"Meer informatie\">\n\t\t\t\t\t\t\tMeer informatie\n\t\t<\/a>\n\t\t\t\t<img decoding=\"async\" alt=\"Pappzuschnitte Transport\" src=\"https:\/\/upa-pack.de\/app\/uploads\/2022\/11\/zuschnitte-1-1536x1024.jpg\"\/>\n\t\t<h3>Kartonnen tussenlagen<\/h3>\n\t\t\t<p>Voor elke laag: beschermd tegen schade of vuil<\/p>\n\t\t\t<a href=\"https:\/\/upa-pack.de\/nl\/producten\/kartonnen-tussenlagen\/\" title=\"Click Here\" target=\"_self\"   role=\"button\" aria-label=\"Meer informatie\">\n\t\t\t\t\t\t\tMeer informatie\n\t\t<\/a>\n\t\t\t\t<img decoding=\"async\" alt=\"Transportschutz Produktion\" src=\"https:\/\/upa-pack.de\/app\/uploads\/2022\/11\/slider-1536x1024.jpg\"\/>\n\t\t<h3>Profielen<\/h3>\n\t\t\tPassende bescherming voor bijzonder gevoelige plekken\n\t\t\t<a href=\"https:\/\/upa-pack.de\/nl\/produkte\/profile\/\" title=\"Click Here\" target=\"_self\"   role=\"button\" aria-label=\"Meer informatie\">\n\t\t\t\t\t\t\tMeer informatie\n\t\t<\/a>\n\t\t\t<p>Zo vermindert u Transportschade<\/p>\n\t<h2>\n\t\t\t\tDe juiste verpakking maakt het verschil\n\t\t\t<\/h2>\n\t<p>Reduzieren Sie m\u00f6gliche Transportsch\u00e4den mit unseren Produkten aus Vollpappe. Denn egal was wir f\u00fcr Sie fertigen: Ihre Produkte bleiben stets sicher verpackt und gesch\u00fctzt. Damit wir Ihnen diese Versprechen geben k\u00f6nnen, legen wir sehr gro\u00dfen Wert auf die Qualit\u00e4t unserer Produkte. F\u00fcr die Herstellung verwenden wir \u00fcbrigens zu 100 % recyceltes Papier. Zudem zeichnet uns eine schnelle und reibungslose Abwicklung Ihrer Auftr\u00e4ge aus.<\/p>\n<p>Unsere Ware wird ausschlie\u00dflich nach Ihrem Kundenwunsch angefertigt, sodass Sie exakt den auf Ihren Bedarf zugeschnittenen Produktschutz erhalten. Dank unseres Know-hows und der Kreativit\u00e4t in der Umsetzung Ihrer individuellen Produktw\u00fcnsche entwickeln wir unser Produktportfolio stetig weiter und kreierten bereits mehrere innovative Produktneuheiten.<\/p>\n\t<h2>\n\t\t\t\tOpties voor uw individuele verpakking\n\t\t\t<\/h2>\n\t<p>Of het nu gaat om kartonnen hoekprofielen, kartonnen kokers \/ hulzen of kartonnen tussenlagen &#8211; soms heeft u niet alleen individuele maten en diktes nodig. Wij ontwerpen graag ook uw verpakking optioneel verder.<\/p>\n\t\t<h3>\t\n\tKleur<\/h3><p>Een gekleurde buitenlaag &#8211; eventueel bedrukt met uw logo, key visuals of andere motieven? Geen probleem! Wij stemmen uw productbescherming qua kleur af op uw huisstijl en drukken deze individueel voor u.<\/p>\n\t\t<h3>\t\n\tZelfklevend<\/h3><p>Helemaal veilig zonder verschuiven: veel van onze producten kunnen worden voorzien van extra kleefstroken. Of het nu gaat om zelfklevende kartonnen hoekprofielen of hulzen met aangebrachte kleefstrook &#8211; de bediening is eenvoudig.<\/p>\n\t\t<h3>\t\n\tWaterafstotend<\/h3><p>Bestand tegen opspattend water en hoge luchtvochtigheid: met een PE-gelaagde buitenlaag vervaardigen wij waterafstotende kartonnen hoekprofielen, profielen en hulzen &#8211; ideaal voor gebruik in koelhuizen of buiten.<\/p>\n\t\t\t<p>Op maat gemaakt<\/p>\n\t<h2>\n\t\t\t\tOnze snijservice\n\t\t\t<\/h2>\n\t\t\t<a href=\"https:\/\/upa-pack.de\/nl\/kontakt\/\" target=\"_self\">\n\t\t\t\t\t\t\tNu advies krijgen\n\t\t\t\t\t<\/a>\n\t<p>Als aanvullende service voor de papierverwerkende industrie bieden wij een snijservice aan. Ook individueel op uw specifieke behoefte afgestemd staan ons hierbij verschillende mogelijkheden ter beschikking. De maximale verwerkbare rolbreedte bedraagt 1500 mm en de maximale roldiameter eveneens 1500 mm.<\/p>\n\n","protected":false},"excerpt":{"rendered":"<p>VERTROUW OP ONZE PRODUCTEN KARTONNEN HOEKPROFIELEN, KARTONNEN KOKERS\/HULZEN EN MEER PAPIER IN TOPVORM Voor optimale bescherming Kartonnen hoekprofielen Stevige bescherming van massief karton voor randen en hoeken Meer informatie Kartonnen kokers Precies passend voor elke toepassing en vele sectoren Meer informatie Kartonnen tussenlagen Voor elke laag: beschermd tegen schade of vuil Meer informatie Profielen Passende [&hellip;]<\/p>\n","protected":false},"author":3,"featured_media":0,"parent":0,"menu_order":0,"comment_status":"closed","ping_status":"closed","template":"","meta":{"site-sidebar-layout":"default","site-content-layout":"","ast-site-content-layout":"default","site-content-style":"default","site-sidebar-style":"default","ast-global-header-display":"","ast-banner-title-visibility":"","ast-main-header-display":"","ast-hfb-above-header-display":"","ast-hfb-below-header-display":"","ast-hfb-mobile-header-display":"","site-post-title":"","ast-breadcrumbs-content":"","ast-featured-img":"","footer-sml-layout":"","theme-transparent-header-meta":"","adv-header-id-meta":"","stick-header-meta":"","header-above-stick-meta":"","header-main-stick-meta":"","header-below-stick-meta":"","astra-migrate-meta-layouts":"set","ast-page-background-enabled":"default","ast-page-background-meta":{"desktop":{"background-color":"var(--ast-global-color-4)","background-image":"","background-repeat":"repeat","background-position":"center center","background-size":"auto","background-attachment":"scroll","background-type":"","background-media":"","overlay-type":"","overlay-color":"","overlay-opacity":"","overlay-gradient":""},"tablet":{"background-color":"","background-image":"","background-repeat":"repeat","background-position":"center center","background-size":"auto","background-attachment":"scroll","background-type":"","background-media":"","overlay-type":"","overlay-color":"","overlay-opacity":"","overlay-gradient":""},"mobile":{"background-color":"","background-image":"","background-repeat":"repeat","background-position":"center center","background-size":"auto","background-attachment":"scroll","background-type":"","background-media":"","overlay-type":"","overlay-color":"","overlay-opacity":"","overlay-gradient":""}},"ast-content-background-meta":{"desktop":{"background-color":"var(--ast-global-color-5)","background-image":"","background-repeat":"repeat","background-position":"center center","background-size":"auto","background-attachment":"scroll","background-type":"","background-media":"","overlay-type":"","overlay-color":"","overlay-opacity":"","overlay-gradient":""},"tablet":{"background-color":"var(--ast-global-color-5)","background-image":"","background-repeat":"repeat","background-position":"center center","background-size":"auto","background-attachment":"scroll","background-type":"","background-media":"","overlay-type":"","overlay-color":"","overlay-opacity":"","overlay-gradient":""},"mobile":{"background-color":"var(--ast-global-color-5)","background-image":"","background-repeat":"repeat","background-position":"center center","background-size":"auto","background-attachment":"scroll","background-type":"","background-media":"","overlay-type":"","overlay-color":"","overlay-opacity":"","overlay-gradient":""}},"footnotes":""},"class_list":["post-2223","page","type-page","status-publish","hentry"],"_links":{"self":[{"href":"https:\/\/upa-pack.de\/nl\/wp-json\/wp\/v2\/pages\/2223","targetHints":{"allow":["GET"]}}],"collection":[{"href":"https:\/\/upa-pack.de\/nl\/wp-json\/wp\/v2\/pages"}],"about":[{"href":"https:\/\/upa-pack.de\/nl\/wp-json\/wp\/v2\/types\/page"}],"author":[{"embeddable":true,"href":"https:\/\/upa-pack.de\/nl\/wp-json\/wp\/v2\/users\/3"}],"replies":[{"embeddable":true,"href":"https:\/\/upa-pack.de\/nl\/wp-json\/wp\/v2\/comments?post=2223"}],"version-history":[{"count":9,"href":"https:\/\/upa-pack.de\/nl\/wp-json\/wp\/v2\/pages\/2223\/revisions"}],"predecessor-version":[{"id":3653,"href":"https:\/\/upa-pack.de\/nl\/wp-json\/wp\/v2\/pages\/2223\/revisions\/3653"}],"wp:attachment":[{"href":"https:\/\/upa-pack.de\/nl\/wp-json\/wp\/v2\/media?parent=2223"}],"curies":[{"name":"wp","href":"https:\/\/api.w.org\/{rel}","templated":true}]}}