{"id":2942,"date":"2022-11-08T17:16:59","date_gmt":"2022-11-08T16:16:59","guid":{"rendered":"https:\/\/upa-pack.de\/personne-de-contact\/"},"modified":"2025-11-10T14:11:41","modified_gmt":"2025-11-10T13:11:41","slug":"personne-de-contact","status":"publish","type":"page","link":"https:\/\/upa-pack.de\/fr\/personne-de-contact\/","title":{"rendered":"Personne de contact"},"content":{"rendered":"\n\n\t\t\t<p>Vos experts<\/p>\t\n\t<h2>\n\t\t\t\tPour une protection optimale\n\t\t\t<\/h2>\n\t\t\t<p>Vous recherchez une protection en carton compact parfaitement adapt\u00e9e ?<\/p>\t\n\t<h2>\n\t\t\t\tDemandez conseil\n\t\t\t<\/h2>\n\t<p>Qu&#8217;il s&#8217;agisse de prot\u00e9ger vos produits, de s\u00e9curiser vos palettes ou d&#8217;offrir la meilleure protection possible contre les cassures, notre objectif premier est de vous proposer la protection en carton compact la mieux adapt\u00e9e \u00e0 vos besoins. Gr\u00e2ce \u00e0 des corni\u00e8res de protection, des profil\u00e9s plats, des protections d&#8217;angle pour rouleaux ou des manchons en carton dur adapt\u00e9s \u00e0 vos besoins individuels, nous vous garantissons exactement cela. Nous relevons volontiers les d\u00e9fis. N&#8217;h\u00e9sitez pas \u00e0 contacter nos experts ! Ensemble, nous trouverons la solution qui vous convient.    <\/p>\n\t<h2>\n\t\t\t\tVos interlocuteurs :\n\t\t\t<\/h2>\n\t\t\t\t<img decoding=\"async\" src=\"https:\/\/upa-pack.de\/app\/uploads\/2025\/10\/Frame-2085662196.png\" alt=\"Frame 2085662196\" title=\"Frame 2085662196\" itemprop=\"image\"\/>\n\t\t\t<h5>Distribution<\/h5><h3>Elmar Sch\u00e4fer<\/h3>\t\t\t\n\t\t\t\t<p>T\u00e9l\u00e9phone: <a href=\"tel:+4926549625415\">+49 (0) 26549625415<\/a><br \/>E-Mail: <a href=\"mailto:elmar.schaefer@upa-pack.de\">elmar.schaefer@upa-pack.de<\/a><\/p>\n\t\t\t\t<img decoding=\"async\" src=\"https:\/\/upa-pack.de\/app\/uploads\/2025\/10\/Frame-2085662201.png\" alt=\"Frame 2085662201\" title=\"Frame 2085662201\" itemprop=\"image\"\/>\n\t\t\t<h5>Distribution<\/h5><h3>Thorsten Moeffert<\/h3>\t\t\t\n\t\t\t\t<p>T\u00e9l\u00e9phone: <a href=\"tel:+4926549625417\">+49 (0) 26549625417<\/a><br \/>E-Mail: <a href=\"mailto:thorsten.moeffert@upa-pack.de\">thorsten.moeffert@upa-pack.de<\/a><\/p>\n\t\t\t\t<img decoding=\"async\" src=\"https:\/\/upa-pack.de\/app\/uploads\/2025\/10\/Frame-2085662193.png\" alt=\"Frame 2085662193\" title=\"Frame 2085662193\" itemprop=\"image\"\/>\n\t\t\t<h5>Distribution<\/h5><h3>Barbara Werner<\/h3>\t\t\t\n\t\t\t\t<p>T\u00e9l\u00e9phone: <a href=\"tel:+4926549625428\">+49 (0) 26549625428<\/a><br \/>E-Mail: <a href=\"mailto:barbara.werner@upa-pack.de\">barbara.werner@upa-pack.de<\/a><\/p>\n\t\t\t\t<img decoding=\"async\" src=\"https:\/\/upa-pack.de\/app\/uploads\/2025\/10\/Frame-2085662199.png\" alt=\"Frame 2085662199\" title=\"Frame 2085662199\" itemprop=\"image\"\/>\n\t\t\t<h5>Service client\u00e8le<\/h5><h3>Nadja K\u00fcveler<\/h3>\t\t\t\n\t\t\t\t<p>T\u00e9l\u00e9phone: <a href=\"tel:+4926549625446\">+49 (0) 26549625446<\/a><br \/>E-Mail: <a href=\"mailto:nadja.kueveler@upa-pack.de\">nadja.kueveler@upa-pack.de<\/a><\/p>\n\t\t\t\t<img decoding=\"async\" src=\"https:\/\/upa-pack.de\/app\/uploads\/2025\/10\/Frame-2085662197.png\" alt=\"Frame 2085662197\" title=\"Frame 2085662197\" itemprop=\"image\"\/>\n\t\t\t<h5>Finances et administration<\/h5><h3>Irene Balsam<\/h3>\t\t\t\n\t\t\t\t<p>T\u00e9l\u00e9phone: <a href=\"tel:+492654962540\">+49 (0) 2654962540<\/a><br \/>E-Mail: <a href=\"mailto:info@upa-pack.de\">info@upa-pack.de<\/a><\/p>\n\t\t\t\t<img decoding=\"async\" src=\"https:\/\/upa-pack.de\/app\/uploads\/2025\/10\/Frame-2085662194.png\" alt=\"Frame 2085662194\" title=\"Frame 2085662194\" itemprop=\"image\"\/>\n\t\t\t<h5>Directeur g\u00e9n\u00e9ral<\/h5><h3>Dmitri Balsam<\/h3>\t\t\t\n\t\t\t\t<p>T\u00e9l\u00e9phone: <a href=\"tel:+4926549625440\">+49 (0) 2654962540<\/a><br \/>E-Mail: <a href=\"mailto:info@upa-pack.de\">info@upa-pack.de<\/a><\/p>\n\t\t\t\t<img decoding=\"async\" src=\"https:\/\/upa-pack.de\/app\/uploads\/2025\/10\/Frame-2085662195.png\" alt=\"Frame 2085662195\" title=\"Frame 2085662195\" itemprop=\"image\"\/>\n\t\t\t<h5>Logistique<\/h5><h3>Eduard Vorrat<\/h3>\t\t\t\n\t\t\t\t<p>T\u00e9l\u00e9phone: <a href=\"tel:+4926549625435\">+49 (0) 26549625445<\/a><br \/>E-Mail: <a href=\"mailto:eduard.vorrat@upa-pack.de\">eduard.vorrat@upa-pack.de<\/a><\/p>\n\t\t\t\t<img decoding=\"async\" src=\"https:\/\/upa-pack.de\/app\/uploads\/2025\/10\/Frame-2085662198.png\" alt=\"Frame 2085662198\" title=\"Frame 2085662198\" itemprop=\"image\"\/>\n\t\t\t<h5>Personal \/ Marketing<\/h5><h3>Lucas Balsam<\/h3>\t\t\t\n\t\t\t\t<p>T\u00e9l\u00e9phone: <a href=\"tel:+492654962540\">+49 (0) 2654962540<\/a><br \/>E-Mail: <a href=\"mailto:lucas.balsam@upa-pack.de\">lucas.balsam@upa-pack.de<\/a><\/p>\n\t\t\t\t<img decoding=\"async\" src=\"https:\/\/upa-pack.de\/app\/uploads\/2025\/10\/Frame-2085662202.png\" alt=\"Frame 2085662202\" title=\"Frame 2085662202\" itemprop=\"image\"\/>\n\t\t\t<h5>Comptabilit\u00e9<\/h5><h3>Vanessa Hausmann<\/h3>\t\t\t\n\t\t\t\t<p>T\u00e9l\u00e9phone: <a href=\"tel:+4926549625440\">+49 (0) 2654962540<\/a><br \/>E-Mail: <a href=\"mailto:buchhaltung@upa-pack.de\">buchhaltung@upa-pack.de<\/a><\/p>\n\t\t\t\t<img decoding=\"async\" src=\"https:\/\/upa-pack.de\/app\/uploads\/2025\/10\/Frame-2085662200.png\" alt=\"Frame 2085662200\" title=\"Frame 2085662200\" itemprop=\"image\"\/>\n\t\t\t<h5>Directeur g\u00e9n\u00e9ral<\/h5><h3>Nelly Balsam<\/h3>\t\t\t\n\t\t\t\t<p>T\u00e9l\u00e9phone: <a href=\"tel:+4926549625440\">+49 (0) 2654962540<\/a><br \/>E-Mail: <a href=\"mailto:info@upa-pack.de\">info@upa-pack.de<\/a><\/p>\n\n","protected":false},"excerpt":{"rendered":"<p>Vos experts Pour une protection optimale Vous recherchez une protection en carton compact parfaitement adapt\u00e9e ? Demandez conseil Qu&#8217;il s&#8217;agisse de prot\u00e9ger vos produits, de s\u00e9curiser vos palettes ou d&#8217;offrir la meilleure protection possible contre les cassures, notre objectif premier est de vous proposer la protection en carton compact la mieux adapt\u00e9e \u00e0 vos besoins. [&hellip;]<\/p>\n","protected":false},"author":3,"featured_media":0,"parent":0,"menu_order":0,"comment_status":"closed","ping_status":"closed","template":"","meta":{"site-sidebar-layout":"default","site-content-layout":"","ast-site-content-layout":"default","site-content-style":"default","site-sidebar-style":"default","ast-global-header-display":"","ast-banner-title-visibility":"","ast-main-header-display":"","ast-hfb-above-header-display":"","ast-hfb-below-header-display":"","ast-hfb-mobile-header-display":"","site-post-title":"","ast-breadcrumbs-content":"","ast-featured-img":"","footer-sml-layout":"","theme-transparent-header-meta":"","adv-header-id-meta":"","stick-header-meta":"","header-above-stick-meta":"","header-main-stick-meta":"","header-below-stick-meta":"","astra-migrate-meta-layouts":"default","ast-page-background-enabled":"default","ast-page-background-meta":{"desktop":{"background-color":"var(--ast-global-color-4)","background-image":"","background-repeat":"repeat","background-position":"center center","background-size":"auto","background-attachment":"scroll","background-type":"","background-media":"","overlay-type":"","overlay-color":"","overlay-opacity":"","overlay-gradient":""},"tablet":{"background-color":"","background-image":"","background-repeat":"repeat","background-position":"center center","background-size":"auto","background-attachment":"scroll","background-type":"","background-media":"","overlay-type":"","overlay-color":"","overlay-opacity":"","overlay-gradient":""},"mobile":{"background-color":"","background-image":"","background-repeat":"repeat","background-position":"center center","background-size":"auto","background-attachment":"scroll","background-type":"","background-media":"","overlay-type":"","overlay-color":"","overlay-opacity":"","overlay-gradient":""}},"ast-content-background-meta":{"desktop":{"background-color":"var(--ast-global-color-5)","background-image":"","background-repeat":"repeat","background-position":"center center","background-size":"auto","background-attachment":"scroll","background-type":"","background-media":"","overlay-type":"","overlay-color":"","overlay-opacity":"","overlay-gradient":""},"tablet":{"background-color":"var(--ast-global-color-5)","background-image":"","background-repeat":"repeat","background-position":"center center","background-size":"auto","background-attachment":"scroll","background-type":"","background-media":"","overlay-type":"","overlay-color":"","overlay-opacity":"","overlay-gradient":""},"mobile":{"background-color":"var(--ast-global-color-5)","background-image":"","background-repeat":"repeat","background-position":"center center","background-size":"auto","background-attachment":"scroll","background-type":"","background-media":"","overlay-type":"","overlay-color":"","overlay-opacity":"","overlay-gradient":""}},"footnotes":""},"class_list":["post-2942","page","type-page","status-publish","hentry"],"_links":{"self":[{"href":"https:\/\/upa-pack.de\/fr\/wp-json\/wp\/v2\/pages\/2942","targetHints":{"allow":["GET"]}}],"collection":[{"href":"https:\/\/upa-pack.de\/fr\/wp-json\/wp\/v2\/pages"}],"about":[{"href":"https:\/\/upa-pack.de\/fr\/wp-json\/wp\/v2\/types\/page"}],"author":[{"embeddable":true,"href":"https:\/\/upa-pack.de\/fr\/wp-json\/wp\/v2\/users\/3"}],"replies":[{"embeddable":true,"href":"https:\/\/upa-pack.de\/fr\/wp-json\/wp\/v2\/comments?post=2942"}],"version-history":[{"count":2,"href":"https:\/\/upa-pack.de\/fr\/wp-json\/wp\/v2\/pages\/2942\/revisions"}],"predecessor-version":[{"id":3559,"href":"https:\/\/upa-pack.de\/fr\/wp-json\/wp\/v2\/pages\/2942\/revisions\/3559"}],"wp:attachment":[{"href":"https:\/\/upa-pack.de\/fr\/wp-json\/wp\/v2\/media?parent=2942"}],"curies":[{"name":"wp","href":"https:\/\/api.w.org\/{rel}","templated":true}]}}