{"id":2142,"date":"2022-11-08T10:36:16","date_gmt":"2022-11-08T09:36:16","guid":{"rendered":"https:\/\/upa-pack.de\/produits\/kantenschutzwinkel\/"},"modified":"2025-11-25T13:44:41","modified_gmt":"2025-11-25T12:44:41","slug":"cornieres-de-protection","status":"publish","type":"page","link":"https:\/\/upa-pack.de\/fr\/produit\/cornieres-de-protection\/","title":{"rendered":"Corni\u00e8res de protection"},"content":{"rendered":"\n\n\t\t\t<h1>CORNI\u00c8RES DE PROTECTION EN CARTON COMPACT<\/h1>\n\t<h2>\n\t\t\t\tUne protection stable avec le leader du march\u00e9\n\t\t\t<\/h2>\n\t\t\t<p>EXACTEMENT COMME VOUS EN AVEZ BESOIN<\/p>\t\n\t<h2>\n\t\t\t\tCorni\u00e8res de protection de UPA PACK\n\t\t\t<\/h2>\n\t\t\t\t<img decoding=\"async\" alt=\"Kantenschutz\" src=\"https:\/\/upa-pack.de\/app\/uploads\/2022\/12\/csm_upa_lightbox_farbiger_e52a500913-e1687509663369-480x320.jpg\"\/>\n\t\t<h3>Corni\u00e8res de protection color\u00e9es<\/h3>\n\t\t\t<p>Protection robuste en carton compact pour les bords et les angles<\/p>\n\t\t\t<a href=\"#farbigem\" title=\"Click Here\" target=\"_self\"   role=\"button\" aria-label=\"Apprendre encore plus\">\n\t\t\t\t\t\t\tApprendre encore plus\n\t\t<\/a>\n\t\t\t\t<img decoding=\"async\" alt=\"Kantenschutz\" src=\"https:\/\/upa-pack.de\/app\/uploads\/2022\/12\/csm_upa_lightbox_selbstklebend_393b51247d-360x240.jpg\"\/>\n\t\t<h3>Corni\u00e8res de protection autocollantes<\/h3>\n\t\t\t<p>Adapt\u00e9es \u00e0 toutes les applications et \u00e0 de nombreux secteurs d&#8217;activit\u00e9<\/p>\n\t\t\t<a href=\"#selbstklebender\" title=\"Click Here\" target=\"_self\"   role=\"button\" aria-label=\"Apprendre encore plus\">\n\t\t\t\t\t\t\tApprendre encore plus\n\t\t<\/a>\n\t\t\t\t<img decoding=\"async\" alt=\"individueller Kantenschutz\" src=\"https:\/\/upa-pack.de\/app\/uploads\/2024\/05\/Design-ohne-Titel-40-360x240.png\"\/>\n\t\t<h3>Corni\u00e8res de protection hydrofuges<\/h3>\n\t\t\t<p>Pour chaque situation : protection contre l&#8217;humidit\u00e9, les dommages et la salet\u00e9<\/p>\n\t\t\t<a href=\"#wasserabweise\" title=\"Click Here\" target=\"_self\"   role=\"button\" aria-label=\"Apprendre encore plus\">\n\t\t\t\t\t\t\tApprendre encore plus\n\t\t<\/a>\n\t\t\t\t<img decoding=\"async\" alt=\"Kantenschutz\" src=\"https:\/\/upa-pack.de\/app\/uploads\/2022\/12\/csm_Bild_KSW_47295bab0c-360x240.jpg\"\/>\n\t\t<h3>Corni\u00e8res de protection imprim\u00e9es<\/h3>\n\t\t\t<p>Protection adapt\u00e9e aux zones particuli\u00e8rement sensibles<\/p>\n\t\t\t<a href=\"#bedruckter\" title=\"Click Here\" target=\"_self\"   role=\"button\" aria-label=\"Apprendre encore plus\">\n\t\t\t\t\t\t\tApprendre encore plus\n\t\t<\/a>\n\t\t\t<p>CORNI\u00c8RES DE PROTECTION EN CARTON COMPACT &#8211; SUR MESURE POUR VOUS<\/p>\n\t<h2>\n\t\t\t\tDes produits de qualit\u00e9 en carton compact\n\t\t\t<\/h2>\n\tFaites confiance \u00e0 nos <strong data-start=\"977\" data-end=\"1004\">corni\u00e8res de protection<\/strong> pour s\u00e9curiser vos produits ! Les bords et les coins sont des zones naturellement expos\u00e9es et donc particuli\u00e8rement vuln\u00e9rables. Un emballage optimal est indispensable pour \u00e9viter les dommages, notamment pendant le transport.<br data-start=\"1230\" data-end=\"1233\" \/>Nous fabriquons des <strong data-start=\"1253\" data-end=\"1309\">corni\u00e8res de protection sur mesure en carton compact<\/strong>, parfaitement adapt\u00e9es \u00e0 vos besoins, d&#8217;une qualit\u00e9 irr\u00e9prochable et livr\u00e9es rapidement.\nAvec nos corni\u00e8res de protection, vos produits et palettes sont \u00e9galement prot\u00e9g\u00e9s de mani\u00e8re optimale pendant le stockage. L\u00e0 aussi, un emballage appropri\u00e9 joue un r\u00f4le essentiel pour \u00e9viter les d\u00e9g\u00e2ts.\n\u00c0 noter : nos corni\u00e8res de protection sont fabriqu\u00e9es \u00e0 partir de papier <strong data-start=\"1678\" data-end=\"1695\">100 % recycl\u00e9<\/strong>. Elles peuvent donc \u00eatre \u00e9limin\u00e9es de mani\u00e8re \u00e9cologique et simple avec les vieux papiers.\n<h3>\n\t\tLes avantages en un coup d&#8217;\u0153il :\n\t<\/h3>\n\t<ul>\n<li aria-level=\"1\">Prot\u00e8ge les coins et les bords pendant le transport et le stockage<\/li>\n<li aria-level=\"1\">Stabilise les palettes et les colis<\/li>\n<li aria-level=\"1\">Emballage renforc\u00e9<\/li>\n<li aria-level=\"1\">R\u00e9duit les dommages li\u00e9s au transport<\/li>\n<\/ul>\n\t<ul>\n<li aria-level=\"1\">Remplace les mat\u00e9riaux d&#8217;emballage co\u00fbteux ou inutiles<\/li>\n<li aria-level=\"1\">Production sur mesure<\/li>\n<li aria-level=\"1\">D\u00e9lais de livraison rapides<\/li>\n<\/ul>\n\t<h2>\n\t\t\t\tPourquoi des corni\u00e8res de protection en carton compact ?\n\t\t\t<\/h2>\n\tQu&#8217;elles soient utilis\u00e9es horizontalement ou verticalement : avec les <strong data-start=\"1401\" data-end=\"1428\">corni\u00e8res de protection<\/strong> d&#8217;UPA PACK, vous prot\u00e9gez efficacement vos produits, m\u00eame aux zones particuli\u00e8rement sensibles comme les bords et les coins. Les corni\u00e8res en carton compact assurent une excellente stabilit\u00e9 et emp\u00eachent le glissement, tout en \u00e9vitant les coupures provoqu\u00e9es par les cerclages ou la tension des sangles lors d&#8217;une utilisation horizontale.\nIl est \u00e9galement utile de savoir que nos <strong data-start=\"1810\" data-end=\"1837\">corni\u00e8res de protection<\/strong> permettent d&#8217;augmenter consid\u00e9rablement la capacit\u00e9 d&#8217;empilage des bo\u00eetes pliantes. Il suffit de fixer les corni\u00e8res sur les faces internes ou externes des bo\u00eetes.\n\t<h2>\n\t\t\t\tCorni\u00e8res de protection pour rouleaux : la solution id\u00e9ale pour les bords arrondis\n\t\t\t<\/h2>\n\t<p>La protection adapt\u00e9e \u00e0 chaque rouleau : qu&#8217;il s&#8217;agisse de rouleaux de papier, de non-tiss\u00e9, de film ou de m\u00e9tal, m\u00eame les mat\u00e9riaux sensibles n\u00e9cessitent une protection optimale pour \u00e9viter les dommages pendant le transport. C&#8217;est pourquoi nous fabriquons des <strong data-start=\"2362\" data-end=\"2403\">corni\u00e8res de protection pour rouleaux<\/strong>, sur mesure, parfaitement adapt\u00e9es \u00e0 votre mat\u00e9riau d&#8217;enroulement et \u00e0 vos exigences. Gr\u00e2ce \u00e0 leur grande flexibilit\u00e9, nos <strong data-start=\"2529\" data-end=\"2566\">corni\u00e8res sp\u00e9ciales pour rouleaux<\/strong> garantissent un ajustement parfait autour de vos produits cylindriques et de vos emballages ronds.<\/p>\n\t\t\t<p>Nos produits de protection des bords &#8211; caract\u00e9ristiques techniques en un coup d&#8217;\u0153il<\/p>\t\n\t<h2>\n\t\t\t\tDimensions possibles\n\t\t\t<\/h2>\n\t\t\t\t\t\t<h5>Corni\u00e8res de protection :<\/h5>\n<p><strong>LONGUEUR:<\/strong><br \/>de 30 mm \u00e0 7000 mm<\/p>\n<p><strong>DICKE:<\/strong><br \/>de1,5 mm \u00e0 10 mm<\/p>\n<p><strong>LARGEURS DES CUISSES:\u00a0<\/strong><\/p>\n<ul>\n<li>30 x 30<\/li>\n<li>35 x 35<\/li>\n<li>45 x 45<\/li>\n<li>50 x 50<\/li>\n<li>55 x 55<\/li>\n<li>60 x 60<\/li>\n<li>70 x 70<\/li>\n<li>75 x 75<\/li>\n<li>80 x 80<\/li>\n<li>100 x 100<\/li>\n<\/ul>\n<img decoding=\"async\" title=\"csm_upa_produkt_kantenschutz_771751a7cd\" src=\"https:\/\/upa-pack.de\/\/app\/uploads\/2022\/11\/csm_upa_produkt_kantenschutz_771751a7cd.jpg\" alt=\"Kantenschutz\" width=\"386\" height=\"236\" \/>\n\t\t\t\t\t\t<h5>Corni\u00e8res de protection pour rouleaux :<\/h5>\n<p><strong>Longueur\u00a0:<\/strong><br \/>de 1000 mm \u00e0 6000 mm<\/p>\n<p><strong>\u00c9paisseur\u00a0:<\/strong><br \/>de 1,5 mm \u00e0 3 mm<\/p>\n<p><strong>Largeur du flanc:\u00a0<\/strong><\/p>\n<ul>\n<li>30 x 30<\/li>\n<li>35 x 35<\/li>\n<li>45 x 45<\/li>\n<li>50 x 50<\/li>\n<li>55 x 55<\/li>\n<li>60 x 60<\/li>\n<li>70 x 70<\/li>\n<li>75 x 75<\/li>\n<li>80 x 80<\/li>\n<li>100 x 100<\/li>\n<\/ul>\n<img decoding=\"async\" title=\"csm_upa_produkt_rollenkantenschutz_4cb8aa1203\" src=\"https:\/\/upa-pack.de\/\/app\/uploads\/2022\/11\/csm_upa_produkt_rollenkantenschutz_4cb8aa1203.jpg\" alt=\"Rollkantenschutz\" width=\"386\" height=\"236\" \/>\n\t\t\t\t\t\t<h5>Options :<\/h5>\n\t\t\t<ul>\n<li>feuille de couverture marron ou color\u00e9e<\/li>\n<li>Rev\u00eatement PE (hydrofuge)<\/li>\n<li>Auto-adh\u00e9sif (int\u00e9rieur\/ext\u00e9rieur unilat\u00e9ral, angles de protection des bords \u00e9galement des deux c\u00f4t\u00e9s)<\/li>\n<li>imprim\u00e9 selon les sp\u00e9cifications<\/li>\n<li>in\u00e9galitaire<\/li>\n<\/ul>\n\t\t\t\t<a href=\"https:\/\/upa-pack.de\/app\/uploads\/2024\/05\/Design-ohne-Titel-41-1.png\"  target=\"_self\" itemprop=\"url\">\n\t\t\t\t<img decoding=\"async\" src=\"https:\/\/upa-pack.de\/app\/uploads\/2024\/05\/Design-ohne-Titel-41-1.png\" alt=\"individueller Kantenschutz\" itemprop=\"image\" height=\"400\" width=\"600\" title=\"Design ohne Titel (41)\" onerror=\"this.style.display='none'\"  \/>\n\t\t\t\t<\/a>\n\t<h2>\n\t\t\t\tCORNI\u00c8RES DE PROTECTION AVEC FEUILLE DE REV\u00caTEMENT COLOR\u00c9E\n\t\t\t<\/h2>\n\tNos <strong data-start=\"767\" data-end=\"794\">corni\u00e8res de protection<\/strong> sont \u00e9galement disponibles avec une feuille de rev\u00eatement color\u00e9e ou imprim\u00e9e.<br data-start=\"873\" data-end=\"876\" \/>Cela vous permet d&#8217;adapter la protection de vos produits \u00e0 votre identit\u00e9 visuelle ou \u00e0 votre corporate design.\nVous trouverez toutes les sp\u00e9cifications suppl\u00e9mentaires dans les informations g\u00e9n\u00e9rales concernant nos <strong data-start=\"1095\" data-end=\"1134\">produits de corni\u00e8res de protection<\/strong>.\n\t\t\t\t<a href=\"https:\/\/upa-pack.de\/app\/uploads\/2024\/05\/Design-ohne-Titel-42.png\"  target=\"_self\" itemprop=\"url\">\n\t\t\t\t<img decoding=\"async\" src=\"https:\/\/upa-pack.de\/app\/uploads\/2024\/05\/Design-ohne-Titel-42.png\" alt=\"individueller Kantenschutz\" itemprop=\"image\" height=\"400\" width=\"600\" title=\"Design ohne Titel (42)\" onerror=\"this.style.display='none'\"  \/>\n\t\t\t\t<\/a>\n\t<h2>\n\t\t\t\tCORNI\u00c8RES DE PROTECTION AUTOCOLLANTES\n\t\t\t<\/h2>\n\tPour une protection fiable sans glissement : nos <strong data-start=\"871\" data-end=\"912\">corni\u00e8res de protection autocollantes<\/strong> permettent de fixer des bandes adh\u00e9sives \u00e0 l&#8217;int\u00e9rieur, \u00e0 l&#8217;ext\u00e9rieur, ou des deux c\u00f4t\u00e9s.<br data-start=\"1002\" data-end=\"1005\" \/>Faciles \u00e0 manipuler, elles assurent une adh\u00e9rence optimale et une mise en place rapide.\nVous trouverez toutes les autres sp\u00e9cifications dans les informations g\u00e9n\u00e9rales concernant nos <strong data-start=\"1189\" data-end=\"1216\">corni\u00e8res de protection<\/strong>.\n\t\t\t\t<a href=\"https:\/\/upa-pack.de\/app\/uploads\/2024\/05\/Design-ohne-Titel-43.png\"  target=\"_self\" itemprop=\"url\">\n\t\t\t\t<img decoding=\"async\" src=\"https:\/\/upa-pack.de\/app\/uploads\/2024\/05\/Design-ohne-Titel-43.png\" alt=\"individueller Kantenschutz\" itemprop=\"image\" height=\"400\" width=\"600\" title=\"Design ohne Titel (43)\" onerror=\"this.style.display='none'\"  \/>\n\t\t\t\t<\/a>\n\t<h2>\n\t\t\t\tCORNI\u00c8RES DE PROTECTION IMPRIM\u00c9ES\n\t\t\t<\/h2>\n\tNos <strong data-start=\"1270\" data-end=\"1297\">corni\u00e8res de protection<\/strong> peuvent \u00eatre imprim\u00e9es selon votre design d&#8217;entreprise.<br data-start=\"1353\" data-end=\"1356\" \/>UPA PACK vous offre la possibilit\u00e9 de personnaliser vos corni\u00e8res : logo, visuels cl\u00e9s, motifs individuels &#8211; votre imagination n&#8217;a aucune limite.\nVous avez des questions sur nos services ou souhaitez un conseil personnalis\u00e9 ? Notre \u00e9quipe exp\u00e9riment\u00e9e se fera un plaisir de vous aider !<br \/>\nNous attendons avec impatience votre <a href=\"https:\/\/upa-pack.de\/fr\/contact\/\">ENQU\u00caTE<\/a>.\n<p>Toutes les autres sp\u00e9cifications se trouvent dans les informations g\u00e9n\u00e9rales sur nos <strong data-start=\"1766\" data-end=\"1793\">corni\u00e8res de protection<\/strong>.<\/p>\n\t\t\t\t<a href=\"https:\/\/upa-pack.de\/app\/uploads\/2022\/12\/csm_upa_lightbox_kantenschutz_3_0dc1ff8957.jpg\"  target=\"_self\" itemprop=\"url\">\n\t\t\t\t<img decoding=\"async\" src=\"https:\/\/upa-pack.de\/app\/uploads\/2022\/12\/csm_upa_lightbox_kantenschutz_3_0dc1ff8957.jpg\" alt=\"Kantenschutz\" itemprop=\"image\" height=\"533\" width=\"800\" title=\"csm_upa_lightbox_kantenschutz_3_0dc1ff8957\" onerror=\"this.style.display='none'\"  \/>\n\t\t\t\t<\/a>\n\t<h2>\n\t\t\t\tCORNI\u00c8RES DE PROTECTION HYDROFUGES\n\t\t\t<\/h2>\n\tGr\u00e2ce \u00e0 une feuille ext\u00e9rieure rev\u00eatue de PE, nous fabriquons des <strong data-start=\"1910\" data-end=\"1948\">corni\u00e8res de protection hydrofuges<\/strong> particuli\u00e8rement r\u00e9sistantes aux \u00e9claboussures d&#8217;eau et \u00e0 l&#8217;humidit\u00e9 \u00e9lev\u00e9e.\nElles conservent les m\u00eames caract\u00e9ristiques et avantages que nos autres corni\u00e8res, mais sont parfaitement adapt\u00e9es aux palettes stock\u00e9es en entrep\u00f4ts frigorifiques ou en ext\u00e9rieur.\nToutes les autres sp\u00e9cifications se trouvent dans les informations g\u00e9n\u00e9rales concernant nos <strong data-start=\"2301\" data-end=\"2328\">corni\u00e8res de protection<\/strong>.\n\t\t\t<p>AVANTAGES DE NOS PRODUITS EN PAPIER<\/p>\t\n\t<h2>\n\t\t\t\tProtection durable\n\t\t\t<\/h2>\n\t\t\t\t<img decoding=\"async\" src=\"https:\/\/upa-pack.de\/app\/uploads\/2022\/11\/Forest_Stewardship_Council_Logo.svg-461x480.png\" alt=\"Forest_Stewardship_Council_Logo.svg\" itemprop=\"image\" height=\"480\" width=\"461\" title=\"Forest_Stewardship_Council_Logo.svg\" onerror=\"this.style.display='none'\"  \/>\n\t\t\t\t<img decoding=\"async\" src=\"https:\/\/upa-pack.de\/app\/uploads\/2024\/08\/dustintatarowic_Paper-in-best-form.svg\" alt=\"dustintatarowic_Paper in best form\" itemprop=\"image\" height=\"100\" width=\"100\" title=\"dustintatarowic_Paper in best form\" onerror=\"this.style.display='none'\"  \/>\n<h3>Le papier \u00e0 son meilleur<\/h3><p>\u00ab Le papier \u00e0 son meilleur \u00bb n&#8217;est pas seulement un slogan, mais une promesse. Une promesse que nous continuerons \u00e0 nous efforcer de justifier votre confiance et de vous fournir nos produits exceptionnels qui d\u00e9passent vos attentes et vous ravissent \u00e0 chaque utilisation.<\/p>\n\t\t\t\t<img decoding=\"async\" src=\"https:\/\/upa-pack.de\/app\/uploads\/2024\/08\/dustintatarowic_For-the-love-of-the-environment.svg\" alt=\"dustintatarowic_For the love of the environment\" itemprop=\"image\" height=\"100\" width=\"100\" title=\"dustintatarowic_For the love of the environment\" onerror=\"this.style.display='none'\"  \/>\n<h3>Pour le bien de l&#8217;environnement<\/h3><p>Un engagement pour prot\u00e9ger notre environnement et d\u00e9velopper des solutions durables qui sont pertinentes aujourd&#8217;hui et pour les g\u00e9n\u00e9rations futures.<\/p>\n\t\t\t\t<img decoding=\"async\" src=\"https:\/\/upa-pack.de\/app\/uploads\/2024\/08\/dustintatarowic_100-Recycling.svg\" alt=\"dustintatarowic_100% Recycling\" itemprop=\"image\" height=\"100\" width=\"100\" title=\"dustintatarowic_100% Recycling\" onerror=\"this.style.display='none'\"  \/>\n<h3>100% recycl\u00e9<\/h3><p>Nous croyons fermement que chaque produit fabriqu\u00e9 m\u00e9rite une seconde chance, m\u00eame \u00e0 la fin de son cycle de vie. En favorisant le recyclage \u00e0 100 %, nous nous engageons \u00e0 r\u00e9duire la consommation de ressources naturelles, \u00e0 minimiser les d\u00e9chets et \u00e0 r\u00e9duire notre empreinte carbone.<\/p>\n\t\t\t<a href=\"https:\/\/upa-pack.de\/fr\/contact\/\" target=\"_blank\" rel=\"noopener\">\n\t\t\t\t\t\t\tFaites une demande maintenant\n\t\t\t\t\t<\/a>\n\n","protected":false},"excerpt":{"rendered":"<p>CORNI\u00c8RES DE PROTECTION EN CARTON COMPACT Une protection stable avec le leader du march\u00e9 EXACTEMENT COMME VOUS EN AVEZ BESOIN Corni\u00e8res de protection de UPA PACK Corni\u00e8res de protection color\u00e9es Protection robuste en carton compact pour les bords et les angles Apprendre encore plus Corni\u00e8res de protection autocollantes Adapt\u00e9es \u00e0 toutes les applications et \u00e0 [&hellip;]<\/p>\n","protected":false},"author":3,"featured_media":0,"parent":2031,"menu_order":0,"comment_status":"closed","ping_status":"closed","template":"","meta":{"site-sidebar-layout":"default","site-content-layout":"","ast-site-content-layout":"default","site-content-style":"default","site-sidebar-style":"default","ast-global-header-display":"","ast-banner-title-visibility":"","ast-main-header-display":"","ast-hfb-above-header-display":"","ast-hfb-below-header-display":"","ast-hfb-mobile-header-display":"","site-post-title":"","ast-breadcrumbs-content":"","ast-featured-img":"","footer-sml-layout":"","theme-transparent-header-meta":"","adv-header-id-meta":"","stick-header-meta":"","header-above-stick-meta":"","header-main-stick-meta":"","header-below-stick-meta":"","astra-migrate-meta-layouts":"set","ast-page-background-enabled":"default","ast-page-background-meta":{"desktop":{"background-color":"var(--ast-global-color-4)","background-image":"","background-repeat":"repeat","background-position":"center center","background-size":"auto","background-attachment":"scroll","background-type":"","background-media":"","overlay-type":"","overlay-color":"","overlay-opacity":"","overlay-gradient":""},"tablet":{"background-color":"","background-image":"","background-repeat":"repeat","background-position":"center center","background-size":"auto","background-attachment":"scroll","background-type":"","background-media":"","overlay-type":"","overlay-color":"","overlay-opacity":"","overlay-gradient":""},"mobile":{"background-color":"","background-image":"","background-repeat":"repeat","background-position":"center center","background-size":"auto","background-attachment":"scroll","background-type":"","background-media":"","overlay-type":"","overlay-color":"","overlay-opacity":"","overlay-gradient":""}},"ast-content-background-meta":{"desktop":{"background-color":"var(--ast-global-color-5)","background-image":"","background-repeat":"repeat","background-position":"center center","background-size":"auto","background-attachment":"scroll","background-type":"","background-media":"","overlay-type":"","overlay-color":"","overlay-opacity":"","overlay-gradient":""},"tablet":{"background-color":"var(--ast-global-color-5)","background-image":"","background-repeat":"repeat","background-position":"center center","background-size":"auto","background-attachment":"scroll","background-type":"","background-media":"","overlay-type":"","overlay-color":"","overlay-opacity":"","overlay-gradient":""},"mobile":{"background-color":"var(--ast-global-color-5)","background-image":"","background-repeat":"repeat","background-position":"center center","background-size":"auto","background-attachment":"scroll","background-type":"","background-media":"","overlay-type":"","overlay-color":"","overlay-opacity":"","overlay-gradient":""}},"footnotes":""},"class_list":["post-2142","page","type-page","status-publish","hentry"],"_links":{"self":[{"href":"https:\/\/upa-pack.de\/fr\/wp-json\/wp\/v2\/pages\/2142","targetHints":{"allow":["GET"]}}],"collection":[{"href":"https:\/\/upa-pack.de\/fr\/wp-json\/wp\/v2\/pages"}],"about":[{"href":"https:\/\/upa-pack.de\/fr\/wp-json\/wp\/v2\/types\/page"}],"author":[{"embeddable":true,"href":"https:\/\/upa-pack.de\/fr\/wp-json\/wp\/v2\/users\/3"}],"replies":[{"embeddable":true,"href":"https:\/\/upa-pack.de\/fr\/wp-json\/wp\/v2\/comments?post=2142"}],"version-history":[{"count":18,"href":"https:\/\/upa-pack.de\/fr\/wp-json\/wp\/v2\/pages\/2142\/revisions"}],"predecessor-version":[{"id":3665,"href":"https:\/\/upa-pack.de\/fr\/wp-json\/wp\/v2\/pages\/2142\/revisions\/3665"}],"up":[{"embeddable":true,"href":"https:\/\/upa-pack.de\/fr\/wp-json\/wp\/v2\/pages\/2031"}],"wp:attachment":[{"href":"https:\/\/upa-pack.de\/fr\/wp-json\/wp\/v2\/media?parent=2142"}],"curies":[{"name":"wp","href":"https:\/\/api.w.org\/{rel}","templated":true}]}}