{"id":2031,"date":"2022-11-08T10:35:36","date_gmt":"2022-11-08T09:35:36","guid":{"rendered":"https:\/\/upa-pack.de\/produkte\/"},"modified":"2025-11-20T11:26:34","modified_gmt":"2025-11-20T10:26:34","slug":"produit","status":"publish","type":"page","link":"https:\/\/upa-pack.de\/fr\/produit\/","title":{"rendered":"Produit"},"content":{"rendered":"\n\n\t\t\t<p>Faites confiance \u00e0 nos produits<\/p>\t\n\t<h1>\n\t\t\t\tCorni\u00e8res de protection, tubes en carton dur et plus encore\n\t\t\t<\/h1>\n\t\t\t<p>Le papier dans toute sa splendeur<\/p>\t\n\t<h2>\n\t\t\t\tPour une protection optimale\n\t\t\t<\/h2>\n\t\t\t\t<img decoding=\"async\" alt=\"Kantenschutz Produktion\" src=\"https:\/\/upa-pack.de\/app\/uploads\/2022\/11\/08-1-1536x1024.jpg\"\/>\n\t\t<h3>Corni\u00e8res de protection<\/h3>\n\t\t\tProtection en carton compact pour les bords et les angles\n\t\t\t<a href=\"https:\/\/upa-pack.de\/fr\/produits\/kantenschutzwinkel\/\" title=\"Click Here\" target=\"_self\"   role=\"button\" aria-label=\"En savoir plus\">\n\t\t\t\t\t\t\tEn savoir plus\n\t\t<\/a>\n\t\t\t\t<img decoding=\"async\" alt=\"Hartpapierh\u00fclsen\" src=\"https:\/\/upa-pack.de\/app\/uploads\/2022\/11\/H\u0411lsen-slider-1536x1024.jpg\"\/>\n\t\t<h3>Tubes en carton<\/h3>\n\t\t\tAdapt\u00e9s \u00e0 de nombreuses applications et secteurs\n\t\t\t<a href=\"https:\/\/upa-pack.de\/fr\/produits\/huelsen\/\" title=\"Click Here\" target=\"_self\"   role=\"button\" aria-label=\"En savoir plus\">\n\t\t\t\t\t\t\tEn savoir plus\n\t\t<\/a>\n\t\t\t\t<img decoding=\"async\" alt=\"Pappzuschnitte Transport\" src=\"https:\/\/upa-pack.de\/app\/uploads\/2022\/11\/zuschnitte-1-1536x1024.jpg\"\/>\n\t\t<h3>D\u00e9coupes de papier d&#8217;emballage<\/h3>\n\t\t\tD\u00e9coupes adapt\u00e9es pour prot\u00e9ger vos produits\n\t\t\t<a href=\"https:\/\/upa-pack.de\/fr\/produits\/decoupes\/\" title=\"Click Here\" target=\"_self\"   role=\"button\" aria-label=\"En savoir plus\">\n\t\t\t\t\t\t\tEn savoir plus\n\t\t<\/a>\n\t\t\t\t<img decoding=\"async\" alt=\"Transportschutz Produktion\" src=\"https:\/\/upa-pack.de\/app\/uploads\/2022\/11\/slider-1536x1024.jpg\"\/>\n\t\t<h3>Profils<\/h3>\n\t\t\tProtection efficace pour les zones particuli\u00e8rement sensibles\n\t\t\t<a href=\"https:\/\/upa-pack.de\/fr\/produits\/profils\/\" title=\"Click Here\" target=\"_self\"   role=\"button\" aria-label=\"En savoir plus\">\n\t\t\t\t\t\t\tEn savoir plus\n\t\t<\/a>\n\t\t\t<p>Comment r\u00e9duire les dommages li\u00e9s au transport<\/p>\t\n\t<h2>\n\t\t\t\tUn emballage adapt\u00e9 fait toute la diff\u00e9rence\n\t\t\t<\/h2>\n\tR\u00e9duisez les risques de dommages li\u00e9s au transport gr\u00e2ce \u00e0 nos produits en carton compact. Quels que soient les produits que nous fabriquons pour vous, vos produits restent toujours emball\u00e9s et prot\u00e9g\u00e9s en toute s\u00e9curit\u00e9. Afin de pouvoir vous faire cette promesse, nous accordons une tr\u00e8s grande importance \u00e0 la qualit\u00e9 de nos produits. Nous utilisons d&#8217;ailleurs du papier 100 % recycl\u00e9 pour la fabrication. Nous nous distinguons \u00e9galement par un traitement rapide et sans faille de vos commandes.<br \/>\nNos produits sont fabriqu\u00e9s exclusivement selon vos souhaits, afin que vous obteniez exactement la protection dont vous avez besoin. Gr\u00e2ce \u00e0 notre savoir-faire et \u00e0 notre cr\u00e9ativit\u00e9 dans la mise en \u0153uvre de vos souhaits individuels, nous d\u00e9veloppons constamment notre gamme de produits et avons d\u00e9j\u00e0 cr\u00e9\u00e9 plusieurs nouveaut\u00e9s innovantes.\n\t<h2>\n\t\t\t\tOptions pour votre emballage personnalis\u00e9\n\t\t\t<\/h2>\n\t<p>Qu&#8217;il s&#8217;agisse de corni\u00e8res de protection, de tubes en carton ou de profil\u00e9s, il ne suffit pas toujours de disposer de dimensions et d&#8217;\u00e9paisseurs standard. Nous serons ravis de concevoir votre emballage personnalis\u00e9 selon vos besoins.<\/p>\n\t\t<h3>\t\n\tCouleur<\/h3><p>Donnez \u00e0 vos corni\u00e8res de protection, tubes en carton ou profil\u00e9s une apparence conforme \u00e0 votre identit\u00e9 visuelle.<br data-start=\"480\" data-end=\"483\" \/>Qu&#8217;il s&#8217;agisse d&#8217;une couleur sp\u00e9cifique, de votre logo ou d&#8217;un motif individuel, nous adaptons la protection de vos produits selon vos souhaits et imprimons vos \u00e9l\u00e9ments sur mesure.<\/p>\n\t\t<h3>\t\n\tAutocollant<\/h3><p>Une s\u00e9curit\u00e9 optimale sans glissement : de nombreux produits peuvent \u00eatre \u00e9quip\u00e9s d&#8217;une bande adh\u00e9sive int\u00e9gr\u00e9e.<br data-start=\"808\" data-end=\"811\" \/>Que ce soit pour des corni\u00e8res de protection, des tubes en carton ou des profil\u00e9s, nous proposons diff\u00e9rentes solutions autocollantes faciles \u00e0 utiliser et parfaitement adapt\u00e9es \u00e0 votre application.<\/p>\n\t\t<h3>\t\n\tHydrofuge<\/h3><p>Pour une r\u00e9sistance accrue \u00e0 l&#8217;humidit\u00e9 et aux \u00e9claboussures : gr\u00e2ce \u00e0 une face ext\u00e9rieure ou \u00e0 une bande recouverte de PE, nous fabriquons des corni\u00e8res de protection, tubes en carton et profil\u00e9s hydrophuges, id\u00e9aux pour les utilisations en ext\u00e9rieur ou dans des environnements r\u00e9frig\u00e9r\u00e9s.<\/p>\n\t\t\t<p>Sur mesure<\/p>\t\n\t<h2>\n\t\t\t\tNotre service de d\u00e9coupe\n\t\t\t<\/h2>\n\t\t\t<a href=\"https:\/\/upa-pack.de\/fr\/contact\/\" target=\"_self\">\n\t\t\t\t\t\t\tDemandez conseil d\u00e8s maintenant\n\t\t\t\t\t<\/a>\n\tNous proposons un service de d\u00e9coupe suppl\u00e9mentaire destin\u00e9 \u00e0 l&#8217;industrie de transformation du papier. Adapt\u00e9 \u00e0 vos besoins individuels, ce service offre de nombreuses possibilit\u00e9s.<br data-start=\"693\" data-end=\"696\" \/>La largeur maximale des rouleaux que nous pouvons traiter ainsi que leur diam\u00e8tre maximal est de <strong data-start=\"793\" data-end=\"805\">1 500 mm<\/strong> chacun.\n\n","protected":false},"excerpt":{"rendered":"<p>Faites confiance \u00e0 nos produits Corni\u00e8res de protection, tubes en carton dur et plus encore Le papier dans toute sa splendeur Pour une protection optimale Corni\u00e8res de protection Protection en carton compact pour les bords et les angles En savoir plus Tubes en carton Adapt\u00e9s \u00e0 de nombreuses applications et secteurs En savoir plus D\u00e9coupes [&hellip;]<\/p>\n","protected":false},"author":3,"featured_media":0,"parent":0,"menu_order":0,"comment_status":"closed","ping_status":"closed","template":"","meta":{"site-sidebar-layout":"default","site-content-layout":"","ast-site-content-layout":"default","site-content-style":"default","site-sidebar-style":"default","ast-global-header-display":"","ast-banner-title-visibility":"","ast-main-header-display":"","ast-hfb-above-header-display":"","ast-hfb-below-header-display":"","ast-hfb-mobile-header-display":"","site-post-title":"","ast-breadcrumbs-content":"","ast-featured-img":"","footer-sml-layout":"","theme-transparent-header-meta":"","adv-header-id-meta":"","stick-header-meta":"","header-above-stick-meta":"","header-main-stick-meta":"","header-below-stick-meta":"","astra-migrate-meta-layouts":"set","ast-page-background-enabled":"default","ast-page-background-meta":{"desktop":{"background-color":"var(--ast-global-color-4)","background-image":"","background-repeat":"repeat","background-position":"center center","background-size":"auto","background-attachment":"scroll","background-type":"","background-media":"","overlay-type":"","overlay-color":"","overlay-opacity":"","overlay-gradient":""},"tablet":{"background-color":"","background-image":"","background-repeat":"repeat","background-position":"center center","background-size":"auto","background-attachment":"scroll","background-type":"","background-media":"","overlay-type":"","overlay-color":"","overlay-opacity":"","overlay-gradient":""},"mobile":{"background-color":"","background-image":"","background-repeat":"repeat","background-position":"center center","background-size":"auto","background-attachment":"scroll","background-type":"","background-media":"","overlay-type":"","overlay-color":"","overlay-opacity":"","overlay-gradient":""}},"ast-content-background-meta":{"desktop":{"background-color":"var(--ast-global-color-5)","background-image":"","background-repeat":"repeat","background-position":"center center","background-size":"auto","background-attachment":"scroll","background-type":"","background-media":"","overlay-type":"","overlay-color":"","overlay-opacity":"","overlay-gradient":""},"tablet":{"background-color":"var(--ast-global-color-5)","background-image":"","background-repeat":"repeat","background-position":"center center","background-size":"auto","background-attachment":"scroll","background-type":"","background-media":"","overlay-type":"","overlay-color":"","overlay-opacity":"","overlay-gradient":""},"mobile":{"background-color":"var(--ast-global-color-5)","background-image":"","background-repeat":"repeat","background-position":"center center","background-size":"auto","background-attachment":"scroll","background-type":"","background-media":"","overlay-type":"","overlay-color":"","overlay-opacity":"","overlay-gradient":""}},"footnotes":""},"class_list":["post-2031","page","type-page","status-publish","hentry"],"_links":{"self":[{"href":"https:\/\/upa-pack.de\/fr\/wp-json\/wp\/v2\/pages\/2031","targetHints":{"allow":["GET"]}}],"collection":[{"href":"https:\/\/upa-pack.de\/fr\/wp-json\/wp\/v2\/pages"}],"about":[{"href":"https:\/\/upa-pack.de\/fr\/wp-json\/wp\/v2\/types\/page"}],"author":[{"embeddable":true,"href":"https:\/\/upa-pack.de\/fr\/wp-json\/wp\/v2\/users\/3"}],"replies":[{"embeddable":true,"href":"https:\/\/upa-pack.de\/fr\/wp-json\/wp\/v2\/comments?post=2031"}],"version-history":[{"count":11,"href":"https:\/\/upa-pack.de\/fr\/wp-json\/wp\/v2\/pages\/2031\/revisions"}],"predecessor-version":[{"id":3626,"href":"https:\/\/upa-pack.de\/fr\/wp-json\/wp\/v2\/pages\/2031\/revisions\/3626"}],"wp:attachment":[{"href":"https:\/\/upa-pack.de\/fr\/wp-json\/wp\/v2\/media?parent=2031"}],"curies":[{"name":"wp","href":"https:\/\/api.w.org\/{rel}","templated":true}]}}