{"id":2029,"date":"2022-11-08T10:36:40","date_gmt":"2022-11-08T09:36:40","guid":{"rendered":"https:\/\/upa-pack.de\/huelsen\/"},"modified":"2025-11-21T09:44:05","modified_gmt":"2025-11-21T08:44:05","slug":"tubes-en-carton","status":"publish","type":"page","link":"https:\/\/upa-pack.de\/fr\/produit\/tubes-en-carton\/","title":{"rendered":"Tubes en carton"},"content":{"rendered":"\n\n\t\t\t<h1>FABRICANT &amp; FOURNISSEUR DE TUBES EN CARTON<\/h1>\t\n\t<h2>\n\t\t\t\tENROUL\u00c9S \u00c0 LA PERFECTION &#038; ID\u00c9AUX POUR CHAQUE APPLICATION\n\t\t\t<\/h2>\n\t<h2>\n\t\t\t\tVOS PRODUITS DE TUBES EN CARTON PERSONNALIS\u00c9S\n\t\t\t<\/h2>\n\t\t\t\t<img decoding=\"async\" alt=\"Versandh\u00fclsen\" src=\"https:\/\/upa-pack.de\/app\/uploads\/2022\/11\/csm_upa_produkte_huelsen_2_7ed891e2a0.jpg\"\/>\n\t\t<h3>Tubes d&#8217;exp\u00e9dition<\/h3>\n\t\t\tLes tubes d&#8217;exp\u00e9dition sont la solution classique et \u00e9prouv\u00e9e pour l&#8217;envoi de documents et de produits.\n\t\t\t<a href=\"#versandhulsen\" title=\"Click Here\" target=\"_self\"   role=\"button\" aria-label=\"Plus\">\n\t\t\t\t\t\t\tPlus\n\t\t<\/a>\n\t\t\t\t<img decoding=\"async\" alt=\"Hartpapierh\u00fclsen\" src=\"https:\/\/upa-pack.de\/app\/uploads\/2024\/05\/Design-ohne-Titel-37.png\"\/>\n\t\t<h3>Tubes en carton dur<\/h3>\n\t\t\tChaque type d&#8217;enroulement re\u00e7oit chez nous le <strong data-start=\"1127\" data-end=\"1149\">tube en carton dur<\/strong> parfaitement adapt\u00e9 \u00e0 vos besoins.\n\t\t\t<a href=\"#hartpapierhulsen\" title=\"Click Here\" target=\"_self\"   role=\"button\" aria-label=\"Plus\">\n\t\t\t\t\t\t\tPlus\n\t\t<\/a>\n\t\t\t\t<img decoding=\"async\" alt=\"Viertelschal- Halbschalenh\u00fclsen\" src=\"https:\/\/upa-pack.de\/app\/uploads\/2022\/11\/upa_teaser_viertel_halbschale.jpg\"\/>\n\t\t<h3>Quarts-de-coquille \/ demi-coquilles en carton<\/h3>\n\t\t\t<p>Les quarts-de-coquille et demi-coquilles en carton sont polyvalents et s&#8217;adaptent \u00e0 de nombreuses applications.<\/p>\n\t\t\t<a href=\"#viertelschal-halbschalhulsen\" title=\"Click Here\" target=\"_self\"   role=\"button\" aria-label=\"Plus\">\n\t\t\t\t\t\t\tPlus\n\t\t<\/a>\n\t\t\t\t<img decoding=\"async\" alt=\"Hartpapierh\u00fclsen\" src=\"https:\/\/upa-pack.de\/app\/uploads\/2024\/05\/HL-Neu.png\"\/>\n\t\t<h3>Anneaux en carton<\/h3>\n\t\t\tId\u00e9als pour la production d&#8217;\u00e9tiquettes ou de rubans adh\u00e9sifs.\n\t\t\t<a href=\"#hulsenringe\" title=\"Click Here\" target=\"_self\"   role=\"button\" aria-label=\"Plus\">\n\t\t\t\t\t\t\tPlus\n\t\t<\/a>\n\t\t\t<p>Tubes en carton : fabriqu\u00e9s individuellement pour vous<\/p>\n\t<h2>\n\t\t\t\tTubes en carton enroul\u00e9s en spirale &#8211; des produits de qualit\u00e9\n\t\t\t<\/h2>\n\tNos <strong data-start=\"336\" data-end=\"355\">tubes en carton<\/strong> sont une solution id\u00e9ale pour de nombreuses applications et pour de nombreux secteurs.<br data-start=\"442\" data-end=\"445\" \/>Qu&#8217;il s&#8217;agisse de la protection lors de l&#8217;exp\u00e9dition de produits longs et sensibles ou de l&#8217;utilisation comme mandrins pour vos mat\u00e9riaux en bobine : nous fabriquons exactement les tubes en carton adapt\u00e9s \u00e0 vos exigences individuelles. Nous vous garantissons une qualit\u00e9 optimale et des d\u00e9lais de livraison rapides.\nOutre les <strong data-start=\"772\" data-end=\"795\">tubes en carton dur<\/strong>, les <strong data-start=\"801\" data-end=\"822\">anneaux en carton<\/strong> et les <strong data-start=\"830\" data-end=\"852\">tubes d&#8217;exp\u00e9dition<\/strong>, notre gamme comprend \u00e9galement des <strong data-start=\"889\" data-end=\"911\">quarts-de-coquille<\/strong> et <strong data-start=\"915\" data-end=\"943\">demi-coquilles en carton<\/strong>. De plus, nos tubes spiral\u00e9s sont fabriqu\u00e9s \u00e0 partir de papier <strong data-start=\"1009\" data-end=\"1026\">100 % recycl\u00e9<\/strong>, ce qui permet une \u00e9limination \u00e9cologique et simple avec les vieux papiers.\n<h3>\n\t\tVos avantages en un coup d&#8217;\u0153il :\n\t<\/h3>\n\t<ul>\n<li>Exp\u00e9dition s\u00e9curis\u00e9e de marchandises sensibles<\/li>\n<li>Base parfaitement adapt\u00e9e pour vos mat\u00e9riaux enroul\u00e9s<\/li>\n<li>Emballage syst\u00e8me stabilis\u00e9<\/li>\n<\/ul>\n\t<ul>\n<li>R\u00e9duction des dommages li\u00e9s au transport<\/li>\n<li>Production individuelle<\/li>\n<li>D\u00e9lais de livraison rapides<\/li>\n<\/ul>\n\t\t\t\t<a href=\"https:\/\/upa-pack.de\/app\/uploads\/2024\/05\/9a49a184-55b4-4d0f-89da-9ec3938a6f64.png\"  target=\"_self\" itemprop=\"url\">\n\t\t\t\t<img decoding=\"async\" src=\"https:\/\/upa-pack.de\/app\/uploads\/2024\/05\/9a49a184-55b4-4d0f-89da-9ec3938a6f64.png\" alt=\"Versandh\u00fclsen\" itemprop=\"image\" height=\"236\" width=\"328\" title=\"Versandh\u00fclsen\" onerror=\"this.style.display='none'\"  \/>\n\t\t\t\t<\/a>\n\t<h2>\n\t\t\t\tTubes d&#8217;exp\u00e9dition\n\t\t\t<\/h2>\n\tLes <strong data-start=\"483\" data-end=\"505\">tubes d&#8217;exp\u00e9dition<\/strong> sont la solution classique, rapide, s\u00fbre et \u00e9conomique pour emballer et exp\u00e9dier vos produits.<br data-start=\"600\" data-end=\"603\" \/>Nos tubes d&#8217;exp\u00e9dition fabriqu\u00e9s individuellement pour vous sont parfaitement adapt\u00e9s \u00e0 l&#8217;emballage et \u00e0 l&#8217;envoi de produits longs (lattes, profils, etc.) ou d&#8217;objets cylindriques.<br data-start=\"783\" data-end=\"786\" \/>Ils offrent \u00e9galement une protection efficace pour vos supports marketing, dessins, documents ou tout autre mat\u00e9riau en rouleau qui ne doit pas \u00eatre pli\u00e9 ou endommag\u00e9.\nLes bouchons de fermeture adapt\u00e9s en plastique (PE blanc) sont fournis s\u00e9par\u00e9ment avec la livraison ou, sur demande, d\u00e9j\u00e0 ins\u00e9r\u00e9s d&#8217;un c\u00f4t\u00e9.\n\t\t\t\t<a href=\"https:\/\/upa-pack.de\/app\/uploads\/2024\/05\/fe472a84-903a-4756-90fc-e7cfb3e0b5b4-1.png\"  target=\"_self\" itemprop=\"url\">\n\t\t\t\t<img decoding=\"async\" src=\"https:\/\/upa-pack.de\/app\/uploads\/2024\/05\/fe472a84-903a-4756-90fc-e7cfb3e0b5b4-1.png\" alt=\"Hartpapierh\u00fclsen\" itemprop=\"image\" height=\"236\" width=\"328\" title=\"fe472a84-903a-4756-90fc-e7cfb3e0b5b4 (1)\" onerror=\"this.style.display='none'\"  \/>\n\t\t\t\t<\/a>\n\t<h2>\n\t\t\t\tTubes en carton dur\n\t\t\t<\/h2>\n\tChaque mat\u00e9riau enroul\u00e9 re\u00e7oit chez nous le <strong data-start=\"1197\" data-end=\"1219\">tube en carton dur<\/strong> parfaitement adapt\u00e9. Le mandrin doit en effet r\u00e9sister aux sollicitations sp\u00e9cifiques du mat\u00e9riau en bobine. Le domaine d&#8217;application de nos tubes couvre tous les mat\u00e9riaux bobin\u00e9s courants, tels que le papier, les films, les textiles, les non-tiss\u00e9s, les feutres techniques, les \u00e9tiquettes et les m\u00e9taux.\nPour des exigences particuli\u00e8res, nos tubes en carton dur conviennent \u00e9galement parfaitement : des tubes pour displays POS comme \u00e9l\u00e9ments porteurs jusqu&#8217;aux tubes de renfort pour les charges les plus \u00e9lev\u00e9es dans vos emballages syst\u00e8me.\n\t\t\t\t<a href=\"https:\/\/upa-pack.de\/app\/uploads\/2024\/05\/Design-ohne-Titel-44.png\"  target=\"_self\" itemprop=\"url\">\n\t\t\t\t<img decoding=\"async\" src=\"https:\/\/upa-pack.de\/app\/uploads\/2024\/05\/Design-ohne-Titel-44.png\" alt=\"Viertelschalh\u00fclsen\" itemprop=\"image\" height=\"236\" width=\"328\" title=\"Design ohne Titel (44)\" onerror=\"this.style.display='none'\"  \/>\n\t\t\t\t<\/a>\n\t<h2>\n\t\t\t\tQUARTS-DE-COQUILLE &#038; DEMI-COQUILLES EN CARTON\n\t\t\t<\/h2>\n\tNos <strong data-start=\"1872\" data-end=\"1922\">quarts-de-coquille et demi-coquilles en carton<\/strong> sont des solutions polyvalentes pour la protection des ar\u00eates.<br data-start=\"1985\" data-end=\"1988\" \/>Elles sont id\u00e9ales pour une utilisation dans les conteneurs de 1 m\u00b3 (IBC), afin de prot\u00e9ger les vessies contre les dommages caus\u00e9s par les sangles de serrage.<br data-start=\"2146\" data-end=\"2149\" \/>Mais elles permettent \u00e9galement de r\u00e9soudre de nombreuses autres t\u00e2ches d&#8217;emballage.<br data-start=\"2233\" data-end=\"2236\" \/>En effet, comme \u00e9l\u00e9ments de s\u00e9curisation de charge textile, elles assurent une protection optimale contre les dommages caus\u00e9s par des emballages aux bords coupants.\nNos quarts-de-coquille sont aussi utilis\u00e9s pour la s\u00e9curisation de palettes contenant des sacs ou des marchandises non rigides, par exemple des balles textiles, o\u00f9 leur forme s&#8217;adapte parfaitement \u00e0 la marchandise \u00e0 stabiliser.\nPar ailleurs, ces coquilles ne sont pas seulement des solutions robustes pour l&#8217;emballage ou la s\u00e9curisation de charge, elles sont aussi tr\u00e8s \u00e9conomiques.<br data-start=\"2785\" data-end=\"2788\" \/>Bon \u00e0 savoir : dans un syst\u00e8me de retour existant, nos quarts-de-coquille et demi-coquilles peuvent \u00eatre r\u00e9utilis\u00e9s plusieurs fois.\n\t\t\t\t<a href=\"https:\/\/upa-pack.de\/app\/uploads\/2024\/05\/HL-Neu.png\"  target=\"_self\" itemprop=\"url\">\n\t\t\t\t<img decoding=\"async\" src=\"https:\/\/upa-pack.de\/app\/uploads\/2024\/05\/HL-Neu.png\" alt=\"Hartpapierh\u00fclsen\" itemprop=\"image\" height=\"236\" width=\"328\" title=\"HL Neu\" onerror=\"this.style.display='none'\"  \/>\n\t\t\t\t<\/a>\n\t<h2>\n\t\t\t\tAnneaux en carton\n\t\t\t<\/h2>\n\t<p>Que ce soit chez les fabricants d&#8217;\u00e9tiquettes ou de rubans adh\u00e9sifs, ou chez les producteurs de bandes textiles ou de films : partout o\u00f9 des bandes \u00e9troites sont enroul\u00e9es, les <strong data-start=\"712\" data-end=\"733\">anneaux en carton<\/strong> d&#8217;UPA PACK sont utilis\u00e9s.<br data-start=\"759\" data-end=\"762\" \/>Nos anneaux sont fabriqu\u00e9s sur des machines de d\u00e9coupe ultramodernes, ce qui permet d&#8217;obtenir des bords nets ainsi que des tol\u00e9rances de fabrication extr\u00eamement pr\u00e9cises.<br data-start=\"932\" data-end=\"935\" \/>M\u00eame les plus petites dimensions peuvent \u00eatre produites sur mesure selon vos besoins.<\/p>\n\t\t\t<p>Nos produits de tubes en carton &#8211; sp\u00e9cifications en un coup d&#8217;\u0153il<\/p>\n\t<h2>\n\t\t\t\tDimensions possibles\n\t\t\t<\/h2>\n\t\t\t\t\t\t<h5>Tubes en carton dur et tubes d&#8217;exp\u00e9dition :<\/h5>\n\t\t\t\t\t\n\t\t\t\t\t\t<h5>Quarts-de-coquille et demi-coquilles en carton :<\/h5>\n\t\t\t\t\t\n\t\t\t\t\t\t<h5>Anneaux en carton :<\/h5>\n\t\t\t\t\t\n\t\t\t\t\t\t<h5>Options :<\/h5>\n\t\t\t<ul>\n<li>couverture ext\u00e9rieure brune ou color\u00e9e<\/li>\n<li>couverture int\u00e9rieure grise ou color\u00e9e<\/li>\n<li>impression selon vos sp\u00e9cifications<\/li>\n<li>couverture ext\u00e9rieure rev\u00eatue de PE<\/li>\n<li>ext\u00e9rieur avec bande adh\u00e9sive appliqu\u00e9e en spirale<\/li>\n<\/ul>\n\t\t\t<p>AVANTAGES DE NOS PRODUITS EN PAPIER<\/p>\t\n\t<h2>\n\t\t\t\tProtection durable\n\t\t\t<\/h2>\n\t\t\t\t<img decoding=\"async\" src=\"https:\/\/upa-pack.de\/\/app\/uploads\/2022\/11\/Forest_Stewardship_Council_Logo.svg-461x480.png\" alt=\"Forest_Stewardship_Council_Logo.svg\" itemprop=\"image\" title=\"Forest_Stewardship_Council_Logo.svg\" onerror=\"this.style.display='none'\"  \/>\n\t\t\t\t<img decoding=\"async\" src=\"https:\/\/upa-pack.de\/app\/uploads\/2024\/08\/dustintatarowic_Paper-in-best-form.svg\" alt=\"dustintatarowic_Paper in best form\" itemprop=\"image\" height=\"100\" width=\"100\" title=\"dustintatarowic_Paper in best form\" onerror=\"this.style.display='none'\"  \/>\n<h3>Le papier \u00e0 son meilleur<\/h3><p>\u00ab Le papier \u00e0 son meilleur \u00bb n&#8217;est pas seulement un slogan, mais une promesse. Une promesse que nous continuerons \u00e0 nous efforcer de justifier votre confiance et de vous fournir nos produits exceptionnels qui d\u00e9passent vos attentes et vous ravissent \u00e0 chaque utilisation.<\/p>\n\t\t\t\t<img decoding=\"async\" src=\"https:\/\/upa-pack.de\/app\/uploads\/2024\/08\/dustintatarowic_For-the-love-of-the-environment.svg\" alt=\"dustintatarowic_For the love of the environment\" itemprop=\"image\" height=\"100\" width=\"100\" title=\"dustintatarowic_For the love of the environment\" onerror=\"this.style.display='none'\"  \/>\n<h3>Pour le bien de l&#8217;environnement<\/h3>\n<p>Un engagement pour prot\u00e9ger notre environnement et d\u00e9velopper des solutions durables qui sont pertinentes aujourd&#8217;hui et pour les g\u00e9n\u00e9rations futures.<\/p>\n\t\t\t\t<img decoding=\"async\" src=\"https:\/\/upa-pack.de\/app\/uploads\/2024\/08\/dustintatarowic_100-Recycling.svg\" alt=\"dustintatarowic_100% Recycling\" itemprop=\"image\" height=\"100\" width=\"100\" title=\"dustintatarowic_100% Recycling\" onerror=\"this.style.display='none'\"  \/>\n<h3>100% recycl\u00e9<\/h3>\n<p>Nous croyons fermement que chaque produit fabriqu\u00e9 m\u00e9rite une seconde chance, m\u00eame \u00e0 la fin de son cycle de vie. En favorisant le recyclage \u00e0 100 %, nous nous engageons \u00e0 r\u00e9duire la consommation de ressources naturelles, \u00e0 minimiser les d\u00e9chets et \u00e0 r\u00e9duire notre empreinte carbone.<\/p>\n\t\t\t<a href=\"https:\/\/upa-pack.de\/fr\/contact\/\" target=\"_self\">\n\t\t\t\t\t\t\tFaites une demande maintenant\n\t\t\t\t\t<\/a>\n\n","protected":false},"excerpt":{"rendered":"<p>FABRICANT &amp; FOURNISSEUR DE TUBES EN CARTON ENROUL\u00c9S \u00c0 LA PERFECTION &#038; ID\u00c9AUX POUR CHAQUE APPLICATION VOS PRODUITS DE TUBES EN CARTON PERSONNALIS\u00c9S Tubes d&#8217;exp\u00e9dition Les tubes d&#8217;exp\u00e9dition sont la solution classique et \u00e9prouv\u00e9e pour l&#8217;envoi de documents et de produits. Plus Tubes en carton dur Chaque type d&#8217;enroulement re\u00e7oit chez nous le tube en [&hellip;]<\/p>\n","protected":false},"author":3,"featured_media":0,"parent":2031,"menu_order":0,"comment_status":"closed","ping_status":"closed","template":"","meta":{"site-sidebar-layout":"default","site-content-layout":"","ast-site-content-layout":"default","site-content-style":"default","site-sidebar-style":"default","ast-global-header-display":"","ast-banner-title-visibility":"","ast-main-header-display":"","ast-hfb-above-header-display":"","ast-hfb-below-header-display":"","ast-hfb-mobile-header-display":"","site-post-title":"","ast-breadcrumbs-content":"","ast-featured-img":"","footer-sml-layout":"","theme-transparent-header-meta":"","adv-header-id-meta":"","stick-header-meta":"","header-above-stick-meta":"","header-main-stick-meta":"","header-below-stick-meta":"","astra-migrate-meta-layouts":"set","ast-page-background-enabled":"default","ast-page-background-meta":{"desktop":{"background-color":"var(--ast-global-color-4)","background-image":"","background-repeat":"repeat","background-position":"center center","background-size":"auto","background-attachment":"scroll","background-type":"","background-media":"","overlay-type":"","overlay-color":"","overlay-opacity":"","overlay-gradient":""},"tablet":{"background-color":"","background-image":"","background-repeat":"repeat","background-position":"center center","background-size":"auto","background-attachment":"scroll","background-type":"","background-media":"","overlay-type":"","overlay-color":"","overlay-opacity":"","overlay-gradient":""},"mobile":{"background-color":"","background-image":"","background-repeat":"repeat","background-position":"center center","background-size":"auto","background-attachment":"scroll","background-type":"","background-media":"","overlay-type":"","overlay-color":"","overlay-opacity":"","overlay-gradient":""}},"ast-content-background-meta":{"desktop":{"background-color":"var(--ast-global-color-5)","background-image":"","background-repeat":"repeat","background-position":"center center","background-size":"auto","background-attachment":"scroll","background-type":"","background-media":"","overlay-type":"","overlay-color":"","overlay-opacity":"","overlay-gradient":""},"tablet":{"background-color":"var(--ast-global-color-5)","background-image":"","background-repeat":"repeat","background-position":"center center","background-size":"auto","background-attachment":"scroll","background-type":"","background-media":"","overlay-type":"","overlay-color":"","overlay-opacity":"","overlay-gradient":""},"mobile":{"background-color":"var(--ast-global-color-5)","background-image":"","background-repeat":"repeat","background-position":"center center","background-size":"auto","background-attachment":"scroll","background-type":"","background-media":"","overlay-type":"","overlay-color":"","overlay-opacity":"","overlay-gradient":""}},"footnotes":""},"class_list":["post-2029","page","type-page","status-publish","hentry"],"_links":{"self":[{"href":"https:\/\/upa-pack.de\/fr\/wp-json\/wp\/v2\/pages\/2029","targetHints":{"allow":["GET"]}}],"collection":[{"href":"https:\/\/upa-pack.de\/fr\/wp-json\/wp\/v2\/pages"}],"about":[{"href":"https:\/\/upa-pack.de\/fr\/wp-json\/wp\/v2\/types\/page"}],"author":[{"embeddable":true,"href":"https:\/\/upa-pack.de\/fr\/wp-json\/wp\/v2\/users\/3"}],"replies":[{"embeddable":true,"href":"https:\/\/upa-pack.de\/fr\/wp-json\/wp\/v2\/comments?post=2029"}],"version-history":[{"count":16,"href":"https:\/\/upa-pack.de\/fr\/wp-json\/wp\/v2\/pages\/2029\/revisions"}],"predecessor-version":[{"id":3638,"href":"https:\/\/upa-pack.de\/fr\/wp-json\/wp\/v2\/pages\/2029\/revisions\/3638"}],"up":[{"embeddable":true,"href":"https:\/\/upa-pack.de\/fr\/wp-json\/wp\/v2\/pages\/2031"}],"wp:attachment":[{"href":"https:\/\/upa-pack.de\/fr\/wp-json\/wp\/v2\/media?parent=2029"}],"curies":[{"name":"wp","href":"https:\/\/api.w.org\/{rel}","templated":true}]}}