{"id":2026,"date":"2022-11-08T10:37:29","date_gmt":"2022-11-08T09:37:29","guid":{"rendered":"https:\/\/upa-pack.de\/profile\/"},"modified":"2025-11-21T11:57:46","modified_gmt":"2025-11-21T10:57:46","slug":"profils","status":"publish","type":"page","link":"https:\/\/upa-pack.de\/fr\/produit\/profils\/","title":{"rendered":"Profil\u00e9s"},"content":{"rendered":"\n\n\t\t\t<h1>Profils de protection en carton pour bords et ar\u00eates<\/h1>\n\t<h2>\n\t\t\t\tLa protection adapt\u00e9e pour les zones particuli\u00e8rement sensibles\n\t\t\t<\/h2>\n\t\t\t<p>Profils : fabriqu\u00e9s selon vos exigences<\/p>\n\t<h2>\n\t\t\t\tProduits de qualit\u00e9 en carton compact\n\t\t\t<\/h2>\n\tLes bords et les coins de vos marchandises sont particuli\u00e8rement sensibles. Que ce soit \u00e0 cause de la d\u00e9coupe des feuillards de cerclage, des chocs ou de la d\u00e9formation, vos produits peuvent \u00eatre endommag\u00e9s lors du transport mais aussi pendant le stockage. Un emballage optimal est essentiel pour \u00e9viter ces dommages.<br data-start=\"541\" data-end=\"544\" \/>Nos profils en carton compact fabriqu\u00e9s sur mesure selon vos besoins vous garantissent une protection optimale.\nPour la protection des bords particuli\u00e8rement sensibles, nous proposons principalement nos profils en U\/L. Pour la protection des surfaces sensibles, vous pouvez compter sur nos profils plats.<br data-start=\"849\" data-end=\"852\" \/>Comme pour tous nos produits en papier, nous accordons une attention particuli\u00e8re \u00e0 la qualit\u00e9.<br data-start=\"947\" data-end=\"950\" \/>Nos profils sont \u00e9galement fabriqu\u00e9s \u00e0 partir de papier 100 % recycl\u00e9. Ils peuvent ainsi \u00eatre \u00e9limin\u00e9s facilement avec les vieux papiers.\n<h3>\n\t\tLes avantages en un coup d&#8217;\u0153il :\n\t<\/h3>\n\t<ul>\n<li>Prot\u00e8ge les bords, les surfaces et les marchandises sensibles<\/li>\n<li>R\u00e9duit les dommages li\u00e9s au transport<\/li>\n<\/ul>\n\t<ul>\n<li>Production individuelle<\/li>\n<li>D\u00e9lais de livraison rapides<\/li>\n<\/ul>\n\t<h2>\n\t\t\t\tVotre protection de transport &#8211; Nos produits\n\t\t\t<\/h2>\n\t<h2>\n\t\t\t\tProfils plats\n\t\t\t<\/h2>\n\tNos profils plats sont utilis\u00e9s comme intercalaires de d\u00e9coupe ou comme cales entre des surfaces sensibles, par exemple des mat\u00e9riaux en plaques. Nos profils plats trouvent \u00e9galement leur application dans la construction de supports de charge \u00e0 usage unique ainsi que dans le domaine des emballages syst\u00e8me.\n\t<h2>\n\t\t\t\tProfils en U \/ Profils en L\n\t\t\t<\/h2>\n\tNos profils en U\/L sont incontournables en mati\u00e8re de protection des produits ! Ils offrent une solution compacte en tant que profil en L. Un c\u00f4t\u00e9 est rigidement vertical, tandis que l&#8217;autre c\u00f4t\u00e9 peut \u00eatre rabattu pour l&#8217;utilisation, la ligne de pliage \u00e9tant pr\u00e9d\u00e9finie par une rainure.\n\t\t\t<p>Produits de qualit\u00e9 en carton compact<\/p>\t\n\t<h2>\n\t\t\t\tDimensions possibles\n\t\t\t<\/h2>\n\t\t\t\t\t\t<h5>Profils plats<\/h5>\n\t\t\t\t\t\n\t\t\t\t\t\t<h5>Options :<\/h5>\n\t\t\t<ul>\n<li>Couche ext\u00e9rieure brune ou color\u00e9e<\/li>\n<li>Feuille ext\u00e9rieure rev\u00eatue de PE (hydrofuge)<\/li>\n<li>Autocollant (simple ou double face)<\/li>\n<li>Imprim\u00e9 selon vos sp\u00e9cifications<\/li>\n<\/ul>\n\t\t\t\t\t\t<h5>Profils en U\/L<\/h5>\n\t\t\t\t\t\n\t\t\t\t\t\t<h5>Options :<\/h5>\n\t\t\t<ul>\n<li>Couche ext\u00e9rieure brune ou color\u00e9e<\/li>\n<li>Autocollant (int\u00e9rieur\/ext\u00e9rieur, simple ou double face)<\/li>\n<li>Feuille ext\u00e9rieure rev\u00eatue de PE (hydrofuge)<\/li>\n<\/ul>\n\t\t\t<p>AVANTAGES DE NOS PRODUITS EN PAPIER<\/p>\n\t<h2>\n\t\t\t\tProtection durable\n\t\t\t<\/h2>\n\t\t\t\t<img decoding=\"async\" src=\"https:\/\/upa-pack.de\/\/app\/uploads\/2022\/11\/Forest_Stewardship_Council_Logo.svg-461x480.png\" alt=\"Forest_Stewardship_Council_Logo.svg\" itemprop=\"image\" title=\"Forest_Stewardship_Council_Logo.svg\" onerror=\"this.style.display='none'\"  \/>\n\t\t\t\t<img decoding=\"async\" src=\"https:\/\/upa-pack.de\/app\/uploads\/2024\/08\/dustintatarowic_Paper-in-best-form.svg\" alt=\"dustintatarowic_Paper in best form\" itemprop=\"image\" height=\"100\" width=\"100\" title=\"dustintatarowic_Paper in best form\" onerror=\"this.style.display='none'\"  \/>\n<h3>Le papier \u00e0 son meilleur<\/h3>\n<p>\u00ab Le papier \u00e0 son meilleur \u00bb n&#8217;est pas seulement un slogan, mais une promesse. Une promesse que nous continuerons \u00e0 nous efforcer de justifier votre confiance et de vous fournir nos produits exceptionnels qui d\u00e9passent vos attentes et vous ravissent \u00e0 chaque utilisation.<\/p>\n\t\t\t\t<img decoding=\"async\" src=\"https:\/\/upa-pack.de\/app\/uploads\/2024\/08\/dustintatarowic_For-the-love-of-the-environment.svg\" alt=\"dustintatarowic_For the love of the environment\" itemprop=\"image\" height=\"100\" width=\"100\" title=\"dustintatarowic_For the love of the environment\" onerror=\"this.style.display='none'\"  \/>\n<h3>Pour le bien de l&#8217;environnement<\/h3>\n<p>Un engagement pour prot\u00e9ger notre environnement et d\u00e9velopper des solutions durables qui sont pertinentes aujourd&#8217;hui et pour les g\u00e9n\u00e9rations futures.<\/p>\n\t\t\t\t<img decoding=\"async\" src=\"https:\/\/upa-pack.de\/app\/uploads\/2024\/08\/dustintatarowic_100-Recycling.svg\" alt=\"dustintatarowic_100% Recycling\" itemprop=\"image\" height=\"100\" width=\"100\" title=\"dustintatarowic_100% Recycling\" onerror=\"this.style.display='none'\"  \/>\n<h3>100% recycl\u00e9<\/h3>\n<p>Nous croyons fermement que chaque produit fabriqu\u00e9 m\u00e9rite une seconde chance, m\u00eame \u00e0 la fin de son cycle de vie. En favorisant le recyclage \u00e0 100 %, nous nous engageons \u00e0 r\u00e9duire la consommation de ressources naturelles, \u00e0 minimiser les d\u00e9chets et \u00e0 r\u00e9duire notre empreinte carbone.<\/p>\n\t\t\t<a href=\"https:\/\/upa-pack.de\/fr\/contact\/\" target=\"_self\">\n\t\t\t\t\t\t\tFaites une demande maintenant\n\t\t\t\t\t<\/a>\n\n","protected":false},"excerpt":{"rendered":"<p>Profils de protection en carton pour bords et ar\u00eates La protection adapt\u00e9e pour les zones particuli\u00e8rement sensibles Profils : fabriqu\u00e9s selon vos exigences Produits de qualit\u00e9 en carton compact Les bords et les coins de vos marchandises sont particuli\u00e8rement sensibles. Que ce soit \u00e0 cause de la d\u00e9coupe des feuillards de cerclage, des chocs ou [&hellip;]<\/p>\n","protected":false},"author":3,"featured_media":0,"parent":2031,"menu_order":0,"comment_status":"closed","ping_status":"closed","template":"","meta":{"site-sidebar-layout":"default","site-content-layout":"","ast-site-content-layout":"default","site-content-style":"default","site-sidebar-style":"default","ast-global-header-display":"","ast-banner-title-visibility":"","ast-main-header-display":"","ast-hfb-above-header-display":"","ast-hfb-below-header-display":"","ast-hfb-mobile-header-display":"","site-post-title":"","ast-breadcrumbs-content":"","ast-featured-img":"","footer-sml-layout":"","theme-transparent-header-meta":"","adv-header-id-meta":"","stick-header-meta":"","header-above-stick-meta":"","header-main-stick-meta":"","header-below-stick-meta":"","astra-migrate-meta-layouts":"set","ast-page-background-enabled":"default","ast-page-background-meta":{"desktop":{"background-color":"var(--ast-global-color-4)","background-image":"","background-repeat":"repeat","background-position":"center center","background-size":"auto","background-attachment":"scroll","background-type":"","background-media":"","overlay-type":"","overlay-color":"","overlay-opacity":"","overlay-gradient":""},"tablet":{"background-color":"","background-image":"","background-repeat":"repeat","background-position":"center center","background-size":"auto","background-attachment":"scroll","background-type":"","background-media":"","overlay-type":"","overlay-color":"","overlay-opacity":"","overlay-gradient":""},"mobile":{"background-color":"","background-image":"","background-repeat":"repeat","background-position":"center center","background-size":"auto","background-attachment":"scroll","background-type":"","background-media":"","overlay-type":"","overlay-color":"","overlay-opacity":"","overlay-gradient":""}},"ast-content-background-meta":{"desktop":{"background-color":"var(--ast-global-color-5)","background-image":"","background-repeat":"repeat","background-position":"center center","background-size":"auto","background-attachment":"scroll","background-type":"","background-media":"","overlay-type":"","overlay-color":"","overlay-opacity":"","overlay-gradient":""},"tablet":{"background-color":"var(--ast-global-color-5)","background-image":"","background-repeat":"repeat","background-position":"center center","background-size":"auto","background-attachment":"scroll","background-type":"","background-media":"","overlay-type":"","overlay-color":"","overlay-opacity":"","overlay-gradient":""},"mobile":{"background-color":"var(--ast-global-color-5)","background-image":"","background-repeat":"repeat","background-position":"center center","background-size":"auto","background-attachment":"scroll","background-type":"","background-media":"","overlay-type":"","overlay-color":"","overlay-opacity":"","overlay-gradient":""}},"footnotes":""},"class_list":["post-2026","page","type-page","status-publish","hentry"],"_links":{"self":[{"href":"https:\/\/upa-pack.de\/fr\/wp-json\/wp\/v2\/pages\/2026","targetHints":{"allow":["GET"]}}],"collection":[{"href":"https:\/\/upa-pack.de\/fr\/wp-json\/wp\/v2\/pages"}],"about":[{"href":"https:\/\/upa-pack.de\/fr\/wp-json\/wp\/v2\/types\/page"}],"author":[{"embeddable":true,"href":"https:\/\/upa-pack.de\/fr\/wp-json\/wp\/v2\/users\/3"}],"replies":[{"embeddable":true,"href":"https:\/\/upa-pack.de\/fr\/wp-json\/wp\/v2\/comments?post=2026"}],"version-history":[{"count":12,"href":"https:\/\/upa-pack.de\/fr\/wp-json\/wp\/v2\/pages\/2026\/revisions"}],"predecessor-version":[{"id":3643,"href":"https:\/\/upa-pack.de\/fr\/wp-json\/wp\/v2\/pages\/2026\/revisions\/3643"}],"up":[{"embeddable":true,"href":"https:\/\/upa-pack.de\/fr\/wp-json\/wp\/v2\/pages\/2031"}],"wp:attachment":[{"href":"https:\/\/upa-pack.de\/fr\/wp-json\/wp\/v2\/media?parent=2026"}],"curies":[{"name":"wp","href":"https:\/\/api.w.org\/{rel}","templated":true}]}}