{"id":2025,"date":"2022-11-08T10:37:01","date_gmt":"2022-11-08T09:37:01","guid":{"rendered":"https:\/\/upa-pack.de\/zuschnitte\/"},"modified":"2025-11-21T09:43:17","modified_gmt":"2025-11-21T08:43:17","slug":"intercalaires-en-carton","status":"publish","type":"page","link":"https:\/\/upa-pack.de\/fr\/produit\/intercalaires-en-carton\/","title":{"rendered":"Intercalaires en carton"},"content":{"rendered":"\n\n\t\t\t<p>Id\u00e9alement stratifi\u00e9<\/p>\t\n\t<h2>\n\t\t\t\tMISE EN COUCHE ID\u00c9ALE &#8211; AVEC LA PROTECTION ADAPT\u00c9E \u00c0 CHAQUE NIVEAU\n\t\t\t<\/h2>\n\t\t\t<h1>D\u00e9coupes en papier d&#8217;emballage pour le stockage &#038; la logistique<\/h1>\n\t<h2>\n\t\t\t\tProtection optimale gr\u00e2ce au papier recycl\u00e9\n\t\t\t<\/h2>\n\tLors de l&#8217;empilage de vos produits, des dommages ind\u00e9sirables peuvent survenir. La poussi\u00e8re et la salet\u00e9 peuvent \u00e9galement devenir un probl\u00e8me lors du stockage de vos marchandises. Pour \u00e9viter cela, nos d\u00e9coupes en papier sont parfaitement adapt\u00e9es. Qu&#8217;il s&#8217;agisse d&#8217;intercalaires ou de feuilles de couverture : prot\u00e9gez vos produits contre les dommages et les salissures. Gr\u00e2ce \u00e0 nos d\u00e9coupes disponibles en diff\u00e9rentes \u00e9paisseurs, vous stabilisez en outre les couches et emp\u00eachez leur glissement.\nAfin que vous puissiez emballer et s\u00e9curiser vos produits de mani\u00e8re optimale, nous d\u00e9coupons le papier selon vos exigences individuelles. Comme tous nos produits en papier, nos d\u00e9coupes sont fabriqu\u00e9es \u00e0 partir de papier 100 % recycl\u00e9. Gr\u00e2ce \u00e0 notre promesse de qualit\u00e9, elles sont \u00e9galement adapt\u00e9es \u00e0 une utilisation durable.\n<h3>\n\t\tVos avantages en un coup d&#8217;\u0153il :\n\t<\/h3>\n\t<ul>\n<li>R\u00e9duit les dommages li\u00e9s au transport<\/li>\n<li>Prot\u00e8ge de la poussi\u00e8re et de la salet\u00e9<\/li>\n<li>Stabilise les diff\u00e9rentes couches<\/li>\n<\/ul>\n\t<ul>\n<li>Emp\u00eache le glissement<\/li>\n<li>Production individuelle<\/li>\n<li>D\u00e9lais de livraison rapides<\/li>\n<\/ul>\n\t\t\t<p>Zuschnitte &#8211; Spezifikationen im \u00dcberblick<\/p>\t\n\t<h2>\n\t\t\t\tM\u00f6gliche Abmessungen\n\t\t\t<\/h2>\n\t\t\t\t\t\t<h5>Abmass:<\/h5>\n\t\t\t\t\t\n\t\t\t\t\t\t<h5>Weiteres<\/h5>\n\t\t\t<p><strong>FL\u00c4CHENGEWICHTE:<\/strong><br \/>von 100 g\/m\u00b2 bis 800 g\/m\u00b2 (weitere Fl\u00e4chengewichte auf Anfrage)<\/p>\n<p><strong>SORTE:<\/strong><br \/>hochwertiger Langsiebkarton<\/p>\n\t\t\t<p>AVANTAGES DE NOS PRODUITS EN PAPIER<\/p>\n\t<h2>\n\t\t\t\tProtection durable\n\t\t\t<\/h2>\n\t\t\t\t<img decoding=\"async\" src=\"https:\/\/upa-pack.de\/\/app\/uploads\/2022\/11\/Forest_Stewardship_Council_Logo.svg-461x480.png\" alt=\"Forest_Stewardship_Council_Logo.svg\" itemprop=\"image\" title=\"Forest_Stewardship_Council_Logo.svg\" onerror=\"this.style.display='none'\"  \/>\n\t\t\t\t<img decoding=\"async\" src=\"https:\/\/upa-pack.de\/app\/uploads\/2024\/08\/dustintatarowic_Paper-in-best-form.svg\" alt=\"dustintatarowic_Paper in best form\" itemprop=\"image\" height=\"100\" width=\"100\" title=\"dustintatarowic_Paper in best form\" onerror=\"this.style.display='none'\"  \/>\n<h3>Le papier \u00e0 son meilleur<\/h3>\n<p>\u00ab Le papier \u00e0 son meilleur \u00bb n&#8217;est pas seulement un slogan, mais une promesse. Une promesse que nous continuerons \u00e0 nous efforcer de justifier votre confiance et de vous fournir nos produits exceptionnels qui d\u00e9passent vos attentes et vous ravissent \u00e0 chaque utilisation.<\/p>\n\t\t\t\t<img decoding=\"async\" src=\"https:\/\/upa-pack.de\/app\/uploads\/2024\/08\/dustintatarowic_For-the-love-of-the-environment.svg\" alt=\"dustintatarowic_For the love of the environment\" itemprop=\"image\" height=\"100\" width=\"100\" title=\"dustintatarowic_For the love of the environment\" onerror=\"this.style.display='none'\"  \/>\n<h3>Pour le bien de l&#8217;environnement<\/h3>\n<p>Un engagement pour prot\u00e9ger notre environnement et d\u00e9velopper des solutions durables qui sont pertinentes aujourd&#8217;hui et pour les g\u00e9n\u00e9rations futures.<\/p>\n\t\t\t\t<img decoding=\"async\" src=\"https:\/\/upa-pack.de\/app\/uploads\/2024\/08\/dustintatarowic_100-Recycling.svg\" alt=\"dustintatarowic_100% Recycling\" itemprop=\"image\" height=\"100\" width=\"100\" title=\"dustintatarowic_100% Recycling\" onerror=\"this.style.display='none'\"  \/>\n<h3>100% recycl\u00e9<\/h3>\n<p>Nous croyons fermement que chaque produit fabriqu\u00e9 m\u00e9rite une seconde chance, m\u00eame \u00e0 la fin de son cycle de vie. En favorisant le recyclage \u00e0 100 %, nous nous engageons \u00e0 r\u00e9duire la consommation de ressources naturelles, \u00e0 minimiser les d\u00e9chets et \u00e0 r\u00e9duire notre empreinte carbone.<\/p>\n\t\t\t<a href=\"https:\/\/upa-pack.de\/fr\/contact\/\" target=\"_self\">\n\t\t\t\t\t\t\tFaites une demande maintenant\n\t\t\t\t\t<\/a>\n\n","protected":false},"excerpt":{"rendered":"<p>Id\u00e9alement stratifi\u00e9 MISE EN COUCHE ID\u00c9ALE &#8211; AVEC LA PROTECTION ADAPT\u00c9E \u00c0 CHAQUE NIVEAU D\u00e9coupes en papier d&#8217;emballage pour le stockage &#038; la logistique Protection optimale gr\u00e2ce au papier recycl\u00e9 Lors de l&#8217;empilage de vos produits, des dommages ind\u00e9sirables peuvent survenir. La poussi\u00e8re et la salet\u00e9 peuvent \u00e9galement devenir un probl\u00e8me lors du stockage de [&hellip;]<\/p>\n","protected":false},"author":3,"featured_media":0,"parent":2031,"menu_order":0,"comment_status":"closed","ping_status":"closed","template":"","meta":{"site-sidebar-layout":"default","site-content-layout":"","ast-site-content-layout":"default","site-content-style":"default","site-sidebar-style":"default","ast-global-header-display":"","ast-banner-title-visibility":"","ast-main-header-display":"","ast-hfb-above-header-display":"","ast-hfb-below-header-display":"","ast-hfb-mobile-header-display":"","site-post-title":"","ast-breadcrumbs-content":"","ast-featured-img":"","footer-sml-layout":"","theme-transparent-header-meta":"","adv-header-id-meta":"","stick-header-meta":"","header-above-stick-meta":"","header-main-stick-meta":"","header-below-stick-meta":"","astra-migrate-meta-layouts":"set","ast-page-background-enabled":"default","ast-page-background-meta":{"desktop":{"background-color":"var(--ast-global-color-4)","background-image":"","background-repeat":"repeat","background-position":"center center","background-size":"auto","background-attachment":"scroll","background-type":"","background-media":"","overlay-type":"","overlay-color":"","overlay-opacity":"","overlay-gradient":""},"tablet":{"background-color":"","background-image":"","background-repeat":"repeat","background-position":"center center","background-size":"auto","background-attachment":"scroll","background-type":"","background-media":"","overlay-type":"","overlay-color":"","overlay-opacity":"","overlay-gradient":""},"mobile":{"background-color":"","background-image":"","background-repeat":"repeat","background-position":"center center","background-size":"auto","background-attachment":"scroll","background-type":"","background-media":"","overlay-type":"","overlay-color":"","overlay-opacity":"","overlay-gradient":""}},"ast-content-background-meta":{"desktop":{"background-color":"var(--ast-global-color-5)","background-image":"","background-repeat":"repeat","background-position":"center center","background-size":"auto","background-attachment":"scroll","background-type":"","background-media":"","overlay-type":"","overlay-color":"","overlay-opacity":"","overlay-gradient":""},"tablet":{"background-color":"var(--ast-global-color-5)","background-image":"","background-repeat":"repeat","background-position":"center center","background-size":"auto","background-attachment":"scroll","background-type":"","background-media":"","overlay-type":"","overlay-color":"","overlay-opacity":"","overlay-gradient":""},"mobile":{"background-color":"var(--ast-global-color-5)","background-image":"","background-repeat":"repeat","background-position":"center center","background-size":"auto","background-attachment":"scroll","background-type":"","background-media":"","overlay-type":"","overlay-color":"","overlay-opacity":"","overlay-gradient":""}},"footnotes":""},"class_list":["post-2025","page","type-page","status-publish","hentry"],"_links":{"self":[{"href":"https:\/\/upa-pack.de\/fr\/wp-json\/wp\/v2\/pages\/2025","targetHints":{"allow":["GET"]}}],"collection":[{"href":"https:\/\/upa-pack.de\/fr\/wp-json\/wp\/v2\/pages"}],"about":[{"href":"https:\/\/upa-pack.de\/fr\/wp-json\/wp\/v2\/types\/page"}],"author":[{"embeddable":true,"href":"https:\/\/upa-pack.de\/fr\/wp-json\/wp\/v2\/users\/3"}],"replies":[{"embeddable":true,"href":"https:\/\/upa-pack.de\/fr\/wp-json\/wp\/v2\/comments?post=2025"}],"version-history":[{"count":12,"href":"https:\/\/upa-pack.de\/fr\/wp-json\/wp\/v2\/pages\/2025\/revisions"}],"predecessor-version":[{"id":3637,"href":"https:\/\/upa-pack.de\/fr\/wp-json\/wp\/v2\/pages\/2025\/revisions\/3637"}],"up":[{"embeddable":true,"href":"https:\/\/upa-pack.de\/fr\/wp-json\/wp\/v2\/pages\/2031"}],"wp:attachment":[{"href":"https:\/\/upa-pack.de\/fr\/wp-json\/wp\/v2\/media?parent=2025"}],"curies":[{"name":"wp","href":"https:\/\/api.w.org\/{rel}","templated":true}]}}