{"id":2021,"date":"2022-11-08T17:17:19","date_gmt":"2022-11-08T16:17:19","guid":{"rendered":"https:\/\/upa-pack.de\/unternehmen\/"},"modified":"2025-11-24T10:36:41","modified_gmt":"2025-11-24T09:36:41","slug":"a-propos-de-nous","status":"publish","type":"page","link":"https:\/\/upa-pack.de\/fr\/a-propos-de-nous\/","title":{"rendered":"\u00c0 propos de nous"},"content":{"rendered":"\n\n\t\t\t<p>PAPIER ET \u00caTRE HUMAIN &#8211; LA COMBINAISON PARFAITE !<\/p>\t\n\t<h2>\n\t\t\t\tQUALIT\u00c9, RAPIDIT\u00c9 ET EFFICACIT\u00c9 SONT NOTRE FORCE\n\t\t\t<\/h2>\n\t\t\t<p>Le producteur de protections de bords et bien plus encore<\/p>\n\t<h2>\n\t\t\t\tPassionn\u00e9. Innovant. Dynamique\n\t\t\t<\/h2>\n\tLa passion pour le papier &#8211; c&#8217;est bien plus qu&#8217;un moteur pour nous. Notre passion pour le papier est \u00e9galement la base de notre r\u00e9ussite en tant que fabricant de protections de bords, de tubes et de profils en carton compact. Cela se refl\u00e8te clairement dans notre \u00e9volution &#8211; malgr\u00e9 notre histoire d&#8217;entreprise encore relativement jeune, depuis la fondation d&#8217;UPA PACK par Dmitri Balsam en 2009 : d&#8217;une petite entreprise r\u00e9gionale de trois personnes \u00e0 un leader europ\u00e9en du march\u00e9 de la protection des bords.\nLes bases de notre succ\u00e8s sont renforc\u00e9es par notre dynamisme et notre volont\u00e9 constante d&#8217;innover. Car la soci\u00e9t\u00e9, la technologie et l&#8217;\u00e9conomie sont en perp\u00e9tuelle \u00e9volution. Et d\u00e8s le d\u00e9but, chez UPA PACK, nous avons vu dans cette \u00e9volution l&#8217;opportunit\u00e9 d&#8217;influencer les d\u00e9veloppements, de les fa\u00e7onner activement et de les aborder avec cr\u00e9ativit\u00e9.\n\t\t\t\t\t<img decoding=\"async\" src=\"https:\/\/i.ytimg.com\/vi\/FPAJgkwjsD4\/maxresdefault.jpg\" alt=\"youtube-video-thumbnail\"\/>\n\t<h2>\n\t\t\t\tL&#8217;efficacit\u00e9 rencontre la qualit\u00e9\n\t\t\t<\/h2>\n\t<p>Gr\u00e2ce \u00e0 l&#8217;excellente collaboration entre nos \u00e9quipes commerciales et notre production, nous atteignons un niveau maximal d&#8217;efficacit\u00e9 et pouvons ainsi garantir des d\u00e9lais de livraison rapides. Outre la comp\u00e9tence et l&#8217;innovation, l&#8217;esprit de service occupe \u00e9galement une place centrale chez nous. Du conseil technique au produit final personnalis\u00e9, nous accompagnons nos clients personnellement. Gr\u00e2ce \u00e0 des installations de pointe et \u00e0 notre longue exp\u00e9rience en tant que fabricant, nous produisons des solutions innovantes et de haute qualit\u00e9 pour r\u00e9pondre aux exigences les plus \u00e9lev\u00e9es.<\/p>\n\t\t\t\t<img decoding=\"async\" alt=\"Transportschutz Produktion\" src=\"https:\/\/upa-pack.de\/app\/uploads\/2022\/11\/slider.jpg\"\/>\n\t\t<h3>Production &#038; entrep\u00f4t<\/h3>\n\t\t\t<p>Des produits innovants et personnalis\u00e9s, livr\u00e9s rapidement &#8211; c&#8217;est ce que garantit notre parfaite coordination entre la production et la logistique interne.<\/p>\n\t\t\t<a href=\"https:\/\/upa-pack.de\/fr\/unternehmen\/produktion\/\" title=\"Click Here\" target=\"_self\"   role=\"button\" aria-label=\"En savoir plus\">\n\t\t\t\t\t\t\tEn savoir plus\n\t\t<\/a>\n\t\t\t\t<img decoding=\"async\" alt=\"Hartpapierh\u00fclsen\" src=\"https:\/\/upa-pack.de\/app\/uploads\/2022\/11\/H\u0411lsen-slider-1024x683.jpg\"\/>\n\t\t<h3>Qualit\u00e9 &#038; environnement<\/h3>\n\t\t\t<p>En tant qu&#8217;entreprise reconnue dans toute l&#8217;Europe, nous veillons non seulement \u00e0 offrir une qualit\u00e9 irr\u00e9prochable, mais nous assumons \u00e9galement nos responsabilit\u00e9s et \u0153uvrons \u00e0 devenir plus durables.<\/p>\n\t\t\t<a href=\"https:\/\/upa-pack.de\/fr\/unternehmen\/qualitaet-umwelt\/\" title=\"Click Here\" target=\"_self\"   role=\"button\" aria-label=\"En savoir plus\">\n\t\t\t\t\t\t\tEn savoir plus\n\t\t<\/a>\n\t\t\t<p>INNOVATION &#038; CROISSANCE<\/p>\n\t<h2>\n\t\t\t\tNotre philosophie guide nos actions\n\t\t\t<\/h2>\n\tNotre entreprise \u00e9volue constamment. De nouvelles exigences se pr\u00e9sentent ainsi \u00e0 nous. Nous \u00e9valuons continuellement nos objectifs et nos strat\u00e9gies, adaptons nos structures et renfor\u00e7ons l&#8217;image de notre marque.\nDans un environnement de plus en mehr dynamique, nous avons d\u00e9fini une vision claire de l&#8217;entreprise ainsi que des lignes directrices obligatoires. Elles refl\u00e8tent notre identit\u00e9 en tant qu&#8217;entreprise et servent de rep\u00e8re pour l&#8217;action de toute notre \u00e9quipe. En effet, nos objectifs exigent non seulement un haut niveau d&#8217;engagement, mais aussi la volont\u00e9 de chacun d&#8217;assumer des responsabilit\u00e9s et de donner vie aux valeurs essentielles de l&#8217;entreprise.\n\t\t\t\t\t\t<h5>Clients<\/h5>\n\t\t\t<p>Notre succ\u00e8s se mesure \u00e0 l&#8217;enthousiasme de nos clients pour nos produits et nos prestations. Les attentes \u00e9lev\u00e9es de l&#8217;industrie et du commerce envers la marque UPA PACK repr\u00e9sentent un d\u00e9fi permanent. Nous convainquons par notre qualit\u00e9, notre comp\u00e9tence et notre exp\u00e9rience.<\/p>\n\t\t\t\t\t\t<h5>Collaborateurs<\/h5>\n\t\t\t<p>\u00c0 long terme, une position forte sur le march\u00e9 ne peut \u00eatre atteinte qu&#8217;avec des collaborateurs innovants et engag\u00e9s. Les motiver, renforcer leur esprit d&#8217;\u00e9quipe et les accompagner dans l&#8217;atteinte de leurs objectifs personnels et collectifs constitue la mission prioritaire de nos cadres. Dans cette responsabilit\u00e9, nous fabriquons exclusivement nos produits en Allemagne, cr\u00e9ant ainsi non seulement des emplois s\u00fbrs et attrayants, mais aussi en formant de jeunes talents.<\/p>\n\t\t\t\t\t\t<h5>Innovation<\/h5>\n\t\t\t<p>Si nous revendiquons une position de premier plan sur les march\u00e9s internationaux, il nous incombe de cr\u00e9er les tendances plut\u00f4t que de les suivre. En effet, quiconque souhaite garantir \u00e0 l&#8217;avenir des avantages concurrentiels \u00e0 l&#8217;\u00e9chelle mondiale doit non seulement identifier les tendances \u00e0 un stade pr\u00e9coce, mais aussi les fa\u00e7onner.<\/p>\n\t\t\t\t\t\t<h5>Rentabilit\u00e9<\/h5>\n\t\t\t<p>Il nous tient particuli\u00e8rement \u00e0 c\u0153ur de pr\u00e9server l&#8217;ind\u00e9pendance de notre entreprise et de garantir des succ\u00e8s durables. C&#8217;est pourquoi une coop\u00e9ration \u00e0 long terme, r\u00e9ussie et de grande qualit\u00e9 avec nos clients constitue la base essentielle de notre d\u00e9marche.<\/p>\n\t\t\t\t\t\t<h5>Responsabilit\u00e9<\/h5>\n\t\t\t<p>Depuis la cr\u00e9ation de notre entreprise, nous conciliions \u00e9cologie et \u00e9conomie gr\u00e2ce \u00e0 une production sur mesure et respectueuse des ressources, tout en r\u00e9pondant aux exigences individuelles de nos clients. Nous sensibilisons nos collaborateurs, partenaires, fournisseurs et clients \u00e0 ces th\u00e9matiques et assumons la responsabilit\u00e9 de d\u00e9velopper les meilleures solutions possibles. Le respect de l&#8217;\u00eatre humain et de la nature constitue la ligne directrice incontournable de notre entreprise.<\/p>\n\n","protected":false},"excerpt":{"rendered":"<p>PAPIER ET \u00caTRE HUMAIN &#8211; LA COMBINAISON PARFAITE ! QUALIT\u00c9, RAPIDIT\u00c9 ET EFFICACIT\u00c9 SONT NOTRE FORCE Le producteur de protections de bords et bien plus encore Passionn\u00e9. Innovant. Dynamique La passion pour le papier &#8211; c&#8217;est bien plus qu&#8217;un moteur pour nous. Notre passion pour le papier est \u00e9galement la base de notre r\u00e9ussite en [&hellip;]<\/p>\n","protected":false},"author":3,"featured_media":0,"parent":0,"menu_order":0,"comment_status":"closed","ping_status":"closed","template":"","meta":{"site-sidebar-layout":"default","site-content-layout":"","ast-site-content-layout":"default","site-content-style":"default","site-sidebar-style":"default","ast-global-header-display":"","ast-banner-title-visibility":"","ast-main-header-display":"","ast-hfb-above-header-display":"","ast-hfb-below-header-display":"","ast-hfb-mobile-header-display":"","site-post-title":"","ast-breadcrumbs-content":"","ast-featured-img":"","footer-sml-layout":"","theme-transparent-header-meta":"","adv-header-id-meta":"","stick-header-meta":"","header-above-stick-meta":"","header-main-stick-meta":"","header-below-stick-meta":"","astra-migrate-meta-layouts":"set","ast-page-background-enabled":"default","ast-page-background-meta":{"desktop":{"background-color":"var(--ast-global-color-4)","background-image":"","background-repeat":"repeat","background-position":"center center","background-size":"auto","background-attachment":"scroll","background-type":"","background-media":"","overlay-type":"","overlay-color":"","overlay-opacity":"","overlay-gradient":""},"tablet":{"background-color":"","background-image":"","background-repeat":"repeat","background-position":"center center","background-size":"auto","background-attachment":"scroll","background-type":"","background-media":"","overlay-type":"","overlay-color":"","overlay-opacity":"","overlay-gradient":""},"mobile":{"background-color":"","background-image":"","background-repeat":"repeat","background-position":"center center","background-size":"auto","background-attachment":"scroll","background-type":"","background-media":"","overlay-type":"","overlay-color":"","overlay-opacity":"","overlay-gradient":""}},"ast-content-background-meta":{"desktop":{"background-color":"var(--ast-global-color-5)","background-image":"","background-repeat":"repeat","background-position":"center center","background-size":"auto","background-attachment":"scroll","background-type":"","background-media":"","overlay-type":"","overlay-color":"","overlay-opacity":"","overlay-gradient":""},"tablet":{"background-color":"var(--ast-global-color-5)","background-image":"","background-repeat":"repeat","background-position":"center center","background-size":"auto","background-attachment":"scroll","background-type":"","background-media":"","overlay-type":"","overlay-color":"","overlay-opacity":"","overlay-gradient":""},"mobile":{"background-color":"var(--ast-global-color-5)","background-image":"","background-repeat":"repeat","background-position":"center center","background-size":"auto","background-attachment":"scroll","background-type":"","background-media":"","overlay-type":"","overlay-color":"","overlay-opacity":"","overlay-gradient":""}},"footnotes":""},"class_list":["post-2021","page","type-page","status-publish","hentry"],"_links":{"self":[{"href":"https:\/\/upa-pack.de\/fr\/wp-json\/wp\/v2\/pages\/2021","targetHints":{"allow":["GET"]}}],"collection":[{"href":"https:\/\/upa-pack.de\/fr\/wp-json\/wp\/v2\/pages"}],"about":[{"href":"https:\/\/upa-pack.de\/fr\/wp-json\/wp\/v2\/types\/page"}],"author":[{"embeddable":true,"href":"https:\/\/upa-pack.de\/fr\/wp-json\/wp\/v2\/users\/3"}],"replies":[{"embeddable":true,"href":"https:\/\/upa-pack.de\/fr\/wp-json\/wp\/v2\/comments?post=2021"}],"version-history":[{"count":11,"href":"https:\/\/upa-pack.de\/fr\/wp-json\/wp\/v2\/pages\/2021\/revisions"}],"predecessor-version":[{"id":3645,"href":"https:\/\/upa-pack.de\/fr\/wp-json\/wp\/v2\/pages\/2021\/revisions\/3645"}],"wp:attachment":[{"href":"https:\/\/upa-pack.de\/fr\/wp-json\/wp\/v2\/media?parent=2021"}],"curies":[{"name":"wp","href":"https:\/\/api.w.org\/{rel}","templated":true}]}}