{"id":2020,"date":"2022-11-14T12:20:54","date_gmt":"2022-11-14T11:20:54","guid":{"rendered":"https:\/\/upa-pack.de\/produktion\/"},"modified":"2025-11-19T14:23:55","modified_gmt":"2025-11-19T13:23:55","slug":"produktion","status":"publish","type":"page","link":"https:\/\/upa-pack.de\/fr\/a-propos-de-nous\/produktion\/","title":{"rendered":"Production"},"content":{"rendered":"\n\n\t\t\t<p>Production et entrep\u00f4t<\/p>\t\n\t<h2>\n\t\t\t\tComment obtenir une protection de transport sur mesure\n\t\t\t<\/h2>\n\t\t\t<p>Mat\u00e9riaux d&#8217;emballage en carton compact d&#8217;UPA PACK<\/p>\t\n\t<h2>\n\t\t\t\tFabrication innovante et livraison rapide\n\t\t\t<\/h2>\n\tTous les mat\u00e9riaux d&#8217;emballage en carton compact d&#8217;UPA PACK sont d\u00e9velopp\u00e9s pour nos clients \u00e0 partir d&#8217;une source unique et adapt\u00e9s \u00e0 leurs besoins. Le d\u00e9veloppement continu et l&#8217;excellent savoir-faire dans la fabrication sont les pierres angulaires de nos produits innovants et de qualit\u00e9. Gr\u00e2ce \u00e0 notre parc de machines ultramodernes et \u00e0 nos collaborateurs qualifi\u00e9s et tr\u00e8s motiv\u00e9s, nous sommes en mesure de r\u00e9aliser des solutions sp\u00e9ciales individuelles et de produire en grandes s\u00e9ries.<br \/>\nProfitez de notre cr\u00e9ativit\u00e9, de notre flexibilit\u00e9, de notre fiabilit\u00e9 et de nos exigences \u00e9lev\u00e9es en mati\u00e8re de qualit\u00e9 dans la production.\n<h3>\n\t\tChez UPA PACK, la fabrication comprend \u00e9galement :\n\t<\/h3>\n\t<ul>\n<li>D\u00e9veloppement cr\u00e9atif des produits<\/li>\n<li>Am\u00e9lioration constante des produits<\/li>\n<li>Contr\u00f4le et surveillance continus de la qualit\u00e9 assist\u00e9s par ordinateur<\/li>\n<\/ul>\n\t<ul>\n<li>Technologies, proc\u00e9d\u00e9s et produits durables et respectueux de l&#8217;environnement<\/li>\n<li>D\u00e9veloppement en interne de nouvelles technologies de fabrication<\/li>\n<li>Brevets et mod\u00e8les d&#8217;utilit\u00e9 d\u00e9j\u00e0 d\u00e9pos\u00e9s pour des d\u00e9veloppements propres<\/li>\n<\/ul>\n\t\t\t<p>Notre logistique interne de stockage<\/p>\t\n\t<h2>\n\t\t\t\tNous permet d&#8217;assurer une livraison fiable et ponctuelle dans toute l&#8217;Europe.\n\t\t\t<\/h2>\n\t<p>Nous ne nous imposons pas seulement des normes \u00e9lev\u00e9es lors de la production de vos emballages afin que vos produits soient parfaitement prot\u00e9g\u00e9s contre les dommages li\u00e9s au transport. Notre logistique interne est \u00e9galement d\u00e9terminante pour que vos emballages individuels soient livr\u00e9s rapidement et de mani\u00e8re fiable. En effet, notre \u00e9quipe logistique exp\u00e9riment\u00e9e assure le traitement fiable et ponctuel de vos envois dans toute l&#8217;Europe. Notre \u00e9quipe dispose d&#8217;un savoir-faire complet en mati\u00e8re de logistique de stockage et de transport, vous pouvez donc compter sur nous.<\/p>\n<p>Afin de vous offrir un niveau de service \u00e9lev\u00e9, nous vous offrons \u00e9galement la possibilit\u00e9 de stocker vos besoins. Nous vous garantissons ainsi une livraison juste \u00e0 temps et une s\u00e9curit\u00e9 d&#8217;approvisionnement maximale.<\/p>\n\t\t\t<p>Notre production est situ\u00e9e \u00e0 56751 Polch, Allemagne<\/p>\t\n\t<h2>\n\t\t\t\tQuelques aper\u00e7us de notre production\n\t\t\t<\/h2>\n\t\t\t\t<img decoding=\"async\" src=\"https:\/\/upa-pack.de\/app\/uploads\/2025\/10\/UPA-75-1-scaled.jpg\" alt=\"UPA-75\" itemprop=\"image\" height=\"1365\" width=\"2048\" title=\"UPA-75\" onerror=\"this.style.display='none'\"  \/>\n\t\t\t\t<img decoding=\"async\" src=\"https:\/\/upa-pack.de\/app\/uploads\/2025\/10\/UPA-61-scaled.jpg\" alt=\"UPA-61\" itemprop=\"image\" height=\"1365\" width=\"2048\" title=\"UPA-61\" onerror=\"this.style.display='none'\"  \/>\n\t\t\t\t<img decoding=\"async\" src=\"https:\/\/upa-pack.de\/app\/uploads\/2025\/10\/UPA-95-scaled.jpg\" alt=\"UPA-95\" itemprop=\"image\" height=\"1365\" width=\"2048\" title=\"UPA-95\" onerror=\"this.style.display='none'\"  \/>\n\t\t\t\t<img decoding=\"async\" src=\"https:\/\/upa-pack.de\/app\/uploads\/2025\/10\/UPA-91-scaled.jpg\" alt=\"UPA-91\" itemprop=\"image\" height=\"1365\" width=\"2048\" title=\"UPA-91\" onerror=\"this.style.display='none'\"  \/>\n\t\t\t\t<img decoding=\"async\" src=\"https:\/\/upa-pack.de\/app\/uploads\/2025\/10\/UPA-88-scaled.jpg\" alt=\"UPA-88\" itemprop=\"image\" height=\"1365\" width=\"2048\" title=\"UPA-88\" onerror=\"this.style.display='none'\"  \/>\n\t\t\t\t<img decoding=\"async\" src=\"https:\/\/upa-pack.de\/app\/uploads\/2025\/10\/UPA-189-scaled.jpg\" alt=\"UPA-189\" itemprop=\"image\" height=\"1365\" width=\"2048\" title=\"UPA-189\" onerror=\"this.style.display='none'\"  \/>\n\n","protected":false},"excerpt":{"rendered":"<p>Production et entrep\u00f4t Comment obtenir une protection de transport sur mesure Mat\u00e9riaux d&#8217;emballage en carton compact d&#8217;UPA PACK Fabrication innovante et livraison rapide Tous les mat\u00e9riaux d&#8217;emballage en carton compact d&#8217;UPA PACK sont d\u00e9velopp\u00e9s pour nos clients \u00e0 partir d&#8217;une source unique et adapt\u00e9s \u00e0 leurs besoins. Le d\u00e9veloppement continu et l&#8217;excellent savoir-faire dans la [&hellip;]<\/p>\n","protected":false},"author":3,"featured_media":0,"parent":2021,"menu_order":0,"comment_status":"closed","ping_status":"closed","template":"","meta":{"site-sidebar-layout":"default","site-content-layout":"","ast-site-content-layout":"","site-content-style":"default","site-sidebar-style":"default","ast-global-header-display":"","ast-banner-title-visibility":"","ast-main-header-display":"","ast-hfb-above-header-display":"","ast-hfb-below-header-display":"","ast-hfb-mobile-header-display":"","site-post-title":"","ast-breadcrumbs-content":"","ast-featured-img":"","footer-sml-layout":"","theme-transparent-header-meta":"","adv-header-id-meta":"","stick-header-meta":"","header-above-stick-meta":"","header-main-stick-meta":"","header-below-stick-meta":"","astra-migrate-meta-layouts":"set","ast-page-background-enabled":"default","ast-page-background-meta":{"desktop":{"background-color":"var(--ast-global-color-4)","background-image":"","background-repeat":"repeat","background-position":"center center","background-size":"auto","background-attachment":"scroll","background-type":"","background-media":"","overlay-type":"","overlay-color":"","overlay-opacity":"","overlay-gradient":""},"tablet":{"background-color":"","background-image":"","background-repeat":"repeat","background-position":"center center","background-size":"auto","background-attachment":"scroll","background-type":"","background-media":"","overlay-type":"","overlay-color":"","overlay-opacity":"","overlay-gradient":""},"mobile":{"background-color":"","background-image":"","background-repeat":"repeat","background-position":"center center","background-size":"auto","background-attachment":"scroll","background-type":"","background-media":"","overlay-type":"","overlay-color":"","overlay-opacity":"","overlay-gradient":""}},"ast-content-background-meta":{"desktop":{"background-color":"var(--ast-global-color-5)","background-image":"","background-repeat":"repeat","background-position":"center center","background-size":"auto","background-attachment":"scroll","background-type":"","background-media":"","overlay-type":"","overlay-color":"","overlay-opacity":"","overlay-gradient":""},"tablet":{"background-color":"var(--ast-global-color-5)","background-image":"","background-repeat":"repeat","background-position":"center center","background-size":"auto","background-attachment":"scroll","background-type":"","background-media":"","overlay-type":"","overlay-color":"","overlay-opacity":"","overlay-gradient":""},"mobile":{"background-color":"var(--ast-global-color-5)","background-image":"","background-repeat":"repeat","background-position":"center center","background-size":"auto","background-attachment":"scroll","background-type":"","background-media":"","overlay-type":"","overlay-color":"","overlay-opacity":"","overlay-gradient":""}},"footnotes":""},"class_list":["post-2020","page","type-page","status-publish","hentry"],"_links":{"self":[{"href":"https:\/\/upa-pack.de\/fr\/wp-json\/wp\/v2\/pages\/2020","targetHints":{"allow":["GET"]}}],"collection":[{"href":"https:\/\/upa-pack.de\/fr\/wp-json\/wp\/v2\/pages"}],"about":[{"href":"https:\/\/upa-pack.de\/fr\/wp-json\/wp\/v2\/types\/page"}],"author":[{"embeddable":true,"href":"https:\/\/upa-pack.de\/fr\/wp-json\/wp\/v2\/users\/3"}],"replies":[{"embeddable":true,"href":"https:\/\/upa-pack.de\/fr\/wp-json\/wp\/v2\/comments?post=2020"}],"version-history":[{"count":9,"href":"https:\/\/upa-pack.de\/fr\/wp-json\/wp\/v2\/pages\/2020\/revisions"}],"predecessor-version":[{"id":3589,"href":"https:\/\/upa-pack.de\/fr\/wp-json\/wp\/v2\/pages\/2020\/revisions\/3589"}],"up":[{"embeddable":true,"href":"https:\/\/upa-pack.de\/fr\/wp-json\/wp\/v2\/pages\/2021"}],"wp:attachment":[{"href":"https:\/\/upa-pack.de\/fr\/wp-json\/wp\/v2\/media?parent=2020"}],"curies":[{"name":"wp","href":"https:\/\/api.w.org\/{rel}","templated":true}]}}