{"id":2018,"date":"2022-11-08T17:34:47","date_gmt":"2022-11-08T16:34:47","guid":{"rendered":"https:\/\/upa-pack.de\/qualitaet-umwelt\/"},"modified":"2025-11-19T14:26:08","modified_gmt":"2025-11-19T13:26:08","slug":"qualite-environnement","status":"publish","type":"page","link":"https:\/\/upa-pack.de\/fr\/a-propos-de-nous\/qualite-environnement\/","title":{"rendered":"Qualit\u00e9 &amp; environnement"},"content":{"rendered":"\n\n\t\t\t<p>La qualit\u00e9 n&#8217;est pas le fruit du hasard !<\/p>\t\n\t<h2>\n\t\t\t\tNous sommes conscients de notre responsabilit\u00e9\n\t\t\t<\/h2>\n\t\t\t<p>Emballages plus durables et de qualit\u00e9 sup\u00e9rieure<\/p>\t\n\t<h2>\n\t\t\t\tPapier recycl\u00e9, r\u00e9duction des d\u00e9chets et plus encore\n\t\t\t<\/h2>\n\t<p>En tant qu&#8217;entreprise prosp\u00e8re, moderne et surtout innovante, nous nous engageons \u00e0 prot\u00e9ger l&#8217;environnement tout en maintenant et en garantissant un niveau de qualit\u00e9 maximal. Afin d&#8217;apporter notre contribution \u00e0 la protection de l&#8217;environnement, nous utilisons les ressources pr\u00e9cieuses avec parcimonie. Cons\u00e9quence logique de cet engagement que nous nous sommes impos\u00e9, nous fabriquons nos produits exclusivement \u00e0 partir de papier 100 % recycl\u00e9.<\/p>\n<p>Conform\u00e9ment au principe \u00ab pr\u00e9venir les d\u00e9chets avant de les \u00e9liminer \u00bb, nous affichons l&#8217;un des taux de d\u00e9chets les plus bas du secteur. Les d\u00e9chets in\u00e9vitables et les chutes sont recycl\u00e9s ou \u00e9limin\u00e9s de mani\u00e8re appropri\u00e9e.<\/p>\n<p>Signe visible de notre responsabilit\u00e9 envers l&#8217;environnement et les g\u00e9n\u00e9rations futures, nous avons install\u00e9 d\u00e8s la phase de construction en 2013 un syst\u00e8me photovolta\u00efque sur le toit de notre b\u00e2timent. Nous sommes ainsi en mesure de produire nous-m\u00eames une grande partie de l&#8217;\u00e9nergie dont nous avons besoin, et ce de mani\u00e8re \u00e9cologique. Les \u00e9ventuels exc\u00e9dents sont inject\u00e9s dans le r\u00e9seau public et profitent \u00e0 la collectivit\u00e9 gr\u00e2ce \u00e0 leur bilan \u00e9cologique positif.<\/p>\n\t<h2>\n\t\t\t\tCertification de durabilit\u00e9 (FSC\u00ae C151301)\n\t\t\t<\/h2>\n\t<p>Depuis septembre 2019, UPA PACK propose des produits conformes \u00e0 la norme internationale FSC\u00ae. L&#8217;audit r\u00e9alis\u00e9 par l&#8217;organisme de certification T\u00dcV-Nord nous a certifi\u00e9 que nous r\u00e9pondons aux exigences de la norme FSC\u00ae en mati\u00e8re d&#8217;approvisionnement en mati\u00e8res premi\u00e8res, de production et de processus op\u00e9rationnels.<\/p>\n<p>Selon le type de label FSC\u00ae, nos clients peuvent savoir si le produit provient d&#8217;une gestion foresti\u00e8re certifi\u00e9e FSC\u00ae, s&#8217;il a \u00e9t\u00e9 fabriqu\u00e9 exclusivement \u00e0 partir de mat\u00e9riaux recycl\u00e9s (mat\u00e9riaux recycl\u00e9s post-consommation) ou s&#8217;il contient un m\u00e9lange de mati\u00e8res premi\u00e8res.<\/p>\n<p>Pour obtenir la certification FSC\u00ae, il faut remplir un grand nombre de crit\u00e8res. Ceux-ci concernent d&#8217;une part l&#8217;achat des mati\u00e8res premi\u00e8res et d&#8217;autre part les processus internes de l&#8217;entreprise en mati\u00e8re de transformation des mati\u00e8res premi\u00e8res, d&#8217;\u00e9tiquetage des produits finis et de d\u00e9claration dans les documents de livraison et de facturation.<\/p>\n\t\t\t<a href=\"https:\/\/upa-pack.de\/app\/uploads\/2024\/09\/FSC-Zertifikat-2024-2029.pdf\" target=\"_blank\" rel=\"noopener\">\n\t\t\t\t\t\t\tNos FSC\u00ae-Certification\n\t\t\t\t\t<\/a>\n\n","protected":false},"excerpt":{"rendered":"<p>La qualit\u00e9 n&#8217;est pas le fruit du hasard ! Nous sommes conscients de notre responsabilit\u00e9 Emballages plus durables et de qualit\u00e9 sup\u00e9rieure Papier recycl\u00e9, r\u00e9duction des d\u00e9chets et plus encore En tant qu&#8217;entreprise prosp\u00e8re, moderne et surtout innovante, nous nous engageons \u00e0 prot\u00e9ger l&#8217;environnement tout en maintenant et en garantissant un niveau de qualit\u00e9 maximal. [&hellip;]<\/p>\n","protected":false},"author":3,"featured_media":0,"parent":2021,"menu_order":0,"comment_status":"closed","ping_status":"closed","template":"","meta":{"site-sidebar-layout":"default","site-content-layout":"","ast-site-content-layout":"","site-content-style":"default","site-sidebar-style":"default","ast-global-header-display":"","ast-banner-title-visibility":"","ast-main-header-display":"","ast-hfb-above-header-display":"","ast-hfb-below-header-display":"","ast-hfb-mobile-header-display":"","site-post-title":"","ast-breadcrumbs-content":"","ast-featured-img":"","footer-sml-layout":"","theme-transparent-header-meta":"","adv-header-id-meta":"","stick-header-meta":"","header-above-stick-meta":"","header-main-stick-meta":"","header-below-stick-meta":"","astra-migrate-meta-layouts":"set","ast-page-background-enabled":"default","ast-page-background-meta":{"desktop":{"background-color":"var(--ast-global-color-4)","background-image":"","background-repeat":"repeat","background-position":"center center","background-size":"auto","background-attachment":"scroll","background-type":"","background-media":"","overlay-type":"","overlay-color":"","overlay-opacity":"","overlay-gradient":""},"tablet":{"background-color":"","background-image":"","background-repeat":"repeat","background-position":"center center","background-size":"auto","background-attachment":"scroll","background-type":"","background-media":"","overlay-type":"","overlay-color":"","overlay-opacity":"","overlay-gradient":""},"mobile":{"background-color":"","background-image":"","background-repeat":"repeat","background-position":"center center","background-size":"auto","background-attachment":"scroll","background-type":"","background-media":"","overlay-type":"","overlay-color":"","overlay-opacity":"","overlay-gradient":""}},"ast-content-background-meta":{"desktop":{"background-color":"var(--ast-global-color-5)","background-image":"","background-repeat":"repeat","background-position":"center center","background-size":"auto","background-attachment":"scroll","background-type":"","background-media":"","overlay-type":"","overlay-color":"","overlay-opacity":"","overlay-gradient":""},"tablet":{"background-color":"var(--ast-global-color-5)","background-image":"","background-repeat":"repeat","background-position":"center center","background-size":"auto","background-attachment":"scroll","background-type":"","background-media":"","overlay-type":"","overlay-color":"","overlay-opacity":"","overlay-gradient":""},"mobile":{"background-color":"var(--ast-global-color-5)","background-image":"","background-repeat":"repeat","background-position":"center center","background-size":"auto","background-attachment":"scroll","background-type":"","background-media":"","overlay-type":"","overlay-color":"","overlay-opacity":"","overlay-gradient":""}},"footnotes":""},"class_list":["post-2018","page","type-page","status-publish","hentry"],"_links":{"self":[{"href":"https:\/\/upa-pack.de\/fr\/wp-json\/wp\/v2\/pages\/2018","targetHints":{"allow":["GET"]}}],"collection":[{"href":"https:\/\/upa-pack.de\/fr\/wp-json\/wp\/v2\/pages"}],"about":[{"href":"https:\/\/upa-pack.de\/fr\/wp-json\/wp\/v2\/types\/page"}],"author":[{"embeddable":true,"href":"https:\/\/upa-pack.de\/fr\/wp-json\/wp\/v2\/users\/3"}],"replies":[{"embeddable":true,"href":"https:\/\/upa-pack.de\/fr\/wp-json\/wp\/v2\/comments?post=2018"}],"version-history":[{"count":7,"href":"https:\/\/upa-pack.de\/fr\/wp-json\/wp\/v2\/pages\/2018\/revisions"}],"predecessor-version":[{"id":3590,"href":"https:\/\/upa-pack.de\/fr\/wp-json\/wp\/v2\/pages\/2018\/revisions\/3590"}],"up":[{"embeddable":true,"href":"https:\/\/upa-pack.de\/fr\/wp-json\/wp\/v2\/pages\/2021"}],"wp:attachment":[{"href":"https:\/\/upa-pack.de\/fr\/wp-json\/wp\/v2\/media?parent=2018"}],"curies":[{"name":"wp","href":"https:\/\/api.w.org\/{rel}","templated":true}]}}