{"id":2016,"date":"2024-12-10T08:27:46","date_gmt":"2024-12-10T07:27:46","guid":{"rendered":"https:\/\/upa-pack.de\/verpackungsloesungen-in-berlin\/"},"modified":"2025-11-19T14:39:10","modified_gmt":"2025-11-19T13:39:10","slug":"solutions-demballage-a-berlin","status":"publish","type":"page","link":"https:\/\/upa-pack.de\/fr\/solutions-demballage-a-berlin\/","title":{"rendered":"Solutions d&#8217;emballage \u00e0 Berlin"},"content":{"rendered":"\n\n\t\t\t<p><b>Efficace, s\u00fbr et durable avec UPA PACK<\/b><\/p>\t\n\t<h2>\n\t\t\t\tSolutions d&#8217;emballage \u00e0 Berlin\n\t\t\t<\/h2>\n\t<p>Berlin, la capitale dynamique de l&#8217;Allemagne, est un p\u00f4le \u00e9conomique important qui abrite un paysage entrepreneurial vari\u00e9. Des start-ups au commerce \u00e9lectronique en passant par l&#8217;industrie, les exigences en mati\u00e8re de solutions d&#8217;emballage sont aussi diverses que la ville elle-m\u00eame. UPA PACK propose aux entreprises berlinoises des solutions d&#8217;emballage sur mesure qui prot\u00e8gent vos produits en toute s\u00e9curit\u00e9 et optimisent votre logistique.<\/p>\n\t<h2>\n\t\t\t\tNos solutions d&#8217;emballage pour les entreprises \u00e0 Berlin\n\t\t\t<\/h2>\n<h3>\n\t\tUPA PACK propose une large gamme de produits d&#8217;emballage sp\u00e9cialement adapt\u00e9s aux besoins des entreprises berlinoises :\n\t<\/h3>\n\t<ul>\n<li><b>Corni\u00e8res de protection et accessoires pour palettes :<\/b><b><br \/>\n<\/b>Nos solutions de protection des ar\u00eates offrent une protection optimale pour les ar\u00eates sensibles et stabilisent vos chargements. Particuli\u00e8rement innovants : les corni\u00e8res autocollantes avec bande adh\u00e9sive ou rev\u00eatement thermofusible, qui minimisent l&#8217;utilisation de film \u00e9tirable et sont donc durables.<\/li>\n<\/ul>\n\t<ul>\n<li><b>Solutions d&#8217;emballage pour produits fragiles :<\/b><b><br \/>\n<\/b>Qu&#8217;il s&#8217;agisse d&#8217;appareils \u00e9lectroniques, de machines ou de verre, nos emballages prot\u00e8gent vos produits fragiles de mani\u00e8re fiable et s\u00fbre.<\/li>\n<\/ul>\n\t<ul class=\u00ab ul-list \u00bb style=\u00ab margin: 0; \u00bb>\n<li style=\u00ab font-weight: 400; \u00bb aria-level=\u00ab 1 \u00bb><b>Tubes en papier dur et tubes d&#8217;exp\u00e9dition :<\/b><b><br \/>\n<\/b>Nos tubes en papier dur garantissent la stabilit\u00e9 et la s\u00e9curit\u00e9 lors du transport et du stockage de vos produits. Ils sont personnalisables et polyvalents, ce qui les rend id\u00e9aux pour les entreprises berlinoises de diff\u00e9rents secteurs. <\/li>\n<\/ul>\n\t<ul>\n<li><b>Solutions d&#8217;emballage durables :<\/b><b><br \/>\n<\/b>Berlin est pionni\u00e8re en mati\u00e8re de durabilit\u00e9. Nos emballages recyclables r\u00e9pondent aux normes environnementales les plus strictes et vous aident \u00e0 atteindre vos objectifs de durabilit\u00e9.<\/li>\n<\/ul>\n\t\t\t<p>histoire de r\u00e9ussite<\/p>\t\n\t<h2>\n\t\t\t\tComment UPA PACK a aid\u00e9 une entreprise berlinoise sp\u00e9cialis\u00e9e dans le commerce \u00e9lectronique\n\t\t\t<\/h2>\n\t<p>Un commer\u00e7ant en ligne berlinois recherchait des solutions d&#8217;emballage durables, \u00e0 la fois robustes et \u00e9conomiques. UPA PACK a d\u00e9velopp\u00e9 un emballage d&#8217;exp\u00e9dition \u00e9cologique avec m\u00e9canisme de protection int\u00e9gr\u00e9.<\/p>\n<p><b>R\u00e9sultat :<\/b><\/p>\n<ul>\n<li aria-level=\"\u00ab\">R\u00e9duction de 40 % des mat\u00e9riaux d&#8217;emballage.<\/li>\n<li aria-level=\"\u00ab\">Am\u00e9lioration de la satisfaction client gr\u00e2ce \u00e0 des emballages durables.<\/li>\n<li aria-level=\"\u00ab\">R\u00e9duction des co\u00fbts gr\u00e2ce \u00e0 des processus logistiques optimis\u00e9s.<\/li>\n<\/ul>\n\t<h2>\n\t\t\t\tPourquoi UPA PACK est votre partenaire \u00e0 Berlin\n\t\t\t<\/h2>\n\t<p>UPA PACK comprend les d\u00e9fis auxquels est confront\u00e9e l&#8217;\u00e9conomie berlinoise et vous offre de nombreux avantages :<\/p>\n\t\t<h3>\t\n\tSuivi personnalis\u00e9<\/h3><p>Des interlocuteurs directs garantissent une communication rapide et simple.<\/p>\n\t\t<h3>\t\n\tDes solutions durables<\/h3><p>Nos emballages \u00e9cologiques sont parfaitement adapt\u00e9s aux exigences des entreprises modernes \u00e0 Berlin.<\/p>\n\t\t<h3>\t\n\tLivraison rapide<\/h3><p>Notre logistique efficace vous permet de recevoir vos solutions d&#8217;emballage sans d\u00e9lai.<\/p>\n\t<h2>\n\t\t\t\tFoire aux questions (FAQ)\n\t\t\t<\/h2>\n\t\t\t\t\t\t<h5>Pouvez-vous proposer des solutions d&#8217;emballage pour les entreprises de commerce \u00e9lectronique ?<\/h5>\n\t\t\t<p>Oui, nous proposons des emballages sp\u00e9cialement con\u00e7us pour r\u00e9pondre aux exigences des commer\u00e7ants en ligne.<\/p>\n\t\t\t\t\t\t<h5>Vos emballages sont-ils adapt\u00e9s \u00e0 la logistique urbaine ?<\/h5>\n\t\t\t<p>Absolument ! Nos produits sont robustes et peu encombrants, ce qui les rend parfaits pour relever les d\u00e9fis du transport urbain.<\/p>\n\t\t\t\t\t\t<h5>Vos emballages sont-ils durables ?<\/h5>\n\t\t\t<p>Nos emballages recyclables sont respectueux de l&#8217;environnement et soutiennent les entreprises qui misent sur la durabilit\u00e9.<\/p>\n\t\t\t\t\t\t<h5>Quel est votre d\u00e9lai de livraison \u00e0 Berlin ?<\/h5>\n\t\t\t<p>Notre logistique efficace garantit que vos emballages arrivent quand vous en avez besoin.<\/p>\n\t\t\t\t<a href=\"https:\/\/upa-pack.de\/app\/uploads\/2024\/12\/brandenburger-gate-night-scaled.jpg\"  target=\"_self\" itemprop=\"url\">\n\t\t\t\t<img decoding=\"async\" src=\"https:\/\/upa-pack.de\/app\/uploads\/2024\/12\/brandenburger-gate-night-scaled.jpg\" alt=\"OLYMPUS DIGITAL CAMERA\" itemprop=\"image\" height=\"1377\" width=\"2048\" title=\"OLYMPUS DIGITAL CAMERA\" onerror=\"this.style.display='none'\"  \/>\n\t\t\t\t<\/a>\n\t<h2>\n\t\t\t\tContactez UPA PACK, vos experts en emballage \u00e0 Berlin.\n\t\t\t<\/h2>\n\t<p>Vous avez des questions ou souhaitez recevoir une offre personnalis\u00e9e ? Notre \u00e9quipe se tient \u00e0 votre disposition pour discuter de vos besoins en mati\u00e8re d&#8217;emballage et d\u00e9velopper la meilleure solution pour votre entreprise \u00e0 Berlin.<\/p>\n\t\t\t<a href=\"https:\/\/upa-pack.de\/fr\/contact\/\" target=\"_self\">\n\t\t\t\t\t\t\tEnvoyer la demande maintenant\n\t\t\t\t\t<\/a>\n\t<h2>\n\t\t\t\tPourquoi UPA PACK est le meilleur choix pour les entreprises berlinoises\n\t\t\t<\/h2>\n\t<p>Gr\u00e2ce \u00e0 notre exp\u00e9rience, \u00e0 notre souci de la qualit\u00e9 et \u00e0 nos solutions d&#8217;emballage durables, nous vous offrons un soutien parfait pour vos processus logistiques. UPA PACK est votre partenaire fiable \u00e0 Berlin.<\/p>\n\n","protected":false},"excerpt":{"rendered":"<p>Efficace, s\u00fbr et durable avec UPA PACK Solutions d&#8217;emballage \u00e0 Berlin Berlin, la capitale dynamique de l&#8217;Allemagne, est un p\u00f4le \u00e9conomique important qui abrite un paysage entrepreneurial vari\u00e9. Des start-ups au commerce \u00e9lectronique en passant par l&#8217;industrie, les exigences en mati\u00e8re de solutions d&#8217;emballage sont aussi diverses que la ville elle-m\u00eame. UPA PACK propose aux [&hellip;]<\/p>\n","protected":false},"author":4,"featured_media":0,"parent":0,"menu_order":0,"comment_status":"closed","ping_status":"closed","template":"","meta":{"site-sidebar-layout":"default","site-content-layout":"","ast-site-content-layout":"default","site-content-style":"default","site-sidebar-style":"default","ast-global-header-display":"","ast-banner-title-visibility":"","ast-main-header-display":"","ast-hfb-above-header-display":"","ast-hfb-below-header-display":"","ast-hfb-mobile-header-display":"","site-post-title":"","ast-breadcrumbs-content":"","ast-featured-img":"","footer-sml-layout":"","theme-transparent-header-meta":"","adv-header-id-meta":"","stick-header-meta":"","header-above-stick-meta":"","header-main-stick-meta":"","header-below-stick-meta":"","astra-migrate-meta-layouts":"set","ast-page-background-enabled":"default","ast-page-background-meta":{"desktop":{"background-color":"var(--ast-global-color-4)","background-image":"","background-repeat":"repeat","background-position":"center center","background-size":"auto","background-attachment":"scroll","background-type":"","background-media":"","overlay-type":"","overlay-color":"","overlay-opacity":"","overlay-gradient":""},"tablet":{"background-color":"","background-image":"","background-repeat":"repeat","background-position":"center center","background-size":"auto","background-attachment":"scroll","background-type":"","background-media":"","overlay-type":"","overlay-color":"","overlay-opacity":"","overlay-gradient":""},"mobile":{"background-color":"","background-image":"","background-repeat":"repeat","background-position":"center center","background-size":"auto","background-attachment":"scroll","background-type":"","background-media":"","overlay-type":"","overlay-color":"","overlay-opacity":"","overlay-gradient":""}},"ast-content-background-meta":{"desktop":{"background-color":"var(--ast-global-color-5)","background-image":"","background-repeat":"repeat","background-position":"center center","background-size":"auto","background-attachment":"scroll","background-type":"","background-media":"","overlay-type":"","overlay-color":"","overlay-opacity":"","overlay-gradient":""},"tablet":{"background-color":"var(--ast-global-color-5)","background-image":"","background-repeat":"repeat","background-position":"center center","background-size":"auto","background-attachment":"scroll","background-type":"","background-media":"","overlay-type":"","overlay-color":"","overlay-opacity":"","overlay-gradient":""},"mobile":{"background-color":"var(--ast-global-color-5)","background-image":"","background-repeat":"repeat","background-position":"center center","background-size":"auto","background-attachment":"scroll","background-type":"","background-media":"","overlay-type":"","overlay-color":"","overlay-opacity":"","overlay-gradient":""}},"footnotes":""},"class_list":["post-2016","page","type-page","status-publish","hentry"],"_links":{"self":[{"href":"https:\/\/upa-pack.de\/fr\/wp-json\/wp\/v2\/pages\/2016","targetHints":{"allow":["GET"]}}],"collection":[{"href":"https:\/\/upa-pack.de\/fr\/wp-json\/wp\/v2\/pages"}],"about":[{"href":"https:\/\/upa-pack.de\/fr\/wp-json\/wp\/v2\/types\/page"}],"author":[{"embeddable":true,"href":"https:\/\/upa-pack.de\/fr\/wp-json\/wp\/v2\/users\/4"}],"replies":[{"embeddable":true,"href":"https:\/\/upa-pack.de\/fr\/wp-json\/wp\/v2\/comments?post=2016"}],"version-history":[{"count":4,"href":"https:\/\/upa-pack.de\/fr\/wp-json\/wp\/v2\/pages\/2016\/revisions"}],"predecessor-version":[{"id":2190,"href":"https:\/\/upa-pack.de\/fr\/wp-json\/wp\/v2\/pages\/2016\/revisions\/2190"}],"wp:attachment":[{"href":"https:\/\/upa-pack.de\/fr\/wp-json\/wp\/v2\/media?parent=2016"}],"curies":[{"name":"wp","href":"https:\/\/api.w.org\/{rel}","templated":true}]}}