{"id":2014,"date":"2024-12-10T08:27:59","date_gmt":"2024-12-10T07:27:59","guid":{"rendered":"https:\/\/upa-pack.de\/verpackungsloesungen-in-frankfurt-am-main\/"},"modified":"2025-11-19T14:41:01","modified_gmt":"2025-11-19T13:41:01","slug":"solutions-demballage-a-francfort-sur-le-main","status":"publish","type":"page","link":"https:\/\/upa-pack.de\/fr\/solutions-demballage-a-francfort-sur-le-main\/","title":{"rendered":"Solutions d&#8217;emballage \u00e0 Francfort-sur-le-Main"},"content":{"rendered":"\n\n\t\t\t<p><b>Vos experts chez UPA PACK<\/b><\/p>\t\n\t<h2>\n\t\t\t\tSolutions d&#8217;emballage \u00e0 Francfort-sur-le-Main &#8211; efficaces, s\u00fbres, durables\n\t\t\t<\/h2>\n\t<p>Francfort-sur-le-Main, connue comme la m\u00e9tropole financi\u00e8re de l&#8217;Allemagne, est une plaque tournante centrale pour le commerce et la logistique. Avec UPA PACK, les entreprises de Francfort ont \u00e0 leurs c\u00f4t\u00e9s un partenaire exp\u00e9riment\u00e9 pour des solutions d&#8217;emballage de haute qualit\u00e9. Nos produits sur mesure garantissent une s\u00e9curit\u00e9 maximale de vos marchandises, des processus logistiques optimis\u00e9s et des normes d&#8217;emballage durables.<\/p>\n\t<h2>\n\t\t\t\tNos solutions d&#8217;emballage pour les entreprises \u00e0 Francfort\n\t\t\t<\/h2>\n<h3>\n\t\tUPA PACK propose des produits d&#8217;emballage sp\u00e9cialement adapt\u00e9s aux besoins de l&#8217;\u00e9conomie francfortoise. Nos solutions comprennent :\n\t<\/h3>\n\t<ul>\n<li><b>Corni\u00e8res de protection et accessoires pour palettes :<\/b><b><br \/>\n<\/b>Prot\u00e9gez vos produits avec des corni\u00e8res de protection robustes et des solutions pour palettes. Particuli\u00e8rement innovantes : les corni\u00e8res autocollantes avec bande adh\u00e9sive ou thermofusible, qui r\u00e9duisent l&#8217;utilisation de film \u00e9tirable et permettent ainsi d&#8217;\u00e9conomiser durablement les ressources.<\/li>\n<\/ul>\n\t<ul>\n<li><b>Solutions d&#8217;emballage pour produits fragiles :<\/b><b><br \/>\n<\/b>Qu&#8217;il s&#8217;agisse d&#8217;appareils \u00e9lectroniques, de machines ou de verre, nos emballages prot\u00e8gent les produits fragiles de mani\u00e8re fiable et s\u00fbre.<\/li>\n<\/ul>\n\t<ul>\n<li><b>Tubes en carton rigide et tubes d&#8217;exp\u00e9dition :<\/b><b><br \/>\n<\/b>Nos tubes d&#8217;exp\u00e9dition en carton rigide offrent une protection s\u00fbre pour les marchandises les plus diverses. Ils sont solides, polyvalents et personnalisables, parfaits pour le transport et le stockage de vos produits.<\/li>\n<\/ul>\n\t<ul>\n<li><b>Emballages durables :<\/b><b><br \/>\n<\/b>Des solutions d&#8217;emballage respectueuses de l&#8217;environnement, recyclables et qui vous aident \u00e0 atteindre vos objectifs en mati\u00e8re de d\u00e9veloppement durable.<\/li>\n<\/ul>\n\t\t\t<p>histoire de r\u00e9ussite<\/p>\t\n\t<h2>\n\t\t\t\tSolutions d&#8217;emballage pour une entreprise de logistique \u00e0 Francfort\n\t\t\t<\/h2>\n\t<p>Une entreprise de logistique de premier plan \u00e0 Francfort rencontrait des difficult\u00e9s avec des produits endommag\u00e9s lors de livraisons internationales. UPA PACK a d\u00e9velopp\u00e9 une solution avec des corni\u00e8res de protection autocollantes et des tubes en carton rigide adapt\u00e9s sur mesure.<\/p>\n<p><b>R\u00e9sultat :<\/b><\/p>\n<ul>\n<li aria-level=\"\u00ab\">R\u00e9duction des dommages li\u00e9s au transport de 85 %.<\/li>\n<li aria-level=\"\u00ab\">R\u00e9duction des co\u00fbts gr\u00e2ce \u00e0 des solutions d&#8217;emballage plus efficaces.<\/li>\n<li aria-level=\"\u00ab\">Augmentation de la satisfaction client gr\u00e2ce \u00e0 des livraisons plus s\u00fbres et plus ponctuelles.<\/li>\n<\/ul>\n\t<h2>\n\t\t\t\tPourquoi UPA PACK est votre partenaire \u00e0 Francfort\n\t\t\t<\/h2>\n\t<p>UPA PACK propose non seulement des produits haut de gamme, mais aussi de nombreux avantages sp\u00e9cialement adapt\u00e9s aux besoins de l&#8217;\u00e9conomie francfortoise :<\/p>\n\t\t<h3>\t\n\tSuivi personnalis\u00e9<\/h3><p>Des interlocuteurs directs garantissent une communication rapide et simple.<\/p>\n\t\t<h3>\t\n\tExpertise r\u00e9gionale<\/h3><p>Nous comprenons les exigences des entreprises francfortoises et proposons des solutions sur mesure.<\/p>\n\t\t<h3>\t\n\tLivraison rapide<\/h3><p>Notre logistique efficace garantit que vos emballages arrivent exactement quand vous en avez besoin.<\/p>\n\t<h2>\n\t\t\t\tFoire aux questions (FAQ)\n\t\t\t<\/h2>\n\t\t\t\t\t\t<h5>Vos corni\u00e8res de protection sont-elles \u00e9galement disponibles en version autocollante ?<\/h5>\n\t\t\t<p>Oui, nos corni\u00e8res de protection autocollantes sont disponibles avec une bande adh\u00e9sive amovible ou un rev\u00eatement thermofusible, ce qui les rend id\u00e9ales pour une utilisation durable.<\/p>\n\t\t\t\t\t\t<h5>Vos emballages sont-ils durables ?<\/h5>\n\t\t\t<p>Nos solutions d&#8217;emballage sont enti\u00e8rement recyclables et \u00e9conomes en ressources, ce qui les rend id\u00e9ales pour les entreprises soucieuses de l&#8217;environnement.<\/p>\n\t\t\t\t\t\t<h5>Pouvez-vous concevoir des emballages individuels pour les marchandises fragiles ?<\/h5>\n\t\t\t<p>Bien s\u00fbr ! Nous proposons des solutions sur mesure qui prot\u00e8gent efficacement les produits fragiles.<\/p>\n\t\t\t\t\t\t<h5>Quel est votre d\u00e9lai de livraison \u00e0 Francfort ?<\/h5>\n\t\t\t<p>Notre logistique efficace garantit que vos emballages sont livr\u00e9s dans les d\u00e9lais, selon vos besoins.<\/p>\n\t\t\t\t<a href=\"https:\/\/upa-pack.de\/app\/uploads\/2024\/12\/cityscape-frankfurt-downtown-germany-scaled.jpg\"  target=\"_self\" itemprop=\"url\">\n\t\t\t\t<img decoding=\"async\" src=\"https:\/\/upa-pack.de\/app\/uploads\/2024\/12\/cityscape-frankfurt-downtown-germany-scaled.jpg\" alt=\"Cityscape of Frankfurt downtown, Germany. River Main with a floating boat, skyscrapers on the background, other buildings\" itemprop=\"image\" height=\"1152\" width=\"2048\" title=\"Cityscape of Frankfurt downtown, Germany\" onerror=\"this.style.display='none'\"  \/>\n\t\t\t\t<\/a>\n\t<h2>\n\t\t\t\tContactez UPA PACK, vos experts en emballage \u00e0 Francfort.\n\t\t\t<\/h2>\n\t<p>Vous avez des questions ou souhaitez recevoir une offre personnalis\u00e9e ? Notre \u00e9quipe se tient \u00e0 votre disposition pour discuter de vos besoins et d\u00e9velopper une solution optimale.<\/p>\n\t\t\t<a href=\"https:\/\/upa-pack.de\/fr\/contact\/\" target=\"_self\">\n\t\t\t\t\t\t\tEnvoyer la demande maintenant\n\t\t\t\t\t<\/a>\n\t<h2>\n\t\t\t\tPourquoi UPA PACK est le partenaire id\u00e9al pour votre entreprise\n\t\t\t<\/h2>\n\t<p>Notre exp\u00e9rience, notre souci de la qualit\u00e9 et notre expertise dans le secteur de l&#8217;emballage font de nous le partenaire id\u00e9al pour les entreprises de Francfort. Que vous ayez besoin d&#8217;une solution rapide ou que vous souhaitiez optimiser vos processus logistiques \u00e0 long terme, avec UPA PACK, vous \u00eates entre de bonnes mains. Nos corni\u00e8res de protection autocollantes et nos tubes d&#8217;exp\u00e9dition sur mesure vous offrent des solutions innovantes, efficaces et durables.<\/p>\n\n","protected":false},"excerpt":{"rendered":"<p>Vos experts chez UPA PACK Solutions d&#8217;emballage \u00e0 Francfort-sur-le-Main &#8211; efficaces, s\u00fbres, durables Francfort-sur-le-Main, connue comme la m\u00e9tropole financi\u00e8re de l&#8217;Allemagne, est une plaque tournante centrale pour le commerce et la logistique. Avec UPA PACK, les entreprises de Francfort ont \u00e0 leurs c\u00f4t\u00e9s un partenaire exp\u00e9riment\u00e9 pour des solutions d&#8217;emballage de haute qualit\u00e9. Nos produits [&hellip;]<\/p>\n","protected":false},"author":4,"featured_media":0,"parent":0,"menu_order":0,"comment_status":"closed","ping_status":"closed","template":"","meta":{"site-sidebar-layout":"default","site-content-layout":"","ast-site-content-layout":"default","site-content-style":"default","site-sidebar-style":"default","ast-global-header-display":"","ast-banner-title-visibility":"","ast-main-header-display":"","ast-hfb-above-header-display":"","ast-hfb-below-header-display":"","ast-hfb-mobile-header-display":"","site-post-title":"","ast-breadcrumbs-content":"","ast-featured-img":"","footer-sml-layout":"","theme-transparent-header-meta":"","adv-header-id-meta":"","stick-header-meta":"","header-above-stick-meta":"","header-main-stick-meta":"","header-below-stick-meta":"","astra-migrate-meta-layouts":"set","ast-page-background-enabled":"default","ast-page-background-meta":{"desktop":{"background-color":"var(--ast-global-color-4)","background-image":"","background-repeat":"repeat","background-position":"center center","background-size":"auto","background-attachment":"scroll","background-type":"","background-media":"","overlay-type":"","overlay-color":"","overlay-opacity":"","overlay-gradient":""},"tablet":{"background-color":"","background-image":"","background-repeat":"repeat","background-position":"center center","background-size":"auto","background-attachment":"scroll","background-type":"","background-media":"","overlay-type":"","overlay-color":"","overlay-opacity":"","overlay-gradient":""},"mobile":{"background-color":"","background-image":"","background-repeat":"repeat","background-position":"center center","background-size":"auto","background-attachment":"scroll","background-type":"","background-media":"","overlay-type":"","overlay-color":"","overlay-opacity":"","overlay-gradient":""}},"ast-content-background-meta":{"desktop":{"background-color":"var(--ast-global-color-5)","background-image":"","background-repeat":"repeat","background-position":"center center","background-size":"auto","background-attachment":"scroll","background-type":"","background-media":"","overlay-type":"","overlay-color":"","overlay-opacity":"","overlay-gradient":""},"tablet":{"background-color":"var(--ast-global-color-5)","background-image":"","background-repeat":"repeat","background-position":"center center","background-size":"auto","background-attachment":"scroll","background-type":"","background-media":"","overlay-type":"","overlay-color":"","overlay-opacity":"","overlay-gradient":""},"mobile":{"background-color":"var(--ast-global-color-5)","background-image":"","background-repeat":"repeat","background-position":"center center","background-size":"auto","background-attachment":"scroll","background-type":"","background-media":"","overlay-type":"","overlay-color":"","overlay-opacity":"","overlay-gradient":""}},"footnotes":""},"class_list":["post-2014","page","type-page","status-publish","hentry"],"_links":{"self":[{"href":"https:\/\/upa-pack.de\/fr\/wp-json\/wp\/v2\/pages\/2014","targetHints":{"allow":["GET"]}}],"collection":[{"href":"https:\/\/upa-pack.de\/fr\/wp-json\/wp\/v2\/pages"}],"about":[{"href":"https:\/\/upa-pack.de\/fr\/wp-json\/wp\/v2\/types\/page"}],"author":[{"embeddable":true,"href":"https:\/\/upa-pack.de\/fr\/wp-json\/wp\/v2\/users\/4"}],"replies":[{"embeddable":true,"href":"https:\/\/upa-pack.de\/fr\/wp-json\/wp\/v2\/comments?post=2014"}],"version-history":[{"count":4,"href":"https:\/\/upa-pack.de\/fr\/wp-json\/wp\/v2\/pages\/2014\/revisions"}],"predecessor-version":[{"id":2193,"href":"https:\/\/upa-pack.de\/fr\/wp-json\/wp\/v2\/pages\/2014\/revisions\/2193"}],"wp:attachment":[{"href":"https:\/\/upa-pack.de\/fr\/wp-json\/wp\/v2\/media?parent=2014"}],"curies":[{"name":"wp","href":"https:\/\/api.w.org\/{rel}","templated":true}]}}