{"id":2012,"date":"2024-12-10T08:28:11","date_gmt":"2024-12-10T07:28:11","guid":{"rendered":"https:\/\/upa-pack.de\/verpackungsloesungen-in-hamburg\/"},"modified":"2025-11-19T14:41:29","modified_gmt":"2025-11-19T13:41:29","slug":"solutions-demballage-a-hambourg","status":"publish","type":"page","link":"https:\/\/upa-pack.de\/fr\/solutions-demballage-a-hambourg\/","title":{"rendered":"Solutions d&#8217;emballage \u00e0 Hambourg"},"content":{"rendered":"\n\n\t\t\t<p><b>Fiable et durable avec UPA PACK<\/b><\/p>\t\n\t<h2>\n\t\t\t\tSolutions d&#8217;emballage \u00e0 Hambourg\n\t\t\t<\/h2>\n\t<p>Hambourg, porte ouverte sur le monde, est une plaque tournante centrale pour la logistique et le commerce. Avec le plus grand port maritime d&#8217;Allemagne et un grand nombre d&#8217;entreprises dans le secteur du commerce et de l&#8217;exportation, l&#8217;emballage joue un r\u00f4le cl\u00e9. UPA PACK propose aux entreprises de Hambourg des solutions d&#8217;emballage individuelles sp\u00e9cialement adapt\u00e9es aux exigences du port et de la logistique internationale.<\/p>\n\t<h2>\n\t\t\t\tNos solutions d&#8217;emballage pour les entreprises \u00e0 Hambourg\n\t\t\t<\/h2>\n<h3>\n\t\tNos produits sont parfaitement adapt\u00e9s pour emballer vos marchandises de mani\u00e8re s\u00fbre et efficace, que ce soit pour le transport par camion, bateau ou avion. UPA PACK propose :\n\t<\/h3>\n\t<ul>\n<li><b>Corni\u00e8res de protection et accessoires pour palettes :<\/b><b><br \/>\n<\/b>Prot\u00e9gez vos chargements sur palettes gr\u00e2ce \u00e0 des solutions robustes de protection des angles. Particuli\u00e8rement pratiques : les corni\u00e8res autocollantes avec bande adh\u00e9sive amovible ou rev\u00eatement thermofusible qui r\u00e9duisent les dommages li\u00e9s au transport tout en minimisant l&#8217;utilisation de film \u00e9tirable.<\/li>\n<\/ul>\n\t<ul>\n<li><b>Solutions d&#8217;emballage pour produits sensibles :<\/b><b><br \/>\n<\/b>Qu&#8217;il s&#8217;agisse d&#8217;appareils \u00e9lectroniques, de machines ou d&#8217;autres marchandises sensibles, nous proposons des emballages qui r\u00e9pondent aux exigences de s\u00e9curit\u00e9 les plus strictes.<\/li>\n<\/ul>\n\t<ul>\n<li aria-level=\"\u00ab\"><b>Tubes en carton rigide et tubes d&#8217;exp\u00e9dition :<\/b><b><br \/>\n<\/b>Nos tubes en carton rigide polyvalents offrent une protection s\u00fbre et une grande stabilit\u00e9, id\u00e9ale pour les marchandises fragiles et les exigences particuli\u00e8res du commerce international.<\/li>\n<\/ul>\n\t<ul>\n<li><b>Solutions d&#8217;emballage durables :<\/b><b><br \/>\n<\/b>Hambourg est pionni\u00e8re en mati\u00e8re de durabilit\u00e9. Nos emballages recyclables aident votre entreprise \u00e0 respecter les normes environnementales.<\/li>\n<\/ul>\n\t\t\t<p>histoire de r\u00e9ussite<\/p>\t\n\t<h2>\n\t\t\t\tEmballages d&#8217;exportation optimis\u00e9s pour une entreprise hambourgeoise\n\t\t\t<\/h2>\n\t<p>Une entreprise de logistique de taille moyenne situ\u00e9e \u00e0 Hambourg avait besoin d&#8217;emballages d&#8217;exportation \u00e0 la fois \u00e9conomiques et suffisamment robustes pour le transport maritime. UPA PACK a d\u00e9velopp\u00e9 une combinaison de solutions de protection des bords autocollantes et de tubes en papier dur personnalis\u00e9s.<\/p>\n<p><b>R\u00e9sultat :<\/b><\/p>\n<ul>\n<li aria-level=\"\u00ab\">R\u00e9duction des dommages li\u00e9s au transport de 95 %.<\/li>\n<li aria-level=\"\u00ab\">\u00c9conomies r\u00e9alis\u00e9es gr\u00e2ce \u00e0 une consommation moindre de mat\u00e9riaux.<\/li>\n<li aria-level=\"\u00ab\">Augmentation de la satisfaction client gr\u00e2ce \u00e0 des livraisons s\u00fbres et ponctuelles.<\/li>\n<\/ul>\n\t<h2>\n\t\t\t\tPourquoi UPA PACK est votre partenaire \u00e0 Hambourg\n\t\t\t<\/h2>\n\t<p>Nos solutions d&#8217;emballage sont sp\u00e9cialement con\u00e7ues pour r\u00e9pondre aux exigences de l&#8217;\u00e9conomie hambourgeoise. Les entreprises b\u00e9n\u00e9ficient des avantages suivants :<\/p>\n\t\t<h3>\t\n\tSuivi personnalis\u00e9<\/h3><p>Des interlocuteurs directs garantissent une communication simple et efficace.<\/p>\n\t\t<h3>\t\n\tApproches durables<\/h3><p>Nos emballages sont \u00e9cologiques et parfaitement adapt\u00e9s aux exigences croissantes de l&#8217;\u00e9conomie hambourgeoise.<\/p>\n\t\t<h3>\t\n\tLivraison rapide<\/h3><p>Notre proximit\u00e9 avec la r\u00e9gion et notre logistique efficace garantissent des livraisons ponctuelles, m\u00eame en cas de besoin urgent.<\/p>\n\t<h2>\n\t\t\t\tFoire aux questions (FAQ)\n\t\t\t<\/h2>\n\t\t\t\t\t\t<h5>Vos emballages sont-ils adapt\u00e9s au transport maritime ?<\/h5>\n\t\t\t<p>Oui, nos emballages sont sp\u00e9cialement con\u00e7us pour r\u00e9pondre aux exigences du transport maritime.<\/p>\n\t\t\t\t\t\t<h5>Pouvez-vous concevoir des emballages individuels pour l&#8217;exportation ?<\/h5>\n\t\t\t<p>Bien s\u00fbr ! Nous fabriquons des emballages sur mesure qui r\u00e9pondent aux normes internationales d&#8217;exportation.<\/p>\n\t\t\t\t\t\t<h5>Vos emballages sont-ils durables ?<\/h5>\n\t\t\t<p>Nos emballages recyclables sont respectueux de l&#8217;environnement et id\u00e9aux pour les entreprises qui accordent de l&#8217;importance \u00e0 la durabilit\u00e9.<\/p>\n\t\t\t\t\t\t<h5>Quel est votre d\u00e9lai de livraison \u00e0 Hambourg ?<\/h5>\n\t\t\t<p>Gr\u00e2ce \u00e0 notre logistique efficace, nous sommes en mesure de livrer les emballages de mani\u00e8re flexible et rapide.<\/p>\n\t\t\t\t<a href=\"https:\/\/upa-pack.de\/app\/uploads\/2024\/12\/rope-tied-cleat-harbor-against-buildings-sunset-scaled.jpg\"  target=\"_self\" itemprop=\"url\">\n\t\t\t\t<img decoding=\"async\" src=\"https:\/\/upa-pack.de\/app\/uploads\/2024\/12\/rope-tied-cleat-harbor-against-buildings-sunset-scaled.jpg\" alt=\"rope-tied-cleat-harbor-against-buildings-sunset\" itemprop=\"image\" height=\"1365\" width=\"2048\" title=\"rope-tied-cleat-harbor-against-buildings-sunset\" onerror=\"this.style.display='none'\"  \/>\n\t\t\t\t<\/a>\n\t<h2>\n\t\t\t\tContactez UPA PACK, vos experts en emballage \u00e0 Hambourg.\n\t\t\t<\/h2>\n\t<p>Vous avez des questions ou souhaitez recevoir une offre personnalis\u00e9e ? Notre \u00e9quipe se tient \u00e0 votre disposition pour discuter de vos besoins et vous proposer une solution d&#8217;emballage optimale pour votre entreprise \u00e0 Hambourg.<\/p>\n\t\t\t<a href=\"https:\/\/upa-pack.de\/fr\/contact\/\" target=\"_self\">\n\t\t\t\t\t\t\tEnvoyer la demande maintenant\n\t\t\t\t\t<\/a>\n\t<h2>\n\t\t\t\tPourquoi UPA PACK est le choix id\u00e9al pour votre entreprise \u00e0 Hambourg\n\t\t\t<\/h2>\n\t<p>Notre exp\u00e9rience dans la logistique d&#8217;exportation, notre souci de la qualit\u00e9 et nos solutions d&#8217;emballage durables font de nous le partenaire id\u00e9al pour les entreprises de Hambourg. Avec UPA PACK, vous optimisez vos processus et garantissez que vos marchandises arrivent \u00e0 destination en toute s\u00e9curit\u00e9 et efficacement.<\/p>\n\n","protected":false},"excerpt":{"rendered":"<p>Fiable et durable avec UPA PACK Solutions d&#8217;emballage \u00e0 Hambourg Hambourg, porte ouverte sur le monde, est une plaque tournante centrale pour la logistique et le commerce. Avec le plus grand port maritime d&#8217;Allemagne et un grand nombre d&#8217;entreprises dans le secteur du commerce et de l&#8217;exportation, l&#8217;emballage joue un r\u00f4le cl\u00e9. UPA PACK propose [&hellip;]<\/p>\n","protected":false},"author":4,"featured_media":0,"parent":0,"menu_order":0,"comment_status":"closed","ping_status":"closed","template":"","meta":{"site-sidebar-layout":"default","site-content-layout":"","ast-site-content-layout":"default","site-content-style":"default","site-sidebar-style":"default","ast-global-header-display":"","ast-banner-title-visibility":"","ast-main-header-display":"","ast-hfb-above-header-display":"","ast-hfb-below-header-display":"","ast-hfb-mobile-header-display":"","site-post-title":"","ast-breadcrumbs-content":"","ast-featured-img":"","footer-sml-layout":"","theme-transparent-header-meta":"","adv-header-id-meta":"","stick-header-meta":"","header-above-stick-meta":"","header-main-stick-meta":"","header-below-stick-meta":"","astra-migrate-meta-layouts":"set","ast-page-background-enabled":"default","ast-page-background-meta":{"desktop":{"background-color":"var(--ast-global-color-4)","background-image":"","background-repeat":"repeat","background-position":"center center","background-size":"auto","background-attachment":"scroll","background-type":"","background-media":"","overlay-type":"","overlay-color":"","overlay-opacity":"","overlay-gradient":""},"tablet":{"background-color":"","background-image":"","background-repeat":"repeat","background-position":"center center","background-size":"auto","background-attachment":"scroll","background-type":"","background-media":"","overlay-type":"","overlay-color":"","overlay-opacity":"","overlay-gradient":""},"mobile":{"background-color":"","background-image":"","background-repeat":"repeat","background-position":"center center","background-size":"auto","background-attachment":"scroll","background-type":"","background-media":"","overlay-type":"","overlay-color":"","overlay-opacity":"","overlay-gradient":""}},"ast-content-background-meta":{"desktop":{"background-color":"var(--ast-global-color-5)","background-image":"","background-repeat":"repeat","background-position":"center center","background-size":"auto","background-attachment":"scroll","background-type":"","background-media":"","overlay-type":"","overlay-color":"","overlay-opacity":"","overlay-gradient":""},"tablet":{"background-color":"var(--ast-global-color-5)","background-image":"","background-repeat":"repeat","background-position":"center center","background-size":"auto","background-attachment":"scroll","background-type":"","background-media":"","overlay-type":"","overlay-color":"","overlay-opacity":"","overlay-gradient":""},"mobile":{"background-color":"var(--ast-global-color-5)","background-image":"","background-repeat":"repeat","background-position":"center center","background-size":"auto","background-attachment":"scroll","background-type":"","background-media":"","overlay-type":"","overlay-color":"","overlay-opacity":"","overlay-gradient":""}},"footnotes":""},"class_list":["post-2012","page","type-page","status-publish","hentry"],"_links":{"self":[{"href":"https:\/\/upa-pack.de\/fr\/wp-json\/wp\/v2\/pages\/2012","targetHints":{"allow":["GET"]}}],"collection":[{"href":"https:\/\/upa-pack.de\/fr\/wp-json\/wp\/v2\/pages"}],"about":[{"href":"https:\/\/upa-pack.de\/fr\/wp-json\/wp\/v2\/types\/page"}],"author":[{"embeddable":true,"href":"https:\/\/upa-pack.de\/fr\/wp-json\/wp\/v2\/users\/4"}],"replies":[{"embeddable":true,"href":"https:\/\/upa-pack.de\/fr\/wp-json\/wp\/v2\/comments?post=2012"}],"version-history":[{"count":4,"href":"https:\/\/upa-pack.de\/fr\/wp-json\/wp\/v2\/pages\/2012\/revisions"}],"predecessor-version":[{"id":2194,"href":"https:\/\/upa-pack.de\/fr\/wp-json\/wp\/v2\/pages\/2012\/revisions\/2194"}],"wp:attachment":[{"href":"https:\/\/upa-pack.de\/fr\/wp-json\/wp\/v2\/media?parent=2012"}],"curies":[{"name":"wp","href":"https:\/\/api.w.org\/{rel}","templated":true}]}}