{"id":2009,"date":"2024-12-10T08:28:28","date_gmt":"2024-12-10T07:28:28","guid":{"rendered":"https:\/\/upa-pack.de\/verpackungsloesungen-in-koblenz\/"},"modified":"2025-11-19T14:39:52","modified_gmt":"2025-11-19T13:39:52","slug":"solutions-demballage-a-coblence","status":"publish","type":"page","link":"https:\/\/upa-pack.de\/fr\/solutions-demballage-a-coblence\/","title":{"rendered":"Solutions d&#8217;emballage \u00e0 Coblence"},"content":{"rendered":"\n\n\t\t\t<p><b>Vos experts chez UPA PACK<\/b><\/p>\t\n\t<h2>\n\t\t\t\tSolutions d&#8217;emballage \u00e0 Coblence\n\t\t\t<\/h2>\n\t<p>Portes d&#8217;entr\u00e9e vers le Rhin moyen, Coblence est une ville riche en histoire et dot\u00e9e d&#8217;une \u00e9conomie dynamique. En tant qu&#8217;entreprise implant\u00e9e pr\u00e8s de Coblence, UPA PACK comprend parfaitement les besoins des entreprises r\u00e9gionales. Nos solutions d&#8217;emballage sont sp\u00e9cialement con\u00e7ues pour r\u00e9pondre aux exigences \u00e9lev\u00e9es de l&#8217;industrie, de la logistique et du commerce : elles sont efficaces, durables et personnalis\u00e9es.<\/p>\n\t<h2>\n\t\t\t\tNos solutions d&#8217;emballage pour Coblence et ses environs\n\t\t\t<\/h2>\n<h3>\n\t\tUPA PACK propose aux entreprises de Coblence une large gamme de produits d&#8217;emballage haut de gamme. Nos solutions comprennent :\n\t<\/h3>\n\t<ul>\n<li><b>Corni\u00e8res de protection et accessoires pour palettes :<\/b><b><br \/>\n<\/b>Prot\u00e9gez vos produits de mani\u00e8re fiable gr\u00e2ce \u00e0 nos solutions robustes de protection des angles. Particuli\u00e8rement pratiques : nos corni\u00e8res autocollantes avec bande adh\u00e9sive ou thermofusible, qui offrent non seulement une protection maximale, mais r\u00e9duisent \u00e9galement l&#8217;utilisation de film \u00e9tirable et permettent ainsi d&#8217;\u00e9conomiser des ressources.<\/li>\n<\/ul>\n\t<ul>\n<li><b>Solutions d&#8217;emballage pour produits fragiles :<\/b><b><br \/>\n<\/b>Qu&#8217;il s&#8217;agisse d&#8217;appareils \u00e9lectroniques, de machines ou de verre, nous proposons des emballages sur mesure qui prot\u00e8gent parfaitement les produits fragiles.<\/li>\n<\/ul>\n\t<ul>\n<li><b>Tubes en papier dur et tubes d&#8217;exp\u00e9dition :<\/b><b><br \/>\n<\/b>Nos tubes en papier dur sont id\u00e9aux pour le transport et le stockage de vos produits en toute s\u00e9curit\u00e9. Ils sont polyvalents et personnalisables, parfaits pour une multitude d&#8217;applications.<\/li>\n<\/ul>\n\t<ul>\n<li><b>Emballages durables :<\/b><b><br \/>\n<\/b>Misez sur des emballages \u00e9cologiques qui prot\u00e8gent non seulement vos produits, mais qui pr\u00e9servent \u00e9galement les ressources. Nos solutions contribuent \u00e0 am\u00e9liorer le bilan environnemental de votre entreprise.<\/li>\n<\/ul>\n\t\t\t<p>Histoire de r\u00e9ussite<\/p>\t\n\t<h2>\n\t\t\t\tComment UPA PACK a aid\u00e9 un client \u00e0 Coblence\n\t\t\t<\/h2>\n\t<p>Une entreprise de logistique de premier plan bas\u00e9e \u00e0 Coblence rencontrait des probl\u00e8mes li\u00e9s \u00e0 des produits endommag\u00e9s pendant le transport. UPA PACK a proc\u00e9d\u00e9 \u00e0 une analyse de la cha\u00eene logistique et recommand\u00e9 l&#8217;utilisation de corni\u00e8res de protection autocollantes et de tubes en carton rigide. R\u00e9sultat : les dommages li\u00e9s au transport ont \u00e9t\u00e9 r\u00e9duits de 95 %, les processus ont \u00e9t\u00e9 optimis\u00e9s et la satisfaction des clients a consid\u00e9rablement augment\u00e9.<\/p>\n\t<h2>\n\t\t\t\tPourquoi UPA PACK \u00e0 Coblence ?\n\t\t\t<\/h2>\n\t<p>La proximit\u00e9 de Coblence nous permet de r\u00e9agir rapidement et avec souplesse \u00e0 vos demandes. Nos clients b\u00e9n\u00e9ficient des avantages suivants :<\/p>\n\t\t<h3>\t\n\tSuivi personnalis\u00e9<\/h3><p>Des interlocuteurs directs sur place garantissent une communication simple et efficace.<\/p>\n\t\t<h3>\t\n\tExpertise locale<\/h3><p>Nous connaissons les exigences des entreprises de Coblence et proposons des solutions sur mesure, adapt\u00e9es \u00e0 vos besoins.<\/p>\n\t\t<h3>\t\n\tLivraisons rapides<\/h3><p>Gr\u00e2ce \u00e0 des circuits courts, nous pouvons livrer vos emballages rapidement et selon vos besoins.<\/p>\n\t<h2>\n\t\t\t\tFoire aux questions (FAQ)\n\t\t\t<\/h2>\n\t\t\t\t\t\t<h5>Vos corni\u00e8res de protection sont-elles \u00e9galement disponibles en version autocollante ?<\/h5>\n\t\t\t<p>Oui, nous proposons des corni\u00e8res de protection autocollantes avec bande adh\u00e9sive amovible ou rev\u00eatement thermofusible, id\u00e9ales pour une utilisation simple et durable.<\/p>\n\t\t\t\t\t\t<h5>Vos emballages sont-ils durables ?<\/h5>\n\t\t\t<p>Nos emballages sont enti\u00e8rement recyclables et aident les entreprises \u00e0 atteindre leurs objectifs environnementaux.<\/p>\n\t\t\t\t\t\t<h5>Pouvez-vous livrer des quantit\u00e9s individuelles ?<\/h5>\n\t\t\t<p>Bien s\u00fbr ! Nous adaptons nos livraisons \u00e0 vos besoins, qu&#8217;il s&#8217;agisse de petites ou de grandes quantit\u00e9s.<\/p>\n\t\t\t\t\t\t<h5>Dans quels d\u00e9lais pouvez-vous livrer \u00e0 Coblence ?<\/h5>\n\t\t\t<p>Gr\u00e2ce \u00e0 notre proximit\u00e9 avec la r\u00e9gion, nous pouvons r\u00e9agir rapidement et avec souplesse \u00e0 vos demandes.<\/p>\n\t\t\t\t<a href=\"https:\/\/upa-pack.de\/app\/uploads\/2024\/12\/koblenz-city-skyline-germany-scaled.jpg\"  target=\"_self\" itemprop=\"url\">\n\t\t\t\t<img decoding=\"async\" src=\"https:\/\/upa-pack.de\/app\/uploads\/2024\/12\/koblenz-city-skyline-germany-scaled.jpg\" alt=\"Deutsches Eck or German Corner is the name of a headland in Koblenz, where Mosel river joins Rhine in Germany\" itemprop=\"image\" height=\"1365\" width=\"2048\" title=\"Koblenz city skyline in Germany\" onerror=\"this.style.display='none'\"  \/>\n\t\t\t\t<\/a>\n\t<h2>\n\t\t\t\tContactez-nous pour votre solution d&#8217;emballage \u00e0 Coblence\n\t\t\t<\/h2>\n\t<p>Vous avez des questions ou vous souhaitez obtenir un devis personnalis\u00e9 ? Notre \u00e9quipe pr\u00e8s de Coblence se tient \u00e0 votre disposition.<\/p>\n\t\t\t<a href=\"https:\/\/upa-pack.de\/fr\/contact\/\" target=\"_self\">\n\t\t\t\t\t\t\tEnvoyer la demande maintenant\n\t\t\t\t\t<\/a>\n\t<h2>\n\t\t\t\tPourquoi UPA PACK est le partenaire id\u00e9al pour votre entreprise\n\t\t\t<\/h2>\n\t<p>Notre longue exp\u00e9rience, notre proximit\u00e9 avec la r\u00e9gion et notre souci de la qualit\u00e9 font de nous le partenaire id\u00e9al pour les entreprises de Coblence. Que vous ayez besoin d&#8217;une solution rapide ou que vous souhaitiez optimiser vos processus logistiques \u00e0 long terme, avec UPA PACK, vous \u00eates entre de bonnes mains. Nos solutions innovantes, telles que les corni\u00e8res de protection autocollantes et les tubes d&#8217;exp\u00e9dition sur mesure, vous offrent des avantages consid\u00e9rables en termes d&#8217;efficacit\u00e9 et de durabilit\u00e9.<\/p>\n\n","protected":false},"excerpt":{"rendered":"<p>Vos experts chez UPA PACK Solutions d&#8217;emballage \u00e0 Coblence Portes d&#8217;entr\u00e9e vers le Rhin moyen, Coblence est une ville riche en histoire et dot\u00e9e d&#8217;une \u00e9conomie dynamique. En tant qu&#8217;entreprise implant\u00e9e pr\u00e8s de Coblence, UPA PACK comprend parfaitement les besoins des entreprises r\u00e9gionales. Nos solutions d&#8217;emballage sont sp\u00e9cialement con\u00e7ues pour r\u00e9pondre aux exigences \u00e9lev\u00e9es de [&hellip;]<\/p>\n","protected":false},"author":4,"featured_media":0,"parent":0,"menu_order":0,"comment_status":"closed","ping_status":"closed","template":"","meta":{"site-sidebar-layout":"default","site-content-layout":"","ast-site-content-layout":"default","site-content-style":"default","site-sidebar-style":"default","ast-global-header-display":"","ast-banner-title-visibility":"","ast-main-header-display":"","ast-hfb-above-header-display":"","ast-hfb-below-header-display":"","ast-hfb-mobile-header-display":"","site-post-title":"","ast-breadcrumbs-content":"","ast-featured-img":"","footer-sml-layout":"","theme-transparent-header-meta":"","adv-header-id-meta":"","stick-header-meta":"","header-above-stick-meta":"","header-main-stick-meta":"","header-below-stick-meta":"","astra-migrate-meta-layouts":"set","ast-page-background-enabled":"default","ast-page-background-meta":{"desktop":{"background-color":"var(--ast-global-color-4)","background-image":"","background-repeat":"repeat","background-position":"center center","background-size":"auto","background-attachment":"scroll","background-type":"","background-media":"","overlay-type":"","overlay-color":"","overlay-opacity":"","overlay-gradient":""},"tablet":{"background-color":"","background-image":"","background-repeat":"repeat","background-position":"center center","background-size":"auto","background-attachment":"scroll","background-type":"","background-media":"","overlay-type":"","overlay-color":"","overlay-opacity":"","overlay-gradient":""},"mobile":{"background-color":"","background-image":"","background-repeat":"repeat","background-position":"center center","background-size":"auto","background-attachment":"scroll","background-type":"","background-media":"","overlay-type":"","overlay-color":"","overlay-opacity":"","overlay-gradient":""}},"ast-content-background-meta":{"desktop":{"background-color":"var(--ast-global-color-5)","background-image":"","background-repeat":"repeat","background-position":"center center","background-size":"auto","background-attachment":"scroll","background-type":"","background-media":"","overlay-type":"","overlay-color":"","overlay-opacity":"","overlay-gradient":""},"tablet":{"background-color":"var(--ast-global-color-5)","background-image":"","background-repeat":"repeat","background-position":"center center","background-size":"auto","background-attachment":"scroll","background-type":"","background-media":"","overlay-type":"","overlay-color":"","overlay-opacity":"","overlay-gradient":""},"mobile":{"background-color":"var(--ast-global-color-5)","background-image":"","background-repeat":"repeat","background-position":"center center","background-size":"auto","background-attachment":"scroll","background-type":"","background-media":"","overlay-type":"","overlay-color":"","overlay-opacity":"","overlay-gradient":""}},"footnotes":""},"class_list":["post-2009","page","type-page","status-publish","hentry"],"_links":{"self":[{"href":"https:\/\/upa-pack.de\/fr\/wp-json\/wp\/v2\/pages\/2009","targetHints":{"allow":["GET"]}}],"collection":[{"href":"https:\/\/upa-pack.de\/fr\/wp-json\/wp\/v2\/pages"}],"about":[{"href":"https:\/\/upa-pack.de\/fr\/wp-json\/wp\/v2\/types\/page"}],"author":[{"embeddable":true,"href":"https:\/\/upa-pack.de\/fr\/wp-json\/wp\/v2\/users\/4"}],"replies":[{"embeddable":true,"href":"https:\/\/upa-pack.de\/fr\/wp-json\/wp\/v2\/comments?post=2009"}],"version-history":[{"count":4,"href":"https:\/\/upa-pack.de\/fr\/wp-json\/wp\/v2\/pages\/2009\/revisions"}],"predecessor-version":[{"id":2191,"href":"https:\/\/upa-pack.de\/fr\/wp-json\/wp\/v2\/pages\/2009\/revisions\/2191"}],"wp:attachment":[{"href":"https:\/\/upa-pack.de\/fr\/wp-json\/wp\/v2\/media?parent=2009"}],"curies":[{"name":"wp","href":"https:\/\/api.w.org\/{rel}","templated":true}]}}