{"id":2006,"date":"2024-12-10T08:28:37","date_gmt":"2024-12-10T07:28:37","guid":{"rendered":"https:\/\/upa-pack.de\/verpackungsloesungen-in-koeln\/"},"modified":"2025-11-19T14:40:20","modified_gmt":"2025-11-19T13:40:20","slug":"solutions-demballage-a-cologne","status":"publish","type":"page","link":"https:\/\/upa-pack.de\/fr\/solutions-demballage-a-cologne\/","title":{"rendered":"Solutions d&#8217;emballage \u00e0 Cologne"},"content":{"rendered":"\n\n\t\t\t<p><b>Vos experts chez UPA PACK<\/b><\/p>\t\n\t<h2>\n\t\t\t\tSolutions d&#8217;emballage \u00e0 Cologne\n\t\t\t<\/h2>\n\t<p>Cologne, c\u0153ur \u00e9conomique de la Rh\u00e9nanie-du-Nord-Westphalie, est r\u00e9put\u00e9e pour son \u00e9conomie dynamique et son r\u00f4le central dans les secteurs de la logistique et du commerce. En tant que fournisseur r\u00e9gional de solutions d&#8217;emballage, UPA PACK soutient les entreprises de Cologne avec des produits efficaces, durables et personnalis\u00e9s.<\/p>\n\t<h2>\n\t\t\t\tNos solutions d&#8217;emballage pour les entreprises \u00e0 Cologne\n\t\t\t<\/h2>\n<h3>\n\t\tUPA PACK propose une large gamme de produits d&#8217;emballage sp\u00e9cialement adapt\u00e9s aux besoins des entreprises de Cologne. Nos prestations comprennent :\n\t<\/h3>\n\t<ul>\n<li><b>Corni\u00e8res de protection et accessoires pour palettes :<\/b><b><br \/>\n<\/b>Nos solutions de protection des ar\u00eates prot\u00e8gent les ar\u00eates sensibles et stabilisent vos chargements. Particuli\u00e8rement innovants : les corni\u00e8res autocollantes avec bande adh\u00e9sive amovible ou rev\u00eatement thermofusible qui minimisent l&#8217;utilisation de film \u00e9tirable et pr\u00e9servent les ressources.<\/li>\n<\/ul>\n\t<ul>\n<li><b>Solutions d&#8217;emballage pour produits fragiles :<\/b><b><br \/>\n<\/b>Qu&#8217;il s&#8217;agisse d&#8217;appareils \u00e9lectroniques, de machines ou de verre, nos emballages offrent une protection optimale pour les marchandises fragiles.<\/li>\n<\/ul>\n\t<ul>\n<li><b>Tubes en carton et tubes d&#8217;exp\u00e9dition :<\/b><b><br \/>\n<\/b>Parfaits pour le transport et le stockage en toute s\u00e9curit\u00e9 d&#8217;une grande vari\u00e9t\u00e9 de produits. Nos tubes sont stables, polyvalents et personnalisables.<\/li>\n<\/ul>\n\t<ul>\n<li><b>Emballages durables :<\/b><b><br \/>\n<\/b>Des solutions d&#8217;emballage respectueuses de l&#8217;environnement, recyclables et qui vous aident \u00e0 atteindre vos objectifs en mati\u00e8re de d\u00e9veloppement durable.<\/li>\n<\/ul>\n\t\t\t<p>Erfolgsgeschichte<\/p>\t\n\t<h2>\n\t\t\t\tSuccess story : comment UPA PACK a aid\u00e9 une entreprise de Cologne\n\t\t\t<\/h2>\n\t<p>Une entreprise commerciale de premier plan \u00e0 Cologne rencontrait des probl\u00e8mes li\u00e9s aux dommages caus\u00e9s lors du transport de palettes lourdes. UPA PACK a recommand\u00e9 l&#8217;utilisation de corni\u00e8res de protection autocollantes et de tubes en papier dur afin d&#8217;am\u00e9liorer la stabilit\u00e9 et la protection des chargements. R\u00e9sultat : une r\u00e9duction de 90 % des dommages li\u00e9s au transport, une baisse des co\u00fbts gr\u00e2ce \u00e0 une consommation moindre de mat\u00e9riaux et une satisfaction accrue des clients.<\/p>\n\t<h2>\n\t\t\t\tPourquoi UPA PACK est le partenaire id\u00e9al \u00e0 Cologne\n\t\t\t<\/h2>\n\t<p>Notre pr\u00e9sence dans la r\u00e9gion de Cologne nous permet de r\u00e9agir rapidement et efficacement aux demandes des entreprises locales. Avec UPA PACK, vous b\u00e9n\u00e9ficiez des avantages suivants :<\/p>\n\t\t<h3>\t\n\tService personnalis\u00e9<\/h3><p>Des interlocuteurs directs sur place garantissent une communication fluide et des solutions rapides.<\/p>\n\t\t<h3>\t\n\tExpertise r\u00e9gionale<\/h3><p>Nous comprenons les besoins sp\u00e9cifiques des entreprises de Cologne et proposons des solutions sur mesure.<\/p>\n\t\t<h3>\t\n\tLivraisons rapides<\/h3><p>Gr\u00e2ce \u00e0 notre proximit\u00e9 avec la r\u00e9gion, nous pouvons vous livrer vos emballages dans les meilleurs d\u00e9lais.<\/p>\n\t<h2>\n\t\t\t\tFoire aux questions (FAQ)\n\t\t\t<\/h2>\n\t\t\t\t\t\t<h5>Vos corni\u00e8res de protection sont-elles \u00e9galement disponibles en version autocollante ?<\/h5>\n\t\t\t<p>Oui, nos corni\u00e8res de protection autocollantes sont disponibles avec une bande adh\u00e9sive amovible ou thermofusible..<\/p>\n\t\t\t\t\t\t<h5>Proposez-vous des emballages pour les marchandises fragiles ?<\/h5>\n\t\t\t<p>Bien s\u00fbr ! Nous proposons des solutions d&#8217;emballage sur mesure pour les produits fragiles tels que les appareils \u00e9lectroniques ou le verre.<\/p>\n\t\t\t\t\t\t<h5>Vos emballages sont-ils durables ?<\/h5>\n\t\t\t<p>Nos produits sont enti\u00e8rement recyclables et contribuent \u00e0 r\u00e9duire les d\u00e9chets plastiques.<\/p>\n\t\t\t\t\t\t<h5>Quel est votre d\u00e9lai de livraison \u00e0 Cologne ?<\/h5>\n\t\t\t<p>Gr\u00e2ce \u00e0 notre logistique efficace, nous pouvons livrer les entreprises de Cologne rapidement et de mani\u00e8re flexible.<\/p>\n\t\t\t\t<a href=\"https:\/\/upa-pack.de\/app\/uploads\/2024\/12\/majestic-basilica-cologne-gothic-masterpiece-generated-by-ai.jpg\"  target=\"_self\" itemprop=\"url\">\n\t\t\t\t<img decoding=\"async\" src=\"https:\/\/upa-pack.de\/app\/uploads\/2024\/12\/majestic-basilica-cologne-gothic-masterpiece-generated-by-ai.jpg\" alt=\"majestic-basilica-cologne-gothic-masterpiece-generated-by-ai\" itemprop=\"image\" height=\"1143\" width=\"2000\" title=\"majestic-basilica-cologne-gothic-masterpiece-generated-by-ai\" onerror=\"this.style.display='none'\"  \/>\n\t\t\t\t<\/a>\n\t<h2>\n\t\t\t\tContactez UPA PACK, vos professionnels de l&#8217;emballage \u00e0 Cologne.\n\t\t\t<\/h2>\n\t<p>Vous avez des questions ou besoin d&#8217;une offre personnalis\u00e9e ? Notre \u00e9quipe se tient \u00e0 votre disposition pour discuter de vos besoins en mati\u00e8re d&#8217;emballage et trouver la solution optimale.<\/p>\n\t\t\t<a href=\"https:\/\/upa-pack.de\/fr\/contact\/\" target=\"_self\">\n\t\t\t\t\t\t\tEnvoyer la demande maintenant\n\t\t\t\t\t<\/a>\n\t<h2>\n\t\t\t\tPourquoi UPA PACK est le partenaire id\u00e9al pour votre entreprise\n\t\t\t<\/h2>\n\t<p>Notre longue exp\u00e9rience, notre souci de la qualit\u00e9 et notre proximit\u00e9 avec la r\u00e9gion font de nous le partenaire id\u00e9al pour les entreprises de Cologne. Que vous ayez besoin d&#8217;une solution d&#8217;emballage \u00e0 court terme ou que vous souhaitiez optimiser vos processus logistiques \u00e0 long terme, avec UPA PACK, vous \u00eates entre de bonnes mains. Nos produits innovants, tels que les corni\u00e8res de protection autocollantes et les tubes d&#8217;exp\u00e9dition sur mesure, vous offrent des solutions durables et efficaces.<\/p>\n\n","protected":false},"excerpt":{"rendered":"<p>Vos experts chez UPA PACK Solutions d&#8217;emballage \u00e0 Cologne Cologne, c\u0153ur \u00e9conomique de la Rh\u00e9nanie-du-Nord-Westphalie, est r\u00e9put\u00e9e pour son \u00e9conomie dynamique et son r\u00f4le central dans les secteurs de la logistique et du commerce. En tant que fournisseur r\u00e9gional de solutions d&#8217;emballage, UPA PACK soutient les entreprises de Cologne avec des produits efficaces, durables et [&hellip;]<\/p>\n","protected":false},"author":4,"featured_media":0,"parent":0,"menu_order":0,"comment_status":"closed","ping_status":"closed","template":"","meta":{"site-sidebar-layout":"default","site-content-layout":"","ast-site-content-layout":"default","site-content-style":"default","site-sidebar-style":"default","ast-global-header-display":"","ast-banner-title-visibility":"","ast-main-header-display":"","ast-hfb-above-header-display":"","ast-hfb-below-header-display":"","ast-hfb-mobile-header-display":"","site-post-title":"","ast-breadcrumbs-content":"","ast-featured-img":"","footer-sml-layout":"","theme-transparent-header-meta":"","adv-header-id-meta":"","stick-header-meta":"","header-above-stick-meta":"","header-main-stick-meta":"","header-below-stick-meta":"","astra-migrate-meta-layouts":"set","ast-page-background-enabled":"default","ast-page-background-meta":{"desktop":{"background-color":"var(--ast-global-color-4)","background-image":"","background-repeat":"repeat","background-position":"center center","background-size":"auto","background-attachment":"scroll","background-type":"","background-media":"","overlay-type":"","overlay-color":"","overlay-opacity":"","overlay-gradient":""},"tablet":{"background-color":"","background-image":"","background-repeat":"repeat","background-position":"center center","background-size":"auto","background-attachment":"scroll","background-type":"","background-media":"","overlay-type":"","overlay-color":"","overlay-opacity":"","overlay-gradient":""},"mobile":{"background-color":"","background-image":"","background-repeat":"repeat","background-position":"center center","background-size":"auto","background-attachment":"scroll","background-type":"","background-media":"","overlay-type":"","overlay-color":"","overlay-opacity":"","overlay-gradient":""}},"ast-content-background-meta":{"desktop":{"background-color":"var(--ast-global-color-5)","background-image":"","background-repeat":"repeat","background-position":"center center","background-size":"auto","background-attachment":"scroll","background-type":"","background-media":"","overlay-type":"","overlay-color":"","overlay-opacity":"","overlay-gradient":""},"tablet":{"background-color":"var(--ast-global-color-5)","background-image":"","background-repeat":"repeat","background-position":"center center","background-size":"auto","background-attachment":"scroll","background-type":"","background-media":"","overlay-type":"","overlay-color":"","overlay-opacity":"","overlay-gradient":""},"mobile":{"background-color":"var(--ast-global-color-5)","background-image":"","background-repeat":"repeat","background-position":"center center","background-size":"auto","background-attachment":"scroll","background-type":"","background-media":"","overlay-type":"","overlay-color":"","overlay-opacity":"","overlay-gradient":""}},"footnotes":""},"class_list":["post-2006","page","type-page","status-publish","hentry"],"_links":{"self":[{"href":"https:\/\/upa-pack.de\/fr\/wp-json\/wp\/v2\/pages\/2006","targetHints":{"allow":["GET"]}}],"collection":[{"href":"https:\/\/upa-pack.de\/fr\/wp-json\/wp\/v2\/pages"}],"about":[{"href":"https:\/\/upa-pack.de\/fr\/wp-json\/wp\/v2\/types\/page"}],"author":[{"embeddable":true,"href":"https:\/\/upa-pack.de\/fr\/wp-json\/wp\/v2\/users\/4"}],"replies":[{"embeddable":true,"href":"https:\/\/upa-pack.de\/fr\/wp-json\/wp\/v2\/comments?post=2006"}],"version-history":[{"count":4,"href":"https:\/\/upa-pack.de\/fr\/wp-json\/wp\/v2\/pages\/2006\/revisions"}],"predecessor-version":[{"id":2192,"href":"https:\/\/upa-pack.de\/fr\/wp-json\/wp\/v2\/pages\/2006\/revisions\/2192"}],"wp:attachment":[{"href":"https:\/\/upa-pack.de\/fr\/wp-json\/wp\/v2\/media?parent=2006"}],"curies":[{"name":"wp","href":"https:\/\/api.w.org\/{rel}","templated":true}]}}