{"id":2003,"date":"2024-12-10T08:28:47","date_gmt":"2024-12-10T07:28:47","guid":{"rendered":"https:\/\/upa-pack.de\/verpackungsloesungen-in-muenchen\/"},"modified":"2025-05-15T20:31:23","modified_gmt":"2025-05-15T18:31:23","slug":"solutions-demballage-a-munich","status":"publish","type":"page","link":"https:\/\/upa-pack.de\/fr\/solutions-demballage-a-munich\/","title":{"rendered":"Solutions d&#8217;emballage \u00e0 Munich"},"content":{"rendered":"\n\n\t\t\t<p><b>Qualit\u00e9 et durabilit\u00e9 avec UPA PACK<\/b><\/p>\t\n\t<h2>\n\t\t\t\tSolutions d&#8217;emballage \u00e0 Munich\n\t\t\t<\/h2>\n\t<p>Munich, p\u00f4le d&#8217;innovation et centre \u00e9conomique de la Bavi\u00e8re, offre un paysage entrepreneurial vari\u00e9. UPA PACK soutient les entreprises de Munich avec des solutions d&#8217;emballage sur mesure qui allient efficacit\u00e9, s\u00e9curit\u00e9 et durabilit\u00e9. Que vous travailliez dans le domaine de la technologie, du commerce ou de la production, nous vous fournissons l&#8217;emballage adapt\u00e9 \u00e0 vos besoins.<\/p>\n\t<h2>\n\t\t\t\tNos solutions d&#8217;emballage pour les entreprises \u00e0 Munich\n\t\t\t<\/h2>\n<h3>\n\t\tUPA PACK propose des produits d&#8217;emballage sp\u00e9cialement adapt\u00e9s aux besoins des entreprises de Munich :\n\t<\/h3>\n\t<ul>\n<li><b>Corni\u00e8res de protection et accessoires pour palettes :<\/b><b><br \/>\n<\/b>Nos solutions de protection des ar\u00eates offrent une protection maximale pour les ar\u00eates sensibles de vos produits. \u00c0 souligner : les corni\u00e8res autocollantes avec bande adh\u00e9sive amovible ou rev\u00eatement thermofusible, qui minimisent l&#8217;utilisation de film \u00e9tirable et sont donc plus durables.<\/li>\n<\/ul>\n\t<ul>\n<li><b>Solutions d&#8217;emballage pour produits fragiles :<\/b><b><br \/>\n<\/b>Qu&#8217;il s&#8217;agisse d&#8217;appareils \u00e9lectroniques, de machines ou de verre, nous proposons des emballages qui prot\u00e8gent de mani\u00e8re optimale m\u00eame les produits les plus fragiles.<\/li>\n<\/ul>\n\t<ul>\n<li aria-level=\"\u00ab\"><b>Tubes en papier dur et tubes d&#8217;exp\u00e9dition :<\/b><b><br \/>\n<\/b>Nos tubes en papier dur garantissent la stabilit\u00e9 et la s\u00e9curit\u00e9 lors du transport et du stockage de vos marchandises. Polyvalents et personnalisables, ils sont parfaitement adapt\u00e9s au paysage entrepreneurial munichois.<\/li>\n<\/ul>\n\t<ul>\n<li><b>Solutions d&#8217;emballage durables :<\/b><b><br \/>\n<\/b>Munich mise davantage sur des alternatives respectueuses de l&#8217;environnement. Nos emballages recyclables vous aident \u00e0 atteindre vos objectifs en mati\u00e8re de d\u00e9veloppement durable et \u00e0 minimiser votre impact sur l&#8217;environnement.<\/li>\n<\/ul>\n\t\t\t<p>Histoire de r\u00e9ussite<\/p>\t\n\t<h2>\n\t\t\t\tDes solutions d&#8217;emballage durables pour une start-up munichoise\n\t\t\t<\/h2>\n\t<p>Une entreprise de commerce \u00e9lectronique en pleine croissance \u00e0 Munich recherchait des solutions d&#8217;emballage respectueuses de l&#8217;environnement, mais n\u00e9anmoins robustes et efficaces. UPA PACK a d\u00e9velopp\u00e9 une solution alliant des mat\u00e9riaux durables \u00e0 une stabilit\u00e9 maximale.<\/p>\n<p><b>R\u00e9sultat :<\/b><\/p>\n<ul>\n<li aria-level=\"\u00ab\">R\u00e9duction de 60 % des d\u00e9chets d&#8217;emballage.<\/li>\n<li aria-level=\"\u00ab\">Am\u00e9lioration de la satisfaction client gr\u00e2ce \u00e0 des emballages respectueux de l&#8217;environnement.<\/li>\n<li aria-level=\"\u00ab\">Renforcement de la marque en tant qu&#8217;entreprise durable \u00e0 Munich.<\/li>\n<\/ul>\n\t<h2>\n\t\t\t\tPourquoi UPA PACK est votre partenaire id\u00e9al \u00e0 Munich\n\t\t\t<\/h2>\n\t<p>Gr\u00e2ce \u00e0 notre longue exp\u00e9rience et \u00e0 notre proximit\u00e9 avec la r\u00e9gion de Munich, nous vous offrons de nombreux avantages :<\/p>\n\t\t<h3>\t\n\tSuivi personnalis\u00e9<\/h3><p>Des interlocuteurs directs sont \u00e0 votre disposition et vous garantissent une communication simple.<\/p>\n\t\t<h3>\t\n\tL&#8217;accent sur la durabilit\u00e9<\/h3><p>Nos solutions d&#8217;emballage \u00e9cologiques sont parfaitement adapt\u00e9es aux exigences des entreprises modernes de Munich.<\/p>\n\t\t<h3>\t\n\tLivraison rapide<\/h3><p>Notre logistique efficace vous garantit de recevoir vos emballages exactement quand vous en avez besoin.<\/p>\n\t<h2>\n\t\t\t\tFoire aux questions (FAQ)\n\t\t\t<\/h2>\n\t\t\t\t\t\t<h5>H\u00e4ufig gestellte Fragen (FAQ)<\/h5>\n\t\t\t<p>Oui, nos emballages sont conformes aux normes internationales et conviennent parfaitement \u00e0 une exportation en toute s\u00e9curit\u00e9.<\/p>\n\t\t\t\t\t\t<h5>Pouvez-vous concevoir des emballages pour des produits high-tech ?<\/h5>\n\t\t\t<p>Bien s\u00fbr ! Nos emballages sont sp\u00e9cialement con\u00e7us pour prot\u00e9ger les appareils \u00e9lectroniques fragiles et les produits high-tech.<\/p>\n\t\t\t\t\t\t<h5>Vos emballages sont-ils durables ?<\/h5>\n\t\t\t<p>Nos emballages recyclables sont fabriqu\u00e9s \u00e0 partir de mat\u00e9riaux respectueux de l&#8217;environnement et conviennent parfaitement aux entreprises qui accordent de l&#8217;importance \u00e0 la durabilit\u00e9.<\/p>\n\t\t\t\t\t\t<h5>Quel est votre d\u00e9lai de livraison \u00e0 Munich ?<\/h5>\n\t\t\t<p>Notre proximit\u00e9 avec la r\u00e9gion nous permet de livrer les emballages de mani\u00e8re flexible et rapide.<\/p>\n\t\t\t\t<a href=\"https:\/\/upa-pack.de\/app\/uploads\/2024\/12\/theatine-church-sunlight-cloudy-sky-munich-germany-scaled.jpg\"  target=\"_self\" itemprop=\"url\">\n\t\t\t\t<img decoding=\"async\" src=\"https:\/\/upa-pack.de\/app\/uploads\/2024\/12\/theatine-church-sunlight-cloudy-sky-munich-germany-scaled.jpg\" alt=\"theatine-church-sunlight-cloudy-sky-munich-germany\" itemprop=\"image\" height=\"1428\" width=\"2048\" title=\"theatine-church-sunlight-cloudy-sky-munich-germany\" onerror=\"this.style.display='none'\"  \/>\n\t\t\t\t<\/a>\n\t<h2>\n\t\t\t\tKontaktieren Sie UPA PACK &#8211; Ihr Verpackungspartner in M\u00fcnchen\n\t\t\t<\/h2>\n\t<p>Vous avez des questions ou souhaitez obtenir un devis personnalis\u00e9 ? Notre \u00e9quipe se tient \u00e0 votre disposition pour discuter de vos besoins en mati\u00e8re d&#8217;emballage et vous proposer la solution la mieux adapt\u00e9e \u00e0 vos besoins \u00e0 Munich.<\/p>\n\t\t\t<a href=\"https:\/\/upa-pack.de\/fr\/contact\/\" target=\"_self\">\n\t\t\t\t\t\t\tEnvoyer la demande maintenant\n\t\t\t\t\t<\/a>\n\t<h2>\n\t\t\t\tPourquoi UPA PACK est votre partenaire id\u00e9al pour les solutions d&#8217;emballage \u00e0 Munich\n\t\t\t<\/h2>\n\t<p>Notre exp\u00e9rience, notre souci de la qualit\u00e9 et nos solutions d&#8217;emballage durables font de nous le choix id\u00e9al pour les entreprises de Munich. Que vous souhaitiez optimiser vos processus logistiques ou prot\u00e9ger vos produits, UPA PACK est le partenaire sur lequel vous pouvez compter.<\/p>\n\n","protected":false},"excerpt":{"rendered":"<p>Qualit\u00e9 et durabilit\u00e9 avec UPA PACK Solutions d&#8217;emballage \u00e0 Munich Munich, p\u00f4le d&#8217;innovation et centre \u00e9conomique de la Bavi\u00e8re, offre un paysage entrepreneurial vari\u00e9. UPA PACK soutient les entreprises de Munich avec des solutions d&#8217;emballage sur mesure qui allient efficacit\u00e9, s\u00e9curit\u00e9 et durabilit\u00e9. Que vous travailliez dans le domaine de la technologie, du commerce ou [&hellip;]<\/p>\n","protected":false},"author":4,"featured_media":0,"parent":0,"menu_order":0,"comment_status":"closed","ping_status":"closed","template":"","meta":{"site-sidebar-layout":"default","site-content-layout":"","ast-site-content-layout":"default","site-content-style":"default","site-sidebar-style":"default","ast-global-header-display":"","ast-banner-title-visibility":"","ast-main-header-display":"","ast-hfb-above-header-display":"","ast-hfb-below-header-display":"","ast-hfb-mobile-header-display":"","site-post-title":"","ast-breadcrumbs-content":"","ast-featured-img":"","footer-sml-layout":"","theme-transparent-header-meta":"","adv-header-id-meta":"","stick-header-meta":"","header-above-stick-meta":"","header-main-stick-meta":"","header-below-stick-meta":"","astra-migrate-meta-layouts":"set","ast-page-background-enabled":"default","ast-page-background-meta":{"desktop":{"background-color":"var(--ast-global-color-4)","background-image":"","background-repeat":"repeat","background-position":"center center","background-size":"auto","background-attachment":"scroll","background-type":"","background-media":"","overlay-type":"","overlay-color":"","overlay-opacity":"","overlay-gradient":""},"tablet":{"background-color":"","background-image":"","background-repeat":"repeat","background-position":"center center","background-size":"auto","background-attachment":"scroll","background-type":"","background-media":"","overlay-type":"","overlay-color":"","overlay-opacity":"","overlay-gradient":""},"mobile":{"background-color":"","background-image":"","background-repeat":"repeat","background-position":"center center","background-size":"auto","background-attachment":"scroll","background-type":"","background-media":"","overlay-type":"","overlay-color":"","overlay-opacity":"","overlay-gradient":""}},"ast-content-background-meta":{"desktop":{"background-color":"var(--ast-global-color-5)","background-image":"","background-repeat":"repeat","background-position":"center center","background-size":"auto","background-attachment":"scroll","background-type":"","background-media":"","overlay-type":"","overlay-color":"","overlay-opacity":"","overlay-gradient":""},"tablet":{"background-color":"var(--ast-global-color-5)","background-image":"","background-repeat":"repeat","background-position":"center center","background-size":"auto","background-attachment":"scroll","background-type":"","background-media":"","overlay-type":"","overlay-color":"","overlay-opacity":"","overlay-gradient":""},"mobile":{"background-color":"var(--ast-global-color-5)","background-image":"","background-repeat":"repeat","background-position":"center center","background-size":"auto","background-attachment":"scroll","background-type":"","background-media":"","overlay-type":"","overlay-color":"","overlay-opacity":"","overlay-gradient":""}},"footnotes":""},"class_list":["post-2003","page","type-page","status-publish","hentry"],"_links":{"self":[{"href":"https:\/\/upa-pack.de\/fr\/wp-json\/wp\/v2\/pages\/2003","targetHints":{"allow":["GET"]}}],"collection":[{"href":"https:\/\/upa-pack.de\/fr\/wp-json\/wp\/v2\/pages"}],"about":[{"href":"https:\/\/upa-pack.de\/fr\/wp-json\/wp\/v2\/types\/page"}],"author":[{"embeddable":true,"href":"https:\/\/upa-pack.de\/fr\/wp-json\/wp\/v2\/users\/4"}],"replies":[{"embeddable":true,"href":"https:\/\/upa-pack.de\/fr\/wp-json\/wp\/v2\/comments?post=2003"}],"version-history":[{"count":4,"href":"https:\/\/upa-pack.de\/fr\/wp-json\/wp\/v2\/pages\/2003\/revisions"}],"predecessor-version":[{"id":2195,"href":"https:\/\/upa-pack.de\/fr\/wp-json\/wp\/v2\/pages\/2003\/revisions\/2195"}],"wp:attachment":[{"href":"https:\/\/upa-pack.de\/fr\/wp-json\/wp\/v2\/media?parent=2003"}],"curies":[{"name":"wp","href":"https:\/\/api.w.org\/{rel}","templated":true}]}}