{"id":1989,"date":"2022-11-08T17:35:29","date_gmt":"2022-11-08T16:35:29","guid":{"rendered":"https:\/\/upa-pack.de\/kontakt\/"},"modified":"2025-11-19T14:29:36","modified_gmt":"2025-11-19T13:29:36","slug":"contact","status":"publish","type":"page","link":"https:\/\/upa-pack.de\/fr\/contact\/","title":{"rendered":"Contact"},"content":{"rendered":"\n\n\t\t\t<p>Misez sur notre force<\/p>\t\n\t<h2>\n\t\t\t\tVotre satisfaction est notre objectif\n\t\t\t<\/h2>\n\t<h2>\n\t\t\t\tNotre formulaire de demande\n\t\t\t<\/h2>\n\t<h2>\n\t\t\t\tVous pouvez \u00e9galement utiliser notre formulaire de contact classique :\n\t\t\t<\/h2>\n\t\t\t<p>Votre contact chez UPA PACK GmbH<\/p>\t\n\t<h2>\n\t\t\t\tNous trouvons la protection adapt\u00e9e\n\t\t\t<\/h2>\n\tVous recherchez des corni\u00e8res et des manchons de protection de haute qualit\u00e9 en carton compact ou vous avez des questions sur nos produits ? N&#8217;h\u00e9sitez pas \u00e0 nous contacter ! Nous nous ferons un plaisir de vous conseiller personnellement.<br \/>\nEnsemble, nous trouverons la protection adapt\u00e9e \u00e0 votre produit &#8211; mettez-nous au d\u00e9fi !\n\t<strong>UPA PACK GmbH<\/strong><br \/>\nCarl-Zeiss-Stra\u00dfe 5<br \/>\n56751 Polch<br \/>\nT\u00e9l\u00e9phone: <a href=\"tel:+4902654962540\">+49 (0) 2654 96 254-0<\/a><br \/>\nCourriel: <a href=\"mailto:info@upa-pack.de\">info@upa-pack.de<\/a>\n\t<p><iframe src=\"https:\/\/www.google.com\/maps\/embed?pb=!1m18!1m12!1m3!1d7207.159793236776!2d7.309908176201832!3d50.30843137059147!2m3!1f0!2f0!3f0!3m2!1i1024!2i768!4f13.1!3m3!1m2!1s0x47be5d198dc75f35%3A0x543629e5b60e75d3!2sCarl-Zeiss-Stra%C3%9Fe%205%2C%2056751%20Polch%2C%20Deutschland!5e0!3m2!1sde!2sua!4v1668586693026!5m2!1sde!2sua\" width=\"100%\" height=\"400\" allowfullscreen=\"allowfullscreen\"><\/iframe><\/p>\n\n","protected":false},"excerpt":{"rendered":"<p>Misez sur notre force Votre satisfaction est notre objectif Notre formulaire de demande Vous pouvez \u00e9galement utiliser notre formulaire de contact classique : Votre contact chez UPA PACK GmbH Nous trouvons la protection adapt\u00e9e Vous recherchez des corni\u00e8res et des manchons de protection de haute qualit\u00e9 en carton compact ou vous avez des questions sur [&hellip;]<\/p>\n","protected":false},"author":3,"featured_media":0,"parent":0,"menu_order":0,"comment_status":"closed","ping_status":"closed","template":"","meta":{"site-sidebar-layout":"default","site-content-layout":"","ast-site-content-layout":"default","site-content-style":"default","site-sidebar-style":"default","ast-global-header-display":"","ast-banner-title-visibility":"","ast-main-header-display":"","ast-hfb-above-header-display":"","ast-hfb-below-header-display":"","ast-hfb-mobile-header-display":"","site-post-title":"","ast-breadcrumbs-content":"","ast-featured-img":"","footer-sml-layout":"","theme-transparent-header-meta":"","adv-header-id-meta":"","stick-header-meta":"","header-above-stick-meta":"","header-main-stick-meta":"","header-below-stick-meta":"","astra-migrate-meta-layouts":"set","ast-page-background-enabled":"default","ast-page-background-meta":{"desktop":{"background-color":"var(--ast-global-color-4)","background-image":"","background-repeat":"repeat","background-position":"center center","background-size":"auto","background-attachment":"scroll","background-type":"","background-media":"","overlay-type":"","overlay-color":"","overlay-opacity":"","overlay-gradient":""},"tablet":{"background-color":"","background-image":"","background-repeat":"repeat","background-position":"center center","background-size":"auto","background-attachment":"scroll","background-type":"","background-media":"","overlay-type":"","overlay-color":"","overlay-opacity":"","overlay-gradient":""},"mobile":{"background-color":"","background-image":"","background-repeat":"repeat","background-position":"center center","background-size":"auto","background-attachment":"scroll","background-type":"","background-media":"","overlay-type":"","overlay-color":"","overlay-opacity":"","overlay-gradient":""}},"ast-content-background-meta":{"desktop":{"background-color":"var(--ast-global-color-5)","background-image":"","background-repeat":"repeat","background-position":"center center","background-size":"auto","background-attachment":"scroll","background-type":"","background-media":"","overlay-type":"","overlay-color":"","overlay-opacity":"","overlay-gradient":""},"tablet":{"background-color":"var(--ast-global-color-5)","background-image":"","background-repeat":"repeat","background-position":"center center","background-size":"auto","background-attachment":"scroll","background-type":"","background-media":"","overlay-type":"","overlay-color":"","overlay-opacity":"","overlay-gradient":""},"mobile":{"background-color":"var(--ast-global-color-5)","background-image":"","background-repeat":"repeat","background-position":"center center","background-size":"auto","background-attachment":"scroll","background-type":"","background-media":"","overlay-type":"","overlay-color":"","overlay-opacity":"","overlay-gradient":""}},"footnotes":""},"class_list":["post-1989","page","type-page","status-publish","hentry"],"_links":{"self":[{"href":"https:\/\/upa-pack.de\/fr\/wp-json\/wp\/v2\/pages\/1989","targetHints":{"allow":["GET"]}}],"collection":[{"href":"https:\/\/upa-pack.de\/fr\/wp-json\/wp\/v2\/pages"}],"about":[{"href":"https:\/\/upa-pack.de\/fr\/wp-json\/wp\/v2\/types\/page"}],"author":[{"embeddable":true,"href":"https:\/\/upa-pack.de\/fr\/wp-json\/wp\/v2\/users\/3"}],"replies":[{"embeddable":true,"href":"https:\/\/upa-pack.de\/fr\/wp-json\/wp\/v2\/comments?post=1989"}],"version-history":[{"count":11,"href":"https:\/\/upa-pack.de\/fr\/wp-json\/wp\/v2\/pages\/1989\/revisions"}],"predecessor-version":[{"id":3591,"href":"https:\/\/upa-pack.de\/fr\/wp-json\/wp\/v2\/pages\/1989\/revisions\/3591"}],"wp:attachment":[{"href":"https:\/\/upa-pack.de\/fr\/wp-json\/wp\/v2\/media?parent=1989"}],"curies":[{"name":"wp","href":"https:\/\/api.w.org\/{rel}","templated":true}]}}