{"id":1985,"date":"2022-11-11T15:12:42","date_gmt":"2022-11-11T14:12:42","guid":{"rendered":"https:\/\/upa-pack.de\/agb\/"},"modified":"2025-11-19T14:28:17","modified_gmt":"2025-11-19T13:28:17","slug":"agb","status":"publish","type":"page","link":"https:\/\/upa-pack.de\/fr\/agb\/","title":{"rendered":"AGB"},"content":{"rendered":"\n\n\t<p><b>Allgemeine Gesch\u00e4ftsbedingungen der Firma UPA PACK GmbH <\/b><\/p>\n<p><b>\u00a7 1 Geltungsbereich <\/b><\/p>\n<p>(1) Diese Allgemeinen Gesch\u00e4ftsbedingungen der Firma UPA Pack GmbH, gelten ausschlie\u00dflich gegen\u00fcber Unternehmern, juristischen Personen des \u00f6ffentlichen Rechts oder \u00f6ffentlich-rechtlichen Sonderverm\u00f6gen im Sinne von \u00a7 310Absatz 1 BGB. Entgegenstehende oder von unseren Verkaufsbedingungenabweichende Bedingungen des Bestellers erkennen wir nur an, wenn wir ausdr\u00fccklich schriftlich der Geltung zustimmen.<\/p>\n<p>(2) Diese Allgemeinen Gesch\u00e4ftsbedingungen der Firma UPA Pack GmbH gelten auch f\u00fcr alle zuk\u00fcnftigen Gesch\u00e4fte mit dem Besteller, soweit es sich um Rechtsgesch\u00e4fte verwandter Art handelt.<\/p>\n<p><b>\u00a7 2 Angebot und Vertragsabschluss <\/b><\/p>\n<p>Sofern eine Bestellung als Angebot gem\u00e4\u00df \u00a7 145 BGB anzusehen ist, k\u00f6nnen wir diese innerhalb von zwei Wochen annehmen.<\/p>\n<p><b>\u00a7 3 \u00fcberlassene Unterlagen <\/b><\/p>\n<p>An allen in Zusammenhang mit der Auftragserteilung dem Besteller \u00fcberlassenen Unterlagen, wie z. B. Kalkulationen, Zeichnungen etc., behalten wir uns Eigentums- und Urheberrechte vor. Diese Unterlagen d\u00fcrfen Dritten nicht zug\u00e4nglich gemacht werden, es sei denn, wir erteilen dazu dem Besteller unsere ausdr\u00fcckliche schriftliche Zustimmung. Soweit wir das Angebot des Bestellers nicht innerhalb der Frist von \u00a7 2 annehmen, sind diese Unterlagen uns unverz\u00fcglich zur\u00fcckzusenden.<\/p>\n<p><b>\u00a7 4 Preise und Zahlung Stand: <\/b><\/p>\n<p>Juli 2019<\/p>\n<p>(1) Sofern nichts Gegenteiliges schriftlich vereinbart wird, gelten unsere Preise frei Haus ausschlie\u00dflich Zuschl\u00e4ge f\u00fcr gesonderte Vereinbarungen und zuz\u00fcglich Mehrwertsteuer in jeweils g\u00fcltiger H\u00f6he.<\/p>\n<p>(2) Die Zahlung des Kaufpreises hat ausschlie\u00dflich auf das umseitig genannte Konto zu erfolgen. Der Abzug von Skonto ist nur bei schriftlicher besonderer Vereinbarung zul\u00e4ssig.<\/p>\n<p>(3) Sofern nichts anderes vereinbart wird, ist der Kaufpreis innerhalb von 10 Tagen nach Rechnungserstellung zahlbar. Verzugszinsen werden in H\u00f6he von 8 % \u00fcber dem jeweiligen Basiszinssatz p.a. berechnet. Die Geltendmachung eines h\u00f6heren Verzugsschaden bleibt vorbehalten.<\/p>\n<p>(4) Sofern keine Festpreisabrede getroffen wurde, bleiben angemessene Preis\u00e4nderungen wegen ver\u00e4nderter Lohn-, Material- und Vertriebskosten f\u00fcr Lieferungen, die 3 Monate oder sp\u00e4ter nach Vertragsabschluss erfolgen, vorbehalten.<\/p>\n<p>Unsere Angebote sind jeweils g\u00fcltig bis zu Ablauf des angegeben G\u00fcltigkeitsdatum.<\/p>\n<p>Eine Verl\u00e4ngerung des G\u00fcltigkeitszeitraumes bedarf der Schriftform. Die Firma UPA PACK ist berechtigt bei l\u00e4ngerfristigen Rahmenvereinbarungen\/\u00a0 Kontrakten die Preise entsprechend den Preisschwankungen am Rohstoff-markt, quartalsweise anzupassen. Bezugsbasis hierf\u00fcr ist der EUWID Preisindex f\u00fcr H\u00fclsenkarton 250 J\/qm, 0,7mm.<\/p>\n<p><b>\u00a7 5 Aufrechnung und Zur\u00fcckbehaltungsrechte<\/b><\/p>\n<p>Dem Besteller steht das Recht zur Aufrechnung nur zu, wenn seine Gegenanspr\u00fcche rechtskr\u00e4ftig festgestellt oder unbestritten sind. Zur Aus\u00fcbung eines Zur\u00fcckbehaltungsrechts ist der Besteller nur insoweit befugt, als sein Gegenanspruch auf dem gleichen Vertragsverh\u00e4ltnis beruht.<\/p>\n<p><b>\u00a7 6 Lieferzeit, Annahmeverzug <\/b><\/p>\n<p>(1) Die Lieferfrist wird individuell vereinbart bzw. von uns bei Annahme der Bestellung angegeben. Sofern dies nicht der Fall ist, betr\u00e4gt die Lieferfrist ca. 10 Arbeitstage ab Vertragsschluss.<\/p>\n<p>(2) Der Beginn der von uns angegebenen Lieferzeit setzt die rechtzeitige und ordnungsgem\u00e4\u00dfe Erf\u00fcllung der Verpflichtungen des Bestellers voraus.<\/p>\n<p>(3) Sofern wir verbindliche Lieferfristen aus Gr\u00fcnden, die wir nicht zu vertreten haben, nicht einhalten k\u00f6nnen (Nichtverf\u00fcgbarkeit der Leistung), werden wir den Besteller hier\u00fcber unverz\u00fcglich informieren und gleichzeitig die voraussichtliche, neue Lieferfrist mitteilen. Ist die Leistung auch innerhalb der neuen Lieferfrist nicht verf\u00fcgbar, sind wir berechtigt, ganz oder teilweise vom Vertrag zur\u00fcckzutreten; eine bereits erbrachte Gegenleistung des Bestellers werden wir unverz\u00fcglich erstatten. Als Fall der Nichtverf\u00fcgbarkeit der Leistung in diesem Sinne gilt insbesondere die nicht rechtzeitige Selbstbelieferung durch unseren Zulieferer, wenn wir ein kongruentes Deckungsgesch\u00e4ft abgeschlossen haben, weder uns noch unseren Zulieferer ein Verschulden trifft oder wir im Einzelfall zur Beschaffung nicht verpflichtet sind.<\/p>\n<p>(4) Im \u00dcbrigen bestimmt sich der Eintritt unseres Lieferverzugs nach den gesetzlichen Vorschriften. In jedem Fall ist aber eine Mahnung durch den K\u00e4ufer erforderlich<\/p>\n<p>(5) Kommt Annahmeverzug Stand: Juli 2019 der Besteller oder verletzt in er schuldhaft sonstige Mitwirkungspflichten, so sind wir berechtigt, den uns insoweit entstehenden Schaden, einschlie\u00dflich etwaiger Mehraufwendungen ersetzt zu verlangen. Weitergehende Anspr\u00fcche bleiben vorbehalten. Sofern vorstehende Voraussetzungen vorliegen, geht die Gefahr eines zuf\u00e4lligen Untergangs oder einer zuf\u00e4lligen Verschlechterung der Kaufsache in dem Zeitpunkt auf den Besteller \u00fcber, in dem dieser in Annahmeverzug geraten ist.<\/p>\n<p><b>\u00a7 7 Gefahr\u00fcbergang bei Versendung, Transportsch\u00e4den<\/b><\/p>\n<p>Wird die Ware auf Wunsch des Bestellers an diesen versandt, so geht mit der Absendung an den Besteller, sp\u00e4testens mit Verlassen des Werks\/Lagers die Gefahr des zuf\u00e4lligen Untergangs oder der zuf\u00e4lligen Verschlechterung der Ware auf den Besteller \u00fcber. Dies gilt unabh\u00e4ngig davon, ob die Versendung der Ware vom Erf\u00fcllungsort erfolgt oder wer die Frachtkosten tr\u00e4gt. Auf dem Transport abhanden gekommene oder besch\u00e4digte Waren werden von uns nur aufgrund einer neuen Bestellung gegen Berechnung der jeweils g\u00fcltigen Preise ersetzt. Abweichungen von dem Lieferschein oder der Rechnung sind uns sofort nach Empfang der Ware schriftlich zu melden. Auf dem Transportweg entstandene Sch\u00e4den sind unter Beachtung der erforderlichen Sorgfalt im eigenen Interesse vom jeweiligen Transportunternehmen bescheinigen zu lassen, damit gegebenenfalls Regressanspr\u00fcche geltend gemacht werden k\u00f6nnen.<\/p>\n<p><b>\u00a7 8 Eigentumsvorbehalt <\/b><\/p>\n<p>(1) Wir behalten uns das Eigentum an der gelieferten Sache bis zur vollst\u00e4ndigen Zahlung s\u00e4mtlicher Forderungen aus dem Liefervertrag vor. Dies gilt auch f\u00fcr alle zuk\u00fcnftigen Lieferungen, auch wenn wir uns nicht stets ausdr\u00fccklich hierauf berufen. Wir sind berechtigt, die Kaufsache zur\u00fcckzunehmen, wenn der Besteller sich vertragswidrig verh\u00e4lt.<\/p>\n<p>(2) Der Besteller ist verpflichtet, solange das Eigentum noch nicht auf ihn \u00fcbergegangen ist, die Kaufsache pfleglich zu behandeln. Insbesondere ist er verpflichtet, diese auf eigene Kosten gegen Diebstahl-, Feuer- und Wassersch\u00e4den ausreichend zum Neuwert zu versichern (Hinweis: nur zul\u00e4ssig bei Verkauf hochwertiger G\u00fcter). M\u00fcssen Wartungs- und lnspektionsarbeiten durchgef\u00fchrt werden, hat der Besteller diese auf eigene Kosten rechtzeitig auszuf\u00fchren. Solange das Eigentum noch nicht \u00fcbergegangen ist, hat uns der Besteller unverz\u00fcglich schriftlich zu benachrichtigen, wenn der gelieferte Gegenstand gepf\u00e4ndet oder sonstigen Eingriffen Dritter ausgesetzt ist. Soweit der Dritte nicht in der Lage ist, uns die gerichtlichen und au\u00dfergerichtlichen Kosten einer Klage gem\u00e4\u00df \u00a7 771 ZPO zu erstatten, haftet der Besteller f\u00fcr den uns entstandenen Ausfall.<\/p>\n<p>(3) Der Besteller ist zur Weiterver\u00e4u\u00dferung der Vorbehaltsware im normalen Gesch\u00e4ftsverkehr berechtigt. Die Forderungen des Abnehmers aus der Weiterver\u00e4u\u00dferung der Vorbehaltsware tritt der Besteller schon jetzt an uns in H\u00f6he des mit uns vereinbarten FakturaEndbetrages (einschlie\u00dflich Mehrwertsteuer) ab. Diese Abtretung gilt unabh\u00e4ngig davon, ob die Kaufsache ohne oder nach Verarbeitung weiterverkauft worden ist. Der Besteller bleibt zur Einziehung der Forderung auch nach der Abtretung erm\u00e4chtigt. Unsere Befugnis, die Forderung selbst einzuziehen, bleibt davon unber\u00fchrt. Wir werden jedoch die Forderung nicht einziehen, solange der Besteller seinen Zahlungsverpflichtungen aus den vereinnahmten Erl\u00f6sen nachkommt, nicht Stand: Juli 2019 in Zahlungsverzug ist und insbesondere kein Antrag auf Er\u00f6ffnung eines Insolvenzverfahrens gestellt ist oder Zahlungseinstellung vorliegt.<\/p>\n<p>(4) Die Be- und Verarbeitung oder Umbildung der Kaufsache durch den Besteller erfolgt stets Namens und im Auftrag f\u00fcr uns. In diesem Fall setzt sich das Anwartschaftsrecht des Bestellers an der Kaufsache an der umgebildeten Sache fort. Sofern die Kaufsache mit anderen, uns nicht geh\u00f6renden Gegenst\u00e4nden verarbeitet wird, erwerben wir das Miteigentum an der neuen Sache im Verh\u00e4ltnis des objektiven Wertes unserer Kaufsache zu den anderen bearbeiteten Gegenst\u00e4nden zur Zeit der Verarbeitung. Dasselbe gilt f\u00fcr den Fall der Vermischung. Sofern die Vermischung in der Weise erfolgt, dass die Sache des Bestellers als Hauptsache anzusehen ist, gilt als vereinbart, dass der Besteller uns anteilm\u00e4\u00dfig Miteigentum \u00fcbertr\u00e4gt und das so entstandene Alleineigentum oder Miteigentum f\u00fcr uns verwahrt. Zur Sicherung unserer Forderungen gegen den Besteller tritt der Besteller auch solche Forderungen an uns ab, die ihm durch die Verbindung der Vorbehaltsware mit einem Grundst\u00fcck gegen einen Dritten erwachsen; wir nehmen diese Abtretung schon jetzt an.<\/p>\n<p>(5) Wir verpflichten uns, die uns zustehenden Sicherheiten auf Verlangen des Bestellers freizugeben, soweit ihr Wert die zu sichernden Forderungen um mehr als 20 % \u00fcbersteigt.<\/p>\n<p><b>\u00a7 9 Gew\u00e4hrleistung und M\u00e4ngelr\u00fcge sowie R\u00fcckgriff\/Herstellerregress <\/b><\/p>\n<p>(1) Gew\u00e4hrleistungsrechte des Bestellers setzen voraus, dass dieser seinen nach \u00a7 377 HGB geschuldeten Untersuchungsund R\u00fcgeobliegenheiten ordnungsgem\u00e4\u00df nachgekommen ist.<\/p>\n<p>(2) M\u00e4ngelanspr\u00fcche verj\u00e4hren in 12 Monaten nach erfolgter Ablieferung der von uns gelieferten Ware bei unserem Besteller. Vor etwaiger R\u00fccksendung der Ware ist unsere Zustimmung einzuholen. Der Kunde hat die Vertragsgem\u00e4\u00dfheit der gelieferten Ware sowie der zur Korrektur \u00fcbersandten Vor-, Zwischen- und Haupterzeugnisse unverz\u00fcglich nach Empfang am Bestimmungsort zu pr\u00fcfen und etwaige M\u00e4ngel unverz\u00fcglich schriftlich anzuzeigen. Der Kunde hat die Vertragsgem\u00e4\u00dfheit der gelieferten Ware sowie der zur Korrektur \u00fcbersandten Vor-, Zwischen- und Haupterzeugnisse unverz\u00fcglich nach Empfang am Bestimmungsort zu pr\u00fcfen und etwaige M\u00e4ngel unverz\u00fcglich schriftlich anzuzeigen. Bei Ausfallmustern muss die Ware nach Erhalt des Ausfallmusters innerhalb einer Woche gepr\u00fcft werden. Entspricht die von uns gelieferte Ware dem vom Kunden freigegebenen Ausfallmuster oder den vom Kunden nicht beanstandeten Vor- und Zwischenerzeugnissen, so entspricht die Ware der vereinbarten Beschaffenheit. Das Gleiche gilt f\u00fcr alle sonstigen Freigabeerkl\u00e4rungen des Kunden zur weiteren Herstellung.<\/p>\n<p>(3) Ma\u00dfgeblich f\u00fcr die von uns geschuldete Beschaffenheit des Liefergegenstandes ist vorrangig der Inhalt unserer Auftragsbest\u00e4tigung. Sollte trotz aller aufgewendeter Sorgfalt die gelieferte Ware einen Mangel aufweisen, der bereits zum Zeitpunkt des Gefahr\u00fcbergangs vorlag, so werden wir die Ware, vorbehaltlich fristgerechter M\u00e4ngelr\u00fcge nach unserer Wahl nachbessern oder Ersatzware liefern. Stand: Juli 2019 Bei gr\u00f6\u00dferen Lieferungen gleichartiger G\u00fcter kann die gesamte angelieferte Charge nur dann als mangelhaft zur\u00fcckgeliefert werden, wenn die M\u00e4ngel mittels einer Stichprobe mit einem Stichprobenumfang nach DIN ISO 11093- 1 festgestellt wurden. Es ist uns stets Gelegenheit zur Nacherf\u00fcllung innerhalb angemessener Frist zu geben. R\u00fcckgriffsanspr\u00fcche bleiben von vorstehender Regelung ohne Einschr\u00e4nkung unber\u00fchrt.<\/p>\n<p>(4) Schl\u00e4gt die Nacherf\u00fcllung fehl, kann der Besteller &#8211; unbeschadet etwaiger Schadensersatzanspr\u00fcche &#8211; vom Vertrag zur\u00fccktreten oder die Verg\u00fctung mindern.<\/p>\n<p>(5) M\u00e4ngelanspr\u00fcche bestehen nicht bei nur unerheblicher Abweichung von der vereinbarten Beschaffenheit, bei nur unerheblicher Beeintr\u00e4chtigung der Brauchbarkeit, bei nat\u00fcrlicher Abnutzung oder Verschlei\u00df wie bei Sch\u00e4den, die nach dem Gefahr\u00fcbergang infolge fehlerhafter oder nachl\u00e4ssiger Behandlung, \u00fcberm\u00e4\u00dfiger Beanspruchung, ungeeigneter Betriebsmittel, mangelhafter Bauarbeiten, ungeeigneten Baugrundes oder aufgrund besonderer \u00e4u\u00dferer Einfl\u00fcsse entstehen, die nach dem Vertrag nicht vorausgesetzt sind. Werden vom Besteller oder Dritten unsachgem\u00e4\u00df Instandsetzungsarbeiten oder \u00c4nderungen vorgenommen, so bestehen f\u00fcr diese und die daraus entstehenden Folgen ebenfalls keine M\u00e4ngelanspr\u00fcche.<\/p>\n<p>(6) Anspr\u00fcche des Bestellers wegen der zum Zweck der Nacherf\u00fcllung erforderlichen Aufwendungen, insbesondere Transport-, Wege-, Arbeitsund Materialkosten, sind ausgeschlossen, soweit die Aufwendungen sich erh\u00f6hen, weil die von uns gelieferte Ware nachtr\u00e4glich an einen anderen Ort als die Niederlassung des Bestellers verbracht worden ist, es sei denn, die Verbringung entspricht ihrem bestimmungsgem\u00e4\u00dfen Gebrauch.<\/p>\n<p>(7) R\u00fcckgriffsanspr\u00fcche des Bestellers gegen uns bestehen nur insoweit, als der Besteller mit seinem Abnehmer keine \u00fcber die gesetzlich zwingenden M\u00e4ngelanspr\u00fcche hinausgehenden Vereinbarungen getroffen hat. F\u00fcr den Umfang des R\u00fcckgriffsanspruches des Bestellers gegen den Lieferer gilt ferner Absatz 6 entsprechend.<\/p>\n<p><b>\u00a7 10 Haftung <\/b><\/p>\n<p>(1) Wir haften f\u00fcr entstehende Sch\u00e4den lediglich, soweit diese auf einer Verletzung einer wesentlichen Vertragspflicht oder auf einem vors\u00e4tzlichen oder grob fahrl\u00e4ssigen Verhalten von uns, unserer gesetzlichen Vertreter oder Erf\u00fcllungsgehilfen beruhen. Wird eine wesentliche Vertragspflicht leicht fahrl\u00e4ssig verletzt, so ist unsere Haftung auf den vorhersehbaren vertragstypischen Schaden begrenzt. Eine wesentliche Vertragspflicht ist bei Verpflichtungen gegeben, deren Erf\u00fcllung die ordnungsgem\u00e4\u00dfe Durchf\u00fchrung des Vertrages erst m\u00f6glich macht oder auf deren Einhaltung der Kunde vertraut hat und vertrauen durfte.<\/p>\n<p>(2) Eine dar\u00fcber hinausgehende Haftung auf Schadensersatz ist ausgeschlossen. Die Haftung wegen schuldhafter Verletzung von Leben, K\u00f6rper oder Gesundheit nach den gesetzlichen Bestimmungen bleibt unber\u00fchrt. Dies gilt auch f\u00fcr die zwingende Haftung nach dem Produkthaftungsgesetz.<\/p>\n<p><b>\u00a7 11 Sonstiges <\/b><\/p>\n<p>(1) Dieser Vertrag und die gesamten Rechtsbeziehungen der Parteien unterliegen dem Recht der Bundesrepublik Stand: Juli 2019 Deutschland unter Ausschluss des UN-Kaufrechts (CISG).<\/p>\n<p>(2) Erf\u00fcllungsort und ausschlie\u00dflicher Gerichtsstand und f\u00fcr alle Streitigkeiten aus diesem Vertrag ist unser Gesch\u00e4ftssitz, sofern sich aus der Auftragsbest\u00e4tigung nichts anderes ergibt.<\/p>\n<p>(3) Alle Vereinbarungen, die zwischen den Parteien zwecks Ausf\u00fchrung dieses Vertrages getroffen werden, sind in diesem Vertrag schriftlich niedergelegt.<\/p>\n<p>(4) Sollten einzelne Bestimmungen dieses Vertrages unwirksam sein oder werden oder eine L\u00fccke enthalten, so bleiben die \u00fcbrigen Bestimmungen hiervon unber\u00fchrt. Die Parteien verpflichten sich, anstelle der unwirksamen Regelung eine solche gesetzlich zul\u00e4ssige Regelung zu treffen, die dem wirtschaftlichen Zweck der unwirksamen Regelung am n\u00e4chsten kommt, bzw. diese L\u00fccke ausf\u00fcllt.<\/p>\n<p>(5) Fertigungstoleranzen\/Ausf\u00fchrungen unserer Produkte Die Firma UPA Pack ist bestrebt Ihre Produkte in h\u00f6chstm\u00f6glicher Qualit\u00e4t f\u00fcr Ihre Kundschaft zu liefern. Die Ausf\u00fchrung unserer Produkte erfolgt nach dem allgemeinen Stand der Technik in branchen\u00fcblicher Qualit\u00e4t. F\u00fcr die Ma\u00dftoleranzen unserer Produkte sind die einschl\u00e4gigen DIN-ISO-Normen ma\u00dfgeblich. Spezifische Toleranzen und\/oder die Erf\u00fcllung besonderer Anforderungen an die Materialien bed\u00fcrfen stets einer besonderen Vereinbarung zwischen den Parteien.<\/p>\n<p>(6) Im Weiteren sind wir berechtigt je nach Rohstofflage am Markt andere, gleichwertige Rohstoffe einzusetzen.<\/p>\n<p>(7) Fertigungsmuster sind vom Kunden auf seine Kosten zu pr\u00fcfen und freizugeben. Auf etwaige M\u00e4ngel ist seitens des Kunden hinzuweisen. Entsprechen die von uns hergestellten Produkte den vom Kunden freigegeben Fertigungsmustern, so entsprechen sie bez\u00fcglich der in diesen Unterlagen niedergelegten Anforderungen der vertraglich vereinbarten Beschaffenheit zum Zeitpunkt des Gefahr\u00fcbergangs.<\/p>\n<p>(8) Soweit nicht anderslautend vereinbart, sind wir berechtigt, \u00dcber- oder Unterlieferungen bis zu 10 % vorzunehmen. Es werden jeweils die tats\u00e4chlich gelieferten Mengen abgerechnet.<\/p>\n<p>(9) Die Gewichtstoleranz betr\u00e4gt+\/- 8 %.<\/p>\n<p>(10) Lagerbedingungen unserer Produkte Unsere Produkte bed\u00fcrfen einer sach-, und fachgerechten Lagerung. Um die Eigenschaften unserer Produkte dauerhaft zu garantieren sind folgende Lagerbedingungen notwendig: 20-22 Grad Celsius sowie 50-55 % Luftfeuchtigkeit. Unsere Produkte sind au\u00dferdem vor direkter Feuchtigkeitseinwirkung zu sch\u00fctzen und in gut durchl\u00fcfteten Bereichen zu lagern.<\/p>\n<p><b>Stand: Juli 2019<\/b><\/p>\n\n","protected":false},"excerpt":{"rendered":"<p>Allgemeine Gesch\u00e4ftsbedingungen der Firma UPA PACK GmbH \u00a7 1 Geltungsbereich (1) Diese Allgemeinen Gesch\u00e4ftsbedingungen der Firma UPA Pack GmbH, gelten ausschlie\u00dflich gegen\u00fcber Unternehmern, juristischen Personen des \u00f6ffentlichen Rechts oder \u00f6ffentlich-rechtlichen Sonderverm\u00f6gen im Sinne von \u00a7 310Absatz 1 BGB. Entgegenstehende oder von unseren Verkaufsbedingungenabweichende Bedingungen des Bestellers erkennen wir nur an, wenn wir ausdr\u00fccklich schriftlich der [&hellip;]<\/p>\n","protected":false},"author":3,"featured_media":0,"parent":0,"menu_order":0,"comment_status":"closed","ping_status":"closed","template":"","meta":{"site-sidebar-layout":"default","site-content-layout":"","ast-site-content-layout":"default","site-content-style":"default","site-sidebar-style":"default","ast-global-header-display":"","ast-banner-title-visibility":"","ast-main-header-display":"","ast-hfb-above-header-display":"","ast-hfb-below-header-display":"","ast-hfb-mobile-header-display":"","site-post-title":"","ast-breadcrumbs-content":"","ast-featured-img":"","footer-sml-layout":"","theme-transparent-header-meta":"","adv-header-id-meta":"","stick-header-meta":"","header-above-stick-meta":"","header-main-stick-meta":"","header-below-stick-meta":"","astra-migrate-meta-layouts":"set","ast-page-background-enabled":"default","ast-page-background-meta":{"desktop":{"background-color":"var(--ast-global-color-4)","background-image":"","background-repeat":"repeat","background-position":"center center","background-size":"auto","background-attachment":"scroll","background-type":"","background-media":"","overlay-type":"","overlay-color":"","overlay-opacity":"","overlay-gradient":""},"tablet":{"background-color":"","background-image":"","background-repeat":"repeat","background-position":"center center","background-size":"auto","background-attachment":"scroll","background-type":"","background-media":"","overlay-type":"","overlay-color":"","overlay-opacity":"","overlay-gradient":""},"mobile":{"background-color":"","background-image":"","background-repeat":"repeat","background-position":"center center","background-size":"auto","background-attachment":"scroll","background-type":"","background-media":"","overlay-type":"","overlay-color":"","overlay-opacity":"","overlay-gradient":""}},"ast-content-background-meta":{"desktop":{"background-color":"var(--ast-global-color-5)","background-image":"","background-repeat":"repeat","background-position":"center center","background-size":"auto","background-attachment":"scroll","background-type":"","background-media":"","overlay-type":"","overlay-color":"","overlay-opacity":"","overlay-gradient":""},"tablet":{"background-color":"var(--ast-global-color-5)","background-image":"","background-repeat":"repeat","background-position":"center center","background-size":"auto","background-attachment":"scroll","background-type":"","background-media":"","overlay-type":"","overlay-color":"","overlay-opacity":"","overlay-gradient":""},"mobile":{"background-color":"var(--ast-global-color-5)","background-image":"","background-repeat":"repeat","background-position":"center center","background-size":"auto","background-attachment":"scroll","background-type":"","background-media":"","overlay-type":"","overlay-color":"","overlay-opacity":"","overlay-gradient":""}},"footnotes":""},"class_list":["post-1985","page","type-page","status-publish","hentry"],"_links":{"self":[{"href":"https:\/\/upa-pack.de\/fr\/wp-json\/wp\/v2\/pages\/1985","targetHints":{"allow":["GET"]}}],"collection":[{"href":"https:\/\/upa-pack.de\/fr\/wp-json\/wp\/v2\/pages"}],"about":[{"href":"https:\/\/upa-pack.de\/fr\/wp-json\/wp\/v2\/types\/page"}],"author":[{"embeddable":true,"href":"https:\/\/upa-pack.de\/fr\/wp-json\/wp\/v2\/users\/3"}],"replies":[{"embeddable":true,"href":"https:\/\/upa-pack.de\/fr\/wp-json\/wp\/v2\/comments?post=1985"}],"version-history":[{"count":5,"href":"https:\/\/upa-pack.de\/fr\/wp-json\/wp\/v2\/pages\/1985\/revisions"}],"predecessor-version":[{"id":2606,"href":"https:\/\/upa-pack.de\/fr\/wp-json\/wp\/v2\/pages\/1985\/revisions\/2606"}],"wp:attachment":[{"href":"https:\/\/upa-pack.de\/fr\/wp-json\/wp\/v2\/media?parent=1985"}],"curies":[{"name":"wp","href":"https:\/\/api.w.org\/{rel}","templated":true}]}}